{"id":11328,"date":"2021-01-22T10:27:26","date_gmt":"2021-01-22T08:27:26","guid":{"rendered":"https:\/\/dispocars.com\/%d0%bd%d0%b0%d1%87%d0%b0%d0%bb%d0%be\/"},"modified":"2021-06-30T10:09:05","modified_gmt":"2021-06-30T08:09:05","slug":"%d0%bd%d0%b0%d1%87%d0%b0%d0%bb%d0%be","status":"publish","type":"page","link":"https:\/\/disposervice.com\/ru\/","title":{"rendered":"\u041d\u0430\u0447\u0430\u043b\u043e"},"content":{"rendered":"<p>[vc_row full_width=&#187;stretch_row_content_no_spaces&#187; row_fullwidth=&#187;yes&#187; css=&#187;.vc_custom_1624380326821{padding-top: 150px !important;padding-bottom: 100px !important;background-image: url(https:\/\/disposervice.com\/wp-content\/uploads\/2021\/02\/delivery-van-parcel-shipment.jpg?id=14630) !important;background-position: center !important;background-repeat: no-repeat !important;background-size: cover !important;}&#187;][vc_column css=&#187;.vc_custom_1550221571756{padding-right: 0px !important;padding-left: 0px !important;}&#187;][vc_column_text]<\/p>\n<h2 style=\"text-align: center;\"><span style=\"color: #ffffff;\">\u0414\u043e\u0431\u0440\u043e \u043f\u043e\u0436\u0430\u043b\u043e\u0432\u0430\u0442\u044c!<\/span><\/h2>\n<h4 style=\"text-align: center;\"><span style=\"color: #ffffff;\">\u0427\u0442\u043e \u0434\u043e\u043b\u0436\u043d\u043e \u0431\u044b\u0442\u044c \u0441\u0434\u0435\u043b\u0430\u043d\u043e?<\/span><\/h4>\n<p>[\/vc_column_text][\/vc_column][\/vc_row][vc_row][vc_column width=&#187;1\/3&#8243;][vc_empty_space][vc_column_text]<img loading=\"lazy\" class=\"aligncenter wp-image-15060\" src=\"https:\/\/disposervice.com\/wp-content\/uploads\/2021\/06\/RU-.png\" alt=\"Lejupl\u0101d\u0113jiet DispoService mob\u012blo lietotni\" width=\"500\" height=\"559\" srcset=\"https:\/\/disposervice.com\/wp-content\/uploads\/2021\/06\/RU-.png 700w, https:\/\/disposervice.com\/wp-content\/uploads\/2021\/06\/RU--768x857.png 768w\" sizes=\"(max-width: 500px) 100vw, 500px\" \/>[\/vc_column_text][\/vc_column][vc_column width=&#187;1\/3&#8243;][vc_empty_space height=&#187;52px&#187;][\/vc_column][vc_column width=&#187;1\/3&#8243;][vc_empty_space height=&#187;100px&#187;][vc_column_text]<\/p>\n<h2 style=\"text-align: center;\">\u0417\u0430\u0433\u0440\u0443\u0437\u0438\u0442\u0435 \u043f\u0440\u0438\u043b\u043e\u0436\u0435\u043d\u0438\u0435 DispoService<\/h2>\n<p>[\/vc_column_text][vc_column_text]<img loading=\"lazy\" class=\"aligncenter wp-image-15075 size-full\" src=\"https:\/\/disposervice.com\/wp-content\/uploads\/2021\/06\/Download_on_the_App_Store_Badge_RU_RGB_blk_100317-11.png\" alt=\"Download the Russian version of DispoService on Apple Store. \" width=\"240\" height=\"81\" srcset=\"https:\/\/disposervice.com\/wp-content\/uploads\/2021\/06\/Download_on_the_App_Store_Badge_RU_RGB_blk_100317-11.png 240w, https:\/\/disposervice.com\/wp-content\/uploads\/2021\/06\/Download_on_the_App_Store_Badge_RU_RGB_blk_100317-11-768x259.png 768w\" sizes=\"(max-width: 240px) 100vw, 240px\" \/><br \/>\n<a href=\"https:\/\/play.google.com\/store\/apps\/details?id=com.osabus.disposervice&amp;hl=en&amp;gl=US\" target=\"_blank\" rel=\"noopener\"><img loading=\"lazy\" class=\"aligncenter wp-image-15090\" src=\"https:\/\/disposervice.com\/wp-content\/uploads\/2021\/06\/google-play-badge2.png\" alt=\"Lejupiel\u0101d\u0113jiet DispoService aplik\u0101ciju no Google Play. \" width=\"275\" height=\"106\" srcset=\"https:\/\/disposervice.com\/wp-content\/uploads\/2021\/06\/google-play-badge2.png 646w, https:\/\/disposervice.com\/wp-content\/uploads\/2021\/06\/google-play-badge2-768x297.png 768w\" sizes=\"(max-width: 275px) 100vw, 275px\" \/><\/a>[\/vc_column_text][\/vc_column][\/vc_row][vc_row full_width=&#187;stretch_row&#187;][vc_column css=&#187;.vc_custom_1543548162184{margin-bottom: -30px !important;}&#187;][vc_empty_space height=&#187;35px&#187;][vc_column_text]<\/p>\n<h2 style=\"text-align: center;\"><strong>\u041a\u0430\u043a \u044d\u0442\u043e \u0440\u0430\u0431\u043e\u0442\u0430\u0435\u0442?<\/strong><\/h2>\n<p>[\/vc_column_text][vc_empty_space height=&#187;20px&#187;][\/vc_column][\/vc_row][vc_row el_class=&#187;st-number-box&#187;][vc_column width=&#187;1\/3&#8243;][vc_row_inner][vc_column_inner width=&#187;1\/4&#8243;][vc_column_text el_class=&#187;st-number-circle&#187;]1[\/vc_column_text][\/vc_column_inner][vc_column_inner width=&#187;3\/4&#8243;][vc_column_text]<\/p>\n<h3>\u0421\u0434\u0435\u043b\u0430\u0439\u0442\u0435 \u0437\u0430\u043f\u0440\u043e\u0441<\/h3>\n<p>\u0417\u0430\u043a\u0430\u0436\u0438\u0442\u0435 \u0443\u0441\u043b\u0443\u0433\u0443, \u043a\u043e\u0442\u043e\u0440\u0443\u044e \u0432\u044b \u0438\u0449\u0435\u0442\u0435[\/vc_column_text][\/vc_column_inner][\/vc_row_inner][\/vc_column][vc_column width=&#187;1\/3&#8243;][vc_row_inner][vc_column_inner width=&#187;1\/4&#8243;][vc_column_text el_class=&#187;st-number-circle&#187;]2[\/vc_column_text][\/vc_column_inner][vc_column_inner width=&#187;3\/4&#8243;][vc_column_text]<\/p>\n<h3>\u041f\u043e\u043b\u0443\u0447\u0438\u0442\u0435 \u043f\u0440\u0435\u0434\u043b\u043e\u0436\u0435\u043d\u0438\u044f<\/h3>\n<p>\u041f\u043e\u043b\u0443\u0447\u0430\u0439\u0442\u0435 \u043f\u0440\u0435\u0434\u043b\u043e\u0436\u0435\u043d\u0438\u044f \u043e\u0442 \u0441\u043e\u0442\u0435\u043d \u043f\u043e\u0441\u0442\u0430\u0432\u0449\u0438\u043a\u043e\u0432 \u0443\u0441\u043b\u0443\u0433.[\/vc_column_text][\/vc_column_inner][\/vc_row_inner][\/vc_column][vc_column width=&#187;1\/3&#8243;][vc_row_inner][vc_column_inner width=&#187;1\/4&#8243;][vc_column_text el_class=&#187;st-number-circle&#187;]3[\/vc_column_text][\/vc_column_inner][vc_column_inner width=&#187;3\/4&#8243;][vc_column_text]<\/p>\n<h3>\u0412\u044b\u0431\u0435\u0440\u0438\u0442\u0435 \u0438 \u0437\u0430\u0431\u0440\u043e\u043d\u0438\u0440\u0443\u0439\u0442\u0435<\/h3>\n<p>\u0417\u0430\u0431\u0440\u043e\u043d\u0438\u0440\u0443\u0439\u0442\u0435 \u043f\u0440\u0435\u0434\u043b\u043e\u0436\u0435\u043d\u0438\u0435, \u043a\u043e\u0442\u043e\u0440\u043e\u0435 \u043f\u043e\u0434\u0445\u043e\u0434\u0438\u0442 \u0432\u0430\u043c \u0431\u043e\u043b\u044c\u0448\u0435 \u0432\u0441\u0435\u0433\u043e.[\/vc_column_text][\/vc_column_inner][\/vc_row_inner][\/vc_column][\/vc_row][vc_row][vc_column][vc_empty_space height=&#187;45px&#187;][vc_single_image image=&#187;14771&#8243; img_size=&#187;full&#187;][vc_empty_space height=&#187;40px&#187;][vc_empty_space height=&#187;15px&#187;][vc_column_text]<\/p>\n<h2 style=\"text-align: center;\"><strong>\u0412\u043e\u043f\u0440\u043e\u0441\u044b \u0438 \u043e\u0442\u0432\u0435\u0442\u044b<\/strong><\/h2>\n<p>[\/vc_column_text][\/vc_column][\/vc_row][vc_row][vc_column width=&#187;1\/2&#8243;][vc_column_text]<\/p>\n<h3><img loading=\"lazy\" class=\"alignnone size-full wp-image-10165\" src=\"https:\/\/dispocars.com\/wp-content\/uploads\/2021\/01\/faq-dispocars.png\" alt=\"\" width=\"35\" height=\"35\" srcset=\"https:\/\/disposervice.com\/wp-content\/uploads\/2021\/01\/faq-dispocars.png 35w, https:\/\/disposervice.com\/wp-content\/uploads\/2021\/01\/faq-dispocars-300x300.png 300w, https:\/\/disposervice.com\/wp-content\/uploads\/2021\/01\/faq-dispocars-1024x1024.png 1024w, https:\/\/disposervice.com\/wp-content\/uploads\/2021\/01\/faq-dispocars-150x150.png 150w, https:\/\/disposervice.com\/wp-content\/uploads\/2021\/01\/faq-dispocars-768x768.png 768w, https:\/\/disposervice.com\/wp-content\/uploads\/2021\/01\/faq-dispocars-1536x1536.png 1536w, https:\/\/disposervice.com\/wp-content\/uploads\/2021\/01\/faq-dispocars-2048x2048.png 2048w\" sizes=\"(max-width: 35px) 100vw, 35px\" \/> \u041a\u0430\u043a \u0437\u0430\u043a\u0430\u0437\u0430\u0442\u044c \u0442\u0440\u0430\u043d\u0441\u0444\u0435\u0440?<\/h3>\n<p>\u0421\u043b\u0435\u0434\u0443\u0439\u0442\u0435 \u0438\u043d\u0441\u0442\u0440\u0443\u043a\u0446\u0438\u044f\u043c \u0432 \u043d\u0430\u0448\u0435\u0439 \u0444\u043e\u0440\u043c\u0435 \u0434\u043b\u044f \u0431\u0440\u043e\u043d\u0438\u0440\u043e\u0432\u0430\u043d\u0438\u044f \u0438 \u0437\u0430\u043f\u043e\u043b\u043d\u0438\u0442\u0435 \u043f\u0443\u0441\u0442\u044b\u0435 \u043f\u043e\u043b\u044f.[\/vc_column_text][vc_empty_space height=&#187;20px&#187;][vc_separator][vc_empty_space height=&#187;1px&#187;][vc_column_text]<\/p>\n<h3><img loading=\"lazy\" class=\"alignnone size-full wp-image-10165\" src=\"https:\/\/dispocars.com\/wp-content\/uploads\/2021\/01\/faq-dispocars.png\" alt=\"\" width=\"35\" height=\"35\" srcset=\"https:\/\/disposervice.com\/wp-content\/uploads\/2021\/01\/faq-dispocars.png 35w, https:\/\/disposervice.com\/wp-content\/uploads\/2021\/01\/faq-dispocars-300x300.png 300w, https:\/\/disposervice.com\/wp-content\/uploads\/2021\/01\/faq-dispocars-1024x1024.png 1024w, https:\/\/disposervice.com\/wp-content\/uploads\/2021\/01\/faq-dispocars-150x150.png 150w, https:\/\/disposervice.com\/wp-content\/uploads\/2021\/01\/faq-dispocars-768x768.png 768w, https:\/\/disposervice.com\/wp-content\/uploads\/2021\/01\/faq-dispocars-1536x1536.png 1536w, https:\/\/disposervice.com\/wp-content\/uploads\/2021\/01\/faq-dispocars-2048x2048.png 2048w\" sizes=\"(max-width: 35px) 100vw, 35px\" \/> \u0426\u0435\u043d\u0430 \u0443\u0441\u0442\u0430\u043d\u0430\u0432\u043b\u0438\u0432\u0430\u0435\u0442\u0441\u044f \u0437\u0430 \u043f\u0430\u0441\u0441\u0430\u0436\u0438\u0440\u0430 \u0438\u043b\u0438 \u0437\u0430 \u0442\u0440\u0430\u043d\u0441\u043f\u043e\u0440\u0442\u043d\u043e\u0435 \u0441\u0440\u0435\u0434\u0441\u0442\u0432\u043e?<\/h3>\n<p>\u0412\u0441\u0435 \u0446\u0435\u043d\u044b, \u0443\u043a\u0430\u0437\u0430\u043d\u043d\u044b\u0435 \u043d\u0430 \u043d\u0430\u0448\u0435\u043c \u0441\u0430\u0439\u0442\u0435, \u0440\u0430\u0441\u0441\u0447\u0438\u0442\u044b\u0432\u0430\u044e\u0442\u0441\u044f \u0437\u0430 \u043e\u0434\u043d\u043e \u0442\u0440\u0430\u043d\u0441\u043f\u043e\u0440\u0442\u043d\u043e\u0435 \u0441\u0440\u0435\u0434\u0441\u0442\u0432\u043e.[\/vc_column_text][\/vc_column][vc_column width=&#187;1\/2&#8243;][vc_column_text]<\/p>\n<h3><img loading=\"lazy\" class=\"alignnone size-full wp-image-10165\" src=\"https:\/\/dispocars.com\/wp-content\/uploads\/2021\/01\/faq-dispocars.png\" alt=\"\" width=\"35\" height=\"35\" srcset=\"https:\/\/disposervice.com\/wp-content\/uploads\/2021\/01\/faq-dispocars.png 35w, https:\/\/disposervice.com\/wp-content\/uploads\/2021\/01\/faq-dispocars-300x300.png 300w, https:\/\/disposervice.com\/wp-content\/uploads\/2021\/01\/faq-dispocars-1024x1024.png 1024w, https:\/\/disposervice.com\/wp-content\/uploads\/2021\/01\/faq-dispocars-150x150.png 150w, https:\/\/disposervice.com\/wp-content\/uploads\/2021\/01\/faq-dispocars-768x768.png 768w, https:\/\/disposervice.com\/wp-content\/uploads\/2021\/01\/faq-dispocars-1536x1536.png 1536w, https:\/\/disposervice.com\/wp-content\/uploads\/2021\/01\/faq-dispocars-2048x2048.png 2048w\" sizes=\"(max-width: 35px) 100vw, 35px\" \/> \u0412 \u043a\u0430\u043a\u043e\u0439 \u0432\u0430\u043b\u044e\u0442\u0435 \u0431\u0443\u0434\u0435\u0442 \u0432\u0437\u0438\u043c\u0430\u0442\u044c\u0441\u044f \u043f\u043b\u0430\u0442\u0430?<\/h3>\n<p>\u0415\u0441\u043b\u0438 \u043d\u0435 \u0431\u0443\u0434\u0435\u0442 \u0432\u044b\u0431\u0440\u0430\u043d\u043e \u0438\u043d\u043e\u0435, \u0442\u043e \u043f\u043b\u0430\u0442\u0430 \u0431\u0443\u0434\u0435\u0442 \u0432\u0437\u0438\u043c\u0430\u0442\u044c\u0441\u044f \u0432 EUR.[\/vc_column_text][vc_empty_space height=&#187;20px&#187;][vc_separator][vc_empty_space height=&#187;1px&#187;][vc_column_text]<\/p>\n<h3><img loading=\"lazy\" class=\"alignnone size-full wp-image-10165\" src=\"https:\/\/dispocars.com\/wp-content\/uploads\/2021\/01\/faq-dispocars.png\" alt=\"\" width=\"35\" height=\"35\" srcset=\"https:\/\/disposervice.com\/wp-content\/uploads\/2021\/01\/faq-dispocars.png 35w, https:\/\/disposervice.com\/wp-content\/uploads\/2021\/01\/faq-dispocars-300x300.png 300w, https:\/\/disposervice.com\/wp-content\/uploads\/2021\/01\/faq-dispocars-1024x1024.png 1024w, https:\/\/disposervice.com\/wp-content\/uploads\/2021\/01\/faq-dispocars-150x150.png 150w, https:\/\/disposervice.com\/wp-content\/uploads\/2021\/01\/faq-dispocars-768x768.png 768w, https:\/\/disposervice.com\/wp-content\/uploads\/2021\/01\/faq-dispocars-1536x1536.png 1536w, https:\/\/disposervice.com\/wp-content\/uploads\/2021\/01\/faq-dispocars-2048x2048.png 2048w\" sizes=\"(max-width: 35px) 100vw, 35px\" \/> \u0421\u043a\u043e\u043b\u044c\u043a\u043e \u043f\u0440\u0435\u0434\u043b\u043e\u0436\u0435\u043d\u0438\u0439 \u044f \u043f\u043e\u043b\u0443\u0447\u0443 \u0438\u0437 \u043e\u0434\u043d\u043e\u0433\u043e \u0437\u0430\u043f\u0440\u043e\u0441\u0430?<\/h3>\n<p>\u0412 \u0437\u0430\u0432\u0438\u0441\u0438\u043c\u043e\u0441\u0442\u0438 \u043e\u0442 \u0432\u044b\u0431\u0440\u0430\u043d\u043d\u043e\u0433\u043e \u0432\u0430\u043c\u0438 \u043c\u0435\u0441\u0442\u0430, \u0432\u044b \u0434\u043e\u043b\u0436\u043d\u044b \u043f\u043e\u043b\u0443\u0447\u0438\u0442\u044c \u0432 \u0441\u0440\u0435\u0434\u043d\u0435\u043c \u043e\u043a\u043e\u043b\u043e 20 \u043f\u0440\u0435\u0434\u043b\u043e\u0436\u0435\u043d\u0438\u0439.[\/vc_column_text][\/vc_column][\/vc_row]<\/p>\n","protected":false},"excerpt":{"rendered":"<p>[vc_row full_width=&#187;stretch_row_content_no_spaces&#187; row_fullwidth=&#187;yes&#187; css=&#187;.vc_custom_1624380326821{padding-top: 150px !important;padding-bottom: 100px !important;background-image: url(https:\/\/disposervice.com\/wp-content\/uploads\/2021\/02\/delivery-van-parcel-shipment.jpg?id=14630) !important;background-position: center !important;background-repeat: no-repeat !important;background-size: cover !important;}&#187;][vc_column css=&#187;.vc_custom_1550221571756{padding-right: 0px !important;padding-left: 0px !important;}&#187;][vc_column_text] \u0414\u043e\u0431\u0440\u043e \u043f\u043e\u0436\u0430\u043b\u043e\u0432\u0430\u0442\u044c! \u0427\u0442\u043e \u0434\u043e\u043b\u0436\u043d\u043e \u0431\u044b\u0442\u044c \u0441\u0434\u0435\u043b\u0430\u043d\u043e? [\/vc_column_text][\/vc_column][\/vc_row][vc_row][vc_column width=&#187;1\/3&#8243;][vc_empty_space][vc_column_text][\/vc_column_text][\/vc_column][vc_column width=&#187;1\/3&#8243;][vc_empty_space height=&#187;52px&#187;][\/vc_column][vc_column width=&#187;1\/3&#8243;][vc_empty_space height=&#187;100px&#187;][vc_column_text] \u0417\u0430\u0433\u0440\u0443\u0437\u0438\u0442\u0435 \u043f\u0440\u0438\u043b\u043e\u0436\u0435\u043d\u0438\u0435 DispoService [\/vc_column_text][vc_column_text] [\/vc_column_text][\/vc_column][\/vc_row][vc_row full_width=&#187;stretch_row&#187;][vc_column css=&#187;.vc_custom_1543548162184{margin-bottom: -30px !important;}&#187;][vc_empty_space height=&#187;35px&#187;][vc_column_text] \u041a\u0430\u043a \u044d\u0442\u043e \u0440\u0430\u0431\u043e\u0442\u0430\u0435\u0442? [\/vc_column_text][vc_empty_space height=&#187;20px&#187;][\/vc_column][\/vc_row][vc_row el_class=&#187;st-number-box&#187;][vc_column width=&#187;1\/3&#8243;][vc_row_inner][vc_column_inner width=&#187;1\/4&#8243;][vc_column_text el_class=&#187;st-number-circle&#187;]1[\/vc_column_text][\/vc_column_inner][vc_column_inner width=&#187;3\/4&#8243;][vc_column_text] \u0421\u0434\u0435\u043b\u0430\u0439\u0442\u0435 \u0437\u0430\u043f\u0440\u043e\u0441 [&hellip;]<\/p>\n","protected":false},"author":1,"featured_media":0,"parent":0,"menu_order":0,"comment_status":"closed","ping_status":"closed","template":"template-home-modern.php","meta":[],"_links":{"self":[{"href":"https:\/\/disposervice.com\/ru\/wp-json\/wp\/v2\/pages\/11328"}],"collection":[{"href":"https:\/\/disposervice.com\/ru\/wp-json\/wp\/v2\/pages"}],"about":[{"href":"https:\/\/disposervice.com\/ru\/wp-json\/wp\/v2\/types\/page"}],"author":[{"embeddable":true,"href":"https:\/\/disposervice.com\/ru\/wp-json\/wp\/v2\/users\/1"}],"replies":[{"embeddable":true,"href":"https:\/\/disposervice.com\/ru\/wp-json\/wp\/v2\/comments?post=11328"}],"version-history":[{"count":9,"href":"https:\/\/disposervice.com\/ru\/wp-json\/wp\/v2\/pages\/11328\/revisions"}],"predecessor-version":[{"id":15105,"href":"https:\/\/disposervice.com\/ru\/wp-json\/wp\/v2\/pages\/11328\/revisions\/15105"}],"wp:attachment":[{"href":"https:\/\/disposervice.com\/ru\/wp-json\/wp\/v2\/media?parent=11328"}],"curies":[{"name":"wp","href":"https:\/\/api.w.org\/{rel}","templated":true}]}}