{"id":11099,"date":"2021-01-20T13:33:09","date_gmt":"2021-01-20T11:33:09","guid":{"rendered":"https:\/\/dispocars.com\/kontakt\/"},"modified":"2021-02-24T15:20:07","modified_gmt":"2021-02-24T13:20:07","slug":"kontakt","status":"publish","type":"page","link":"https:\/\/disposervice.com\/pl\/kontakt\/","title":{"rendered":"Kontakt"},"content":{"rendered":"<p>[vc_row][vc_column][vc_empty_space height=&#8221;75px&#8221;][\/vc_column][\/vc_row][vc_row][vc_column width=&#8221;5\/12&#8243;]<div role=\"form\" class=\"wpcf7\" id=\"wpcf7-f10971-o1\" lang=\"pl-PL\" dir=\"ltr\">\n<div class=\"screen-reader-response\"><p role=\"status\" aria-live=\"polite\" aria-atomic=\"true\"><\/p> <ul><\/ul><\/div>\n<form action=\"\/pl\/wp-json\/wp\/v2\/pages\/11099#wpcf7-f10971-o1\" method=\"post\" class=\"wpcf7-form init\" novalidate=\"novalidate\" data-status=\"init\">\n<div style=\"display: none;\">\n<input type=\"hidden\" name=\"_wpcf7\" value=\"10971\" \/>\n<input type=\"hidden\" name=\"_wpcf7_version\" value=\"5.5.3\" \/>\n<input type=\"hidden\" name=\"_wpcf7_locale\" value=\"pl_PL\" \/>\n<input type=\"hidden\" name=\"_wpcf7_unit_tag\" value=\"wpcf7-f10971-o1\" \/>\n<input type=\"hidden\" name=\"_wpcf7_container_post\" value=\"0\" \/>\n<input type=\"hidden\" name=\"_wpcf7_posted_data_hash\" value=\"\" \/>\n<\/div>\n<div class=\"st-contact-form\">\n<div class=\"contact-header\">\n<h3>Bardzo chcieliby\u015bmy us\u0142ysze\u0107 od Ciebie<\/h3>\n<p>Wy\u015blij nam wiadomo\u015b\u0107, a my skontaktujemy si\u0119 z Tob\u0105 tak szybko, jak to mo\u017cliwe<\/p>\n<\/div>\n<div class=\"contact-form\">\n<div class=\"form-group\">\n<span class=\"wpcf7-form-control-wrap your-name\"><input type=\"text\" name=\"your-name\" value=\"\" size=\"40\" class=\"wpcf7-form-control wpcf7-text wpcf7-validates-as-required form-control\" aria-required=\"true\" aria-invalid=\"false\" placeholder=\"Nazwa\" \/><\/span>\n                            <\/div>\n<div class=\"form-group\">\n<span class=\"wpcf7-form-control-wrap your-email\"><input type=\"email\" name=\"your-email\" value=\"\" size=\"40\" class=\"wpcf7-form-control wpcf7-text wpcf7-email wpcf7-validates-as-required wpcf7-validates-as-email form-control\" aria-required=\"true\" aria-invalid=\"false\" placeholder=\"E-mail\" \/><\/span>\n                            <\/div>\n<div class=\"form-group\">\n<span class=\"wpcf7-form-control-wrap your-message\"><textarea name=\"your-message\" cols=\"40\" rows=\"10\" class=\"wpcf7-form-control wpcf7-textarea form-control\" aria-invalid=\"false\" placeholder=\"Wiadomo\u015b\u0107\"><\/textarea><\/span>\n                            <\/div>\n<p><input type=\"submit\" value=\"WY\u015aLIJ WIADOMO\u015a\u0106\" class=\"wpcf7-form-control has-spinner wpcf7-submit btn btn-primary\" \/><\/p>\n<\/div>\n<\/div>\n<div class=\"wpcf7-response-output\" aria-hidden=\"true\"><\/div><\/form><\/div>[vc_empty_space height=&#8221;25px&#8221;][\/vc_column][vc_column width=&#8221;2\/12&#8243;][\/vc_column][vc_column width=&#8221;5\/12&#8243;]<div class=\"st-contact-info\">\n    <div class=\"info-bg\">\n        <img src=\"https:\/\/disposervice.com\/wp-content\/uploads\/2021\/02\/contact-delivery-services.jpg\" class=\"img-responsive\" alt=\"Background Contact Info\"\/>    <\/div>\n    <div class=\"info-content\">\n                <h3>Dispo Group O\u00dc<\/h3>\n                        <div class=\"sub\">\n            Tel. +44 20 80 89 94 70<\/p>\n<p>E-mail. support@disposervice.com<\/p>\n<p class=\"address\">Tallinn, Kesklinna linnaosa, Sakala tn 7-2, 10141<\/p>\n<p>            <!--<p>Tell. + 00 222 444 33<\/p>\n            <p>Email. hello@yoursite.com<\/p>\n            <p class=\"address\">1355 Market St, Suite 900San, Francisco, CA 94103 United States<\/p>-->\n        <\/div>\n            <\/div>\n<\/div>[vc_empty_space height=&#8221;75px&#8221;][\/vc_column][\/vc_row][vc_row][vc_column][vc_tta_tabs][vc_tta_section title=&#8221;Tallinn&#8221; tab_id=&#8221;1609779600976-f4ee6dd3-488d&#8221;][vc_column_text]Dispo Group O\u00dc<br \/>\nLegalny adres: Tallinn, Kesklinna linnaosa, Sakala tn 7-2, 10141<br \/>\nReg.nr.: 16092895[\/vc_column_text][\/vc_tta_section][vc_tta_section title=&#8221;Ryga&#8221; tab_id=&#8221;1609779601000-919e5e23-25da&#8221;][vc_column_text]SIA Osa Group<br \/>\nLegalny adres: Dzirnieku iela 16, M\u0101rupes novads, LV-2167<br \/>\nReg.Nr.: 50103638061<br \/>\nVAT Nr.: LV50103638061[\/vc_column_text][\/vc_tta_section][\/vc_tta_tabs][\/vc_column][\/vc_row]<\/p>\n","protected":false},"excerpt":{"rendered":"<p>[vc_row][vc_column][vc_empty_space height=&#8221;75px&#8221;][\/vc_column][\/vc_row][vc_row][vc_column width=&#8221;5\/12&#8243;][vc_empty_space height=&#8221;25px&#8221;][\/vc_column][vc_column width=&#8221;2\/12&#8243;][\/vc_column][vc_column width=&#8221;5\/12&#8243;][vc_empty_space height=&#8221;75px&#8221;][\/vc_column][\/vc_row][vc_row][vc_column][vc_tta_tabs][vc_tta_section title=&#8221;Tallinn&#8221; tab_id=&#8221;1609779600976-f4ee6dd3-488d&#8221;][vc_column_text]Dispo Group O\u00dc Legalny adres: Tallinn, Kesklinna linnaosa, Sakala tn 7-2, 10141 Reg.nr.: 16092895[\/vc_column_text][\/vc_tta_section][vc_tta_section title=&#8221;Ryga&#8221; tab_id=&#8221;1609779601000-919e5e23-25da&#8221;][vc_column_text]SIA Osa Group Legalny adres: Dzirnieku iela 16, M\u0101rupes novads, LV-2167 Reg.Nr.: 50103638061 VAT Nr.: LV50103638061[\/vc_column_text][\/vc_tta_section][\/vc_tta_tabs][\/vc_column][\/vc_row]<\/p>\n","protected":false},"author":1,"featured_media":14576,"parent":0,"menu_order":0,"comment_status":"closed","ping_status":"closed","template":"template-home-modern.php","meta":[],"_links":{"self":[{"href":"https:\/\/disposervice.com\/pl\/wp-json\/wp\/v2\/pages\/11099"}],"collection":[{"href":"https:\/\/disposervice.com\/pl\/wp-json\/wp\/v2\/pages"}],"about":[{"href":"https:\/\/disposervice.com\/pl\/wp-json\/wp\/v2\/types\/page"}],"author":[{"embeddable":true,"href":"https:\/\/disposervice.com\/pl\/wp-json\/wp\/v2\/users\/1"}],"replies":[{"embeddable":true,"href":"https:\/\/disposervice.com\/pl\/wp-json\/wp\/v2\/comments?post=11099"}],"version-history":[{"count":2,"href":"https:\/\/disposervice.com\/pl\/wp-json\/wp\/v2\/pages\/11099\/revisions"}],"predecessor-version":[{"id":14691,"href":"https:\/\/disposervice.com\/pl\/wp-json\/wp\/v2\/pages\/11099\/revisions\/14691"}],"wp:featuredmedia":[{"embeddable":true,"href":"https:\/\/disposervice.com\/pl\/wp-json\/wp\/v2\/media\/14576"}],"wp:attachment":[{"href":"https:\/\/disposervice.com\/pl\/wp-json\/wp\/v2\/media?parent=11099"}],"curies":[{"name":"wp","href":"https:\/\/api.w.org\/{rel}","templated":true}]}}