{"id":11021,"date":"2021-01-20T08:50:57","date_gmt":"2021-01-20T08:50:57","guid":{"rendered":"https:\/\/dispocars.com\/stac-sie-partnerem\/"},"modified":"2021-01-20T13:05:53","modified_gmt":"2021-01-20T11:05:53","slug":"stac-sie-partnerem","status":"publish","type":"page","link":"https:\/\/disposervice.com\/pl\/stac-sie-partnerem\/","title":{"rendered":"Sta\u0107 si\u0119 Partnerem"},"content":{"rendered":"<p>[vc_row full_width=&#8221;stretch_row_content_no_spaces&#8221; css=&#8221;.vc_custom_1609783691711{padding-top: 150px !important;padding-bottom: 150px !important;background-image: url(https:\/\/dispocars.com\/wp-content\/uploads\/2021\/01\/become-partner-passenger-transportation-2-1.jpg?id=9912) !important;background-position: center !important;background-repeat: no-repeat !important;background-size: cover !important;}&#8221; el_class=&#8221;text-center st-become-banner&#8221;][vc_column][vc_column_text]<\/p>\n<h2 style=\"text-align: center;\"><span style=\"color: #ffffff;\">Chcesz zarabia\u0107 wi\u0119cej pracuj\u0105c w bran\u017cy transportu osobowego?<\/span><\/h2>\n<h4 style=\"text-align: center;\"><span style=\"color: #ffffff;\">Zarejestruj si\u0119 u nas i od razu zacznij otrzymywa\u0107 nowe rezerwacje\/\u017c\u0105dania.<\/span><\/h4>\n<p>[\/vc_column_text][vc_column_text]<a class=\"signup btn btn-danger btn-lg\" href=\"https:\/\/dispocars.com\/supplier\/login\" target=\"_blank\" rel=\"noopener noreferrer\" data-toggle=\"modal\">Zarejestruj si\u0119 teraz<\/a>[\/vc_column_text][\/vc_column][\/vc_row][vc_row][vc_column][vc_empty_space height=&#8221;45px&#8221;][vc_column_text]<\/p>\n<h2 style=\"text-align: center;\"><strong>Jak to dzia\u0142a?<\/strong><\/h2>\n<p>[\/vc_column_text][vc_empty_space height=&#8221;10px&#8221;][\/vc_column][\/vc_row][vc_row el_class=&#8221;st-number-box&#8221;][vc_column width=&#8221;1\/3&#8243;][vc_row_inner][vc_column_inner width=&#8221;1\/4&#8243;][vc_column_text el_class=&#8221;st-number-circle&#8221;]1[\/vc_column_text][\/vc_column_inner][vc_column_inner width=&#8221;3\/4&#8243;][vc_column_text]<\/p>\n<h3>Zarejestruj si\u0119<\/h3>\n<p>Zarejestruj si\u0119 i prze\u015blij wszystkie niezb\u0119dne dokumenty.[\/vc_column_text][\/vc_column_inner][\/vc_row_inner][\/vc_column][vc_column width=&#8221;1\/3&#8243;][vc_row_inner][vc_column_inner width=&#8221;1\/4&#8243;][vc_column_text el_class=&#8221;st-number-circle&#8221;]2[\/vc_column_text][\/vc_column_inner][vc_column_inner width=&#8221;3\/4&#8243;][vc_column_text]<\/p>\n<h3>Dodaj swoje pojazdy<\/h3>\n<p>Dodaj pe\u0142n\u0105 informacj\u0119 o swojej flocie i cenach.[\/vc_column_text][\/vc_column_inner][\/vc_row_inner][\/vc_column][vc_column width=&#8221;1\/3&#8243;][vc_row_inner][vc_column_inner width=&#8221;1\/4&#8243;][vc_column_text el_class=&#8221;st-number-circle&#8221;]3[\/vc_column_text][\/vc_column_inner][vc_column_inner width=&#8221;3\/4&#8243;][vc_column_text]<\/p>\n<h3>Uzyskaj rezerwacje\/zapytania<\/h3>\n<p>Zacznij otrzymywa\u0107 rezerwacje i zapytania od klient\u00f3w.[\/vc_column_text][\/vc_column_inner][\/vc_row_inner][\/vc_column][\/vc_row][vc_row el_class=&#8221;st-become-feature-wrapper text-center&#8221;][vc_column][vc_empty_space height=&#8221;20px&#8221;][vc_single_image image=&#8221;11048&#8243; img_size=&#8221;full&#8221; alignment=&#8221;center&#8221;][vc_empty_space height=&#8221;40px&#8221;][vc_column_text]<\/p>\n<h2 style=\"text-align: center;\"><strong>Dlaczego warto zosta\u0107 lokalnym ekspertem<br \/>\n<\/strong><\/h2>\n<p>[\/vc_column_text][vc_empty_space height=&#8221;15px&#8221;][vc_row_inner el_class=&#8221;st-become-feature text-center&#8221;][vc_column_inner el_class=&#8221;column1&#8243; width=&#8221;1\/3&#8243;][vc_single_image image=&#8221;10462&#8243; img_size=&#8221;full&#8221; alignment=&#8221;center&#8221;][vc_column_text css=&#8221;.vc_custom_1610458595973{padding-top: 0.5px !important;}&#8221;]<\/p>\n<h3>Zdob\u0105d\u017a dodatkowy doch\u00f3d.<\/h3>\n<p>[\/vc_column_text][vc_column_text]Rozwijaj sw\u00f3j biznes razem z nami i zarabiaj przy okazji.[\/vc_column_text][\/vc_column_inner][vc_column_inner width=&#8221;1\/3&#8243;][vc_single_image image=&#8221;10476&#8243; img_size=&#8221;full&#8221; alignment=&#8221;center&#8221;][vc_column_text css=&#8221;.vc_custom_1610459227945{padding-top: 3px !important;}&#8221;]<\/p>\n<h3>B\u0105d\u017a cz\u0119\u015bci\u0105 og\u00f3lno\u015bwiatowej sieci.<\/h3>\n<p>[\/vc_column_text][vc_column_text]B\u0105d\u017a cz\u0119\u015bci\u0105 najwi\u0119kszej sieci transportu osobowego na \u015bwiecie.[\/vc_column_text][\/vc_column_inner][vc_column_inner width=&#8221;1\/3&#8243;][vc_single_image image=&#8221;10490&#8243; img_size=&#8221;full&#8221; alignment=&#8221;center&#8221;][vc_column_text css=&#8221;.vc_custom_1610459233875{padding-top: 2px !important;}&#8221;]<\/p>\n<h3>Skalowanie z technologi\u0105.<\/h3>\n<p>[\/vc_column_text][vc_column_text]Skaluj sw\u00f3j biznes na nowe wy\u017cyny, korzystaj\u0105c z naszych rozwi\u0105za\u0144 technologicznych.[\/vc_column_text][\/vc_column_inner][\/vc_row_inner][vc_empty_space height=&#8221;15px&#8221;][vc_column_text]<a class=\"signup btn btn-danger btn-lg\" href=\"https:\/\/dispocars.com\/supplier\/login\" target=\"_blank\" rel=\"noopener noreferrer\" data-toggle=\"modal\">Zarejestruj si\u0119 teraz<\/a>[\/vc_column_text][vc_empty_space height=&#8221;45px&#8221;][vc_separator border_width=&#8221;2&#8243;][vc_empty_space height=&#8221;1px&#8221;][vc_column_text]<\/p>\n<h2 style=\"text-align: center;\"><strong>FAQs<\/strong><\/h2>\n<p>[\/vc_column_text][\/vc_column][\/vc_row][vc_row el_class=&#8221;st-become-faqs&#8221;][vc_column width=&#8221;1\/2&#8243;][vc_column_text]<\/p>\n<h3><img loading=\"lazy\" class=\"alignnone size-full wp-image-10165\" src=\"https:\/\/dispocars.com\/wp-content\/uploads\/2021\/01\/faq-dispocars.png\" alt=\"\" width=\"35\" height=\"35\" srcset=\"https:\/\/disposervice.com\/wp-content\/uploads\/2021\/01\/faq-dispocars.png 35w, https:\/\/disposervice.com\/wp-content\/uploads\/2021\/01\/faq-dispocars-300x300.png 300w, https:\/\/disposervice.com\/wp-content\/uploads\/2021\/01\/faq-dispocars-1024x1024.png 1024w, https:\/\/disposervice.com\/wp-content\/uploads\/2021\/01\/faq-dispocars-150x150.png 150w, https:\/\/disposervice.com\/wp-content\/uploads\/2021\/01\/faq-dispocars-768x768.png 768w, https:\/\/disposervice.com\/wp-content\/uploads\/2021\/01\/faq-dispocars-1536x1536.png 1536w, https:\/\/disposervice.com\/wp-content\/uploads\/2021\/01\/faq-dispocars-2048x2048.png 2048w\" sizes=\"(max-width: 35px) 100vw, 35px\" \/>\u00a0Kto mo\u017ce zarejestrowa\u0107 si\u0119 na Dispocars?<\/h3>\n<p>Ka\u017cdy, kto posiada transport (samochody osobowe, minivany, minibusy, autobusy, limuzyny itp.), licencj\u0119 transportow\u0105 i jest zarejestrowany jako firma lub osoba pracuj\u0105ca na w\u0142asny rachunek.[\/vc_column_text][vc_empty_space height=&#8221;40px&#8221;][vc_separator][vc_empty_space height=&#8221;1px&#8221;][vc_column_text]<\/p>\n<h3><img loading=\"lazy\" class=\"alignnone wp-image-10165 size-full\" src=\"https:\/\/dispocars.com\/wp-content\/uploads\/2021\/01\/faq-dispocars.png\" alt=\"\" width=\"35\" height=\"35\" srcset=\"https:\/\/disposervice.com\/wp-content\/uploads\/2021\/01\/faq-dispocars.png 35w, https:\/\/disposervice.com\/wp-content\/uploads\/2021\/01\/faq-dispocars-300x300.png 300w, https:\/\/disposervice.com\/wp-content\/uploads\/2021\/01\/faq-dispocars-1024x1024.png 1024w, https:\/\/disposervice.com\/wp-content\/uploads\/2021\/01\/faq-dispocars-150x150.png 150w, https:\/\/disposervice.com\/wp-content\/uploads\/2021\/01\/faq-dispocars-768x768.png 768w, https:\/\/disposervice.com\/wp-content\/uploads\/2021\/01\/faq-dispocars-1536x1536.png 1536w, https:\/\/disposervice.com\/wp-content\/uploads\/2021\/01\/faq-dispocars-2048x2048.png 2048w\" sizes=\"(max-width: 35px) 100vw, 35px\" \/>\u00a0Ile zam\u00f3wie\u0144 miesi\u0119cznie b\u0119d\u0119 otrzymywa\u0107?<\/h3>\n<p>Ilo\u015b\u0107 zam\u00f3wie\u0144 zale\u017cy od Twojej dzia\u0142alno\u015bci jako Dostawcy. Umieszczenie wszystkich informacji o Twoich pojazdach, posiadanie dobrych zdj\u0119\u0107 i oferowanie ni\u017cszych cen zwi\u0119kszy Twoj\u0105 aktywno\u015b\u0107 jako Dostawcy i zaowocuje wi\u0119ksz\u0105 liczb\u0105 zam\u00f3wie\u0144.[\/vc_column_text][\/vc_column][vc_column width=&#8221;1\/2&#8243;][vc_column_text]<\/p>\n<h3><img loading=\"lazy\" class=\"alignnone wp-image-10165 size-full\" src=\"https:\/\/dispocars.com\/wp-content\/uploads\/2021\/01\/faq-dispocars.png\" alt=\"\" width=\"35\" height=\"35\" srcset=\"https:\/\/disposervice.com\/wp-content\/uploads\/2021\/01\/faq-dispocars.png 35w, https:\/\/disposervice.com\/wp-content\/uploads\/2021\/01\/faq-dispocars-300x300.png 300w, https:\/\/disposervice.com\/wp-content\/uploads\/2021\/01\/faq-dispocars-1024x1024.png 1024w, https:\/\/disposervice.com\/wp-content\/uploads\/2021\/01\/faq-dispocars-150x150.png 150w, https:\/\/disposervice.com\/wp-content\/uploads\/2021\/01\/faq-dispocars-768x768.png 768w, https:\/\/disposervice.com\/wp-content\/uploads\/2021\/01\/faq-dispocars-1536x1536.png 1536w, https:\/\/disposervice.com\/wp-content\/uploads\/2021\/01\/faq-dispocars-2048x2048.png 2048w\" sizes=\"(max-width: 35px) 100vw, 35px\" \/>\u00a0Jak b\u0119d\u0119 otrzymywa\u0107 zapytania od klient\u00f3w i jak mog\u0119 sk\u0142ada\u0107 oferty?<\/h3>\n<p>Wszystkie zapytania otrzymasz bezpo\u015brednio z naszego systemu przez e-mail, a tak\u017ce zobaczysz je po zalogowaniu si\u0119 na swoje konto dostawcy. Oferty mo\u017cesz sk\u0142ada\u0107 bezpo\u015brednio na swoim koncie dostawcy.[\/vc_column_text][vc_empty_space height=&#8221;20px&#8221;][vc_separator][vc_empty_space height=&#8221;1px&#8221;][vc_column_text]<\/p>\n<h3><img loading=\"lazy\" class=\"alignnone size-full wp-image-10165\" src=\"https:\/\/dispocars.com\/wp-content\/uploads\/2021\/01\/faq-dispocars.png\" alt=\"\" width=\"35\" height=\"35\" srcset=\"https:\/\/disposervice.com\/wp-content\/uploads\/2021\/01\/faq-dispocars.png 35w, https:\/\/disposervice.com\/wp-content\/uploads\/2021\/01\/faq-dispocars-300x300.png 300w, https:\/\/disposervice.com\/wp-content\/uploads\/2021\/01\/faq-dispocars-1024x1024.png 1024w, https:\/\/disposervice.com\/wp-content\/uploads\/2021\/01\/faq-dispocars-150x150.png 150w, https:\/\/disposervice.com\/wp-content\/uploads\/2021\/01\/faq-dispocars-768x768.png 768w, https:\/\/disposervice.com\/wp-content\/uploads\/2021\/01\/faq-dispocars-1536x1536.png 1536w, https:\/\/disposervice.com\/wp-content\/uploads\/2021\/01\/faq-dispocars-2048x2048.png 2048w\" sizes=\"(max-width: 35px) 100vw, 35px\" \/>\u00a0Kto okre\u015bla ceny dla ka\u017cdego zlecenia?<\/h3>\n<p>Ty decydujesz, jak\u0105 cen\u0119 zaoferujesz za konkretne zapytanie od klienta. Im lepsz\u0105 cen\u0119 zaoferujesz, tym wi\u0119ksza b\u0119dzie mo\u017cliwo\u015b\u0107, \u017ce klient wybierze Ci\u0119 jako Dostawc\u0119.[\/vc_column_text][\/vc_column][\/vc_row]<\/p>\n","protected":false},"excerpt":{"rendered":"<p>[vc_row full_width=&#8221;stretch_row_content_no_spaces&#8221; css=&#8221;.vc_custom_1609783691711{padding-top: 150px !important;padding-bottom: 150px !important;background-image: url(https:\/\/dispocars.com\/wp-content\/uploads\/2021\/01\/become-partner-passenger-transportation-2-1.jpg?id=9912) !important;background-position: center !important;background-repeat: no-repeat !important;background-size: cover !important;}&#8221; el_class=&#8221;text-center st-become-banner&#8221;][vc_column][vc_column_text] Chcesz zarabia\u0107 wi\u0119cej pracuj\u0105c w bran\u017cy transportu osobowego? Zarejestruj si\u0119 u nas i od razu zacznij otrzymywa\u0107 nowe rezerwacje\/\u017c\u0105dania. [\/vc_column_text][vc_column_text]Zarejestruj si\u0119 teraz[\/vc_column_text][\/vc_column][\/vc_row][vc_row][vc_column][vc_empty_space height=&#8221;45px&#8221;][vc_column_text] Jak to dzia\u0142a? [\/vc_column_text][vc_empty_space height=&#8221;10px&#8221;][\/vc_column][\/vc_row][vc_row el_class=&#8221;st-number-box&#8221;][vc_column width=&#8221;1\/3&#8243;][vc_row_inner][vc_column_inner width=&#8221;1\/4&#8243;][vc_column_text el_class=&#8221;st-number-circle&#8221;]1[\/vc_column_text][\/vc_column_inner][vc_column_inner width=&#8221;3\/4&#8243;][vc_column_text] Zarejestruj si\u0119 Zarejestruj si\u0119 i [&hellip;]<\/p>\n","protected":false},"author":1,"featured_media":0,"parent":0,"menu_order":0,"comment_status":"closed","ping_status":"closed","template":"template-home-modern.php","meta":[],"_links":{"self":[{"href":"https:\/\/disposervice.com\/pl\/wp-json\/wp\/v2\/pages\/11021"}],"collection":[{"href":"https:\/\/disposervice.com\/pl\/wp-json\/wp\/v2\/pages"}],"about":[{"href":"https:\/\/disposervice.com\/pl\/wp-json\/wp\/v2\/types\/page"}],"author":[{"embeddable":true,"href":"https:\/\/disposervice.com\/pl\/wp-json\/wp\/v2\/users\/1"}],"replies":[{"embeddable":true,"href":"https:\/\/disposervice.com\/pl\/wp-json\/wp\/v2\/comments?post=11021"}],"version-history":[{"count":0,"href":"https:\/\/disposervice.com\/pl\/wp-json\/wp\/v2\/pages\/11021\/revisions"}],"wp:attachment":[{"href":"https:\/\/disposervice.com\/pl\/wp-json\/wp\/v2\/media?parent=11021"}],"curies":[{"name":"wp","href":"https:\/\/api.w.org\/{rel}","templated":true}]}}