{"id":11016,"date":"2021-01-20T08:38:38","date_gmt":"2021-01-20T08:38:38","guid":{"rendered":"https:\/\/dispocars.com\/o-nas\/"},"modified":"2021-03-15T11:11:02","modified_gmt":"2021-03-15T09:11:02","slug":"o-nas","status":"publish","type":"page","link":"https:\/\/disposervice.com\/pl\/o-nas\/","title":{"rendered":"O Nas"},"content":{"rendered":"<p>[vc_row][vc_column][vc_empty_space height=&#8221;60px&#8221;][\/vc_column][\/vc_row][vc_row][vc_column width=&#8221;1\/2&#8243;][vc_single_image image=&#8221;14519&#8243; img_size=&#8221;full&#8221; alignment=&#8221;center&#8221; css_animation=&#8221;none&#8221;][vc_column_text el_class=&#8221;st-aboutus-title&#8221;]<\/p>\n<h3>Nasza historia<\/h3>\n<p>[\/vc_column_text][vc_column_text el_class=&#8221;st-aboutus-content&#8221;]DispoService staje si\u0119 najwi\u0119ksz\u0105 baz\u0105 danych samochod\u00f3w dostawczych i paczek na \u015bwiecie. Wszystkie dane wprowadzane przez lokalnych us\u0142ugodawc\u00f3w s\u0105 dystrybuowane na wiele sposob\u00f3w na ca\u0142ym \u015bwiecie, aby pom\u00f3c ludziom z ich codziennymi \u017c\u0105daniami dostaw i zleceniami przesy\u0142ek mi\u0119dzynarodowych dotrze\u0107 do dowolnego miejsca na \u015bwiecie w ci\u0105gu kilku sekund.<\/p>\n<p>DispoService to nowa marka, kt\u00f3ra zosta\u0142a stworzona przez zesp\u00f3\u0142 OsaBus w 2020 roku. Zesp\u00f3\u0142 profesjonalist\u00f3w z solidnym do\u015bwiadczeniem bran\u017cowym od 2013 roku.[\/vc_column_text][vc_empty_space height=&#8221;30px&#8221;][\/vc_column][vc_column width=&#8221;1\/2&#8243;][vc_single_image image=&#8221;10007&#8243; img_size=&#8221;full&#8221; alignment=&#8221;center&#8221;][vc_column_text el_class=&#8221;st-aboutus-title&#8221;]<\/p>\n<h3>Nasza misja<\/h3>\n<p>[\/vc_column_text][vc_column_text el_class=&#8221;st-aboutus-content&#8221;]Budujemy najwi\u0119ksz\u0105 spo\u0142eczno\u015b\u0107 firm logistycznych w Europie. Z pomoc\u0105 technologii jeste\u015bmy w stanie pom\u00f3c naszym partnerom rozwija\u0107 dzia\u0142alno\u015b\u0107 i \u0142\u0105czy\u0107 si\u0119 z globalnymi systemami dystrybucji, aby uzyska\u0107 wi\u0119cej rezerwacji i \u0142atwiejsz\u0105 mobilno\u015b\u0107.<\/p>\n<p>Do\u0142\u0105cz do naszego systemu jako klient lub partner i poznaj pot\u0119g\u0119 technologii.[\/vc_column_text][vc_empty_space height=&#8221;30px&#8221;][\/vc_column][\/vc_row][vc_row][vc_column][vc_empty_space height=&#8221;20px&#8221;]<div class=\"st-list-statistic\"><div class=\"row\">            <div class=\"col-md-3 col-sm-6\">\n                <div class=\"item-wrapper\">\n                    <div class=\"item\">\n                        <div class=\"front\">\n                            <div class=\"inner\">\n                                <h4>2k+<\/h4>\n                                <p class=\"sub-text\">Wzmacniacz<\/p>\n                            <\/div>\n                        <\/div>\n                        <div class=\"end\">\n                            <p class=\"desc\">Ponad 2000 partner\u00f3w w ca\u0142ej Europie.<\/p>\n                        <\/div>\n                    <\/div>\n                <\/div>\n            <\/div>\n                        <div class=\"col-md-3 col-sm-6\">\n                <div class=\"item-wrapper\">\n                    <div class=\"item\">\n                        <div class=\"front\">\n                            <div class=\"inner\">\n                                <h4>150+<\/h4>\n                                <p class=\"sub-text\">Miasta<\/p>\n                            <\/div>\n                        <\/div>\n                        <div class=\"end\">\n                            <p class=\"desc\">DispoService \u015bwiadczy us\u0142ugi w ca\u0142ej Europie.<\/p>\n                        <\/div>\n                    <\/div>\n                <\/div>\n            <\/div>\n                        <div class=\"col-md-3 col-sm-6\">\n                <div class=\"item-wrapper\">\n                    <div class=\"item\">\n                        <div class=\"front\">\n                            <div class=\"inner\">\n                                <h4>700+<\/h4>\n                                <p class=\"sub-text\">Destynacje<\/p>\n                            <\/div>\n                        <\/div>\n                        <div class=\"end\">\n                            <p class=\"desc\">Bez wzgl\u0119du na to, dok\u0105d si\u0119 wybierasz, DispoService jest do Twojej dyspozycji.<\/p>\n                        <\/div>\n                    <\/div>\n                <\/div>\n            <\/div>\n                        <div class=\"col-md-3 col-sm-6\">\n                <div class=\"item-wrapper\">\n                    <div class=\"item\">\n                        <div class=\"front\">\n                            <div class=\"inner\">\n                                <h4>28+<\/h4>\n                                <p class=\"sub-text\">Kraje<\/p>\n                            <\/div>\n                        <\/div>\n                        <div class=\"end\">\n                            <p class=\"desc\">Nasze us\u0142ugi s\u0105 dost\u0119pne w ca\u0142ej Europie.<\/p>\n                        <\/div>\n                    <\/div>\n                <\/div>\n            <\/div>\n            <\/div><\/div>[vc_empty_space height=&#8221;65px&#8221;]<div class=\"st-aboutus-info\">\n        <p class=\"message\">\"Jako klient, wystarczy jedno zg\u0142oszenie, aby dotrze\u0107 do wszystkich lokalnych dostawc\u00f3w us\u0142ug, kt\u00f3re Ci\u0119 interesuj\u0105, lokalnie w swoim kraju lub gdziekolwiek indziej na \u015bwiecie. Z\u0142\u00f3\u017c wniosek za po\u015brednictwem naszej strony internetowej lub naszych zaawansowanych aplikacji mobilnych. Jako partner mo\u017cesz cieszy\u0107 si\u0119 swobod\u0105 pracy i przyjmowa\u0107 tylko te rezerwacje i pro\u015bby, kt\u00f3re najlepiej odpowiadaj\u0105 Twoim potrzebom. Otrzymuj wi\u0119cej zlece\u0144 ni\u017c kiedykolwiek wcze\u015bniej.\"<\/p>\n        <img src=\"https:\/\/disposervice.com\/wp-content\/uploads\/2021\/01\/Foto_Oskars-vienads.jpg\" alt=\"\"\/>            <p class=\"name\">Oskars L\u016bsis<\/p>\n                <p class=\"pos\">Founder<\/p>\n    <\/div>[vc_empty_space height=&#8221;65px&#8221;][\/vc_column][\/vc_row]<\/p>\n","protected":false},"excerpt":{"rendered":"<p>[vc_row][vc_column][vc_empty_space height=&#8221;60px&#8221;][\/vc_column][\/vc_row][vc_row][vc_column width=&#8221;1\/2&#8243;][vc_single_image image=&#8221;14519&#8243; img_size=&#8221;full&#8221; alignment=&#8221;center&#8221; css_animation=&#8221;none&#8221;][vc_column_text el_class=&#8221;st-aboutus-title&#8221;] Nasza historia [\/vc_column_text][vc_column_text el_class=&#8221;st-aboutus-content&#8221;]DispoService staje si\u0119 najwi\u0119ksz\u0105 baz\u0105 danych samochod\u00f3w dostawczych i paczek na \u015bwiecie. Wszystkie dane wprowadzane przez lokalnych us\u0142ugodawc\u00f3w s\u0105 dystrybuowane na wiele sposob\u00f3w na ca\u0142ym \u015bwiecie, aby pom\u00f3c ludziom z ich codziennymi \u017c\u0105daniami dostaw i zleceniami przesy\u0142ek mi\u0119dzynarodowych dotrze\u0107 do dowolnego miejsca na \u015bwiecie [&hellip;]<\/p>\n","protected":false},"author":1,"featured_media":9851,"parent":0,"menu_order":0,"comment_status":"closed","ping_status":"closed","template":"template-home-modern.php","meta":[],"_links":{"self":[{"href":"https:\/\/disposervice.com\/pl\/wp-json\/wp\/v2\/pages\/11016"}],"collection":[{"href":"https:\/\/disposervice.com\/pl\/wp-json\/wp\/v2\/pages"}],"about":[{"href":"https:\/\/disposervice.com\/pl\/wp-json\/wp\/v2\/types\/page"}],"author":[{"embeddable":true,"href":"https:\/\/disposervice.com\/pl\/wp-json\/wp\/v2\/users\/1"}],"replies":[{"embeddable":true,"href":"https:\/\/disposervice.com\/pl\/wp-json\/wp\/v2\/comments?post=11016"}],"version-history":[{"count":4,"href":"https:\/\/disposervice.com\/pl\/wp-json\/wp\/v2\/pages\/11016\/revisions"}],"predecessor-version":[{"id":14845,"href":"https:\/\/disposervice.com\/pl\/wp-json\/wp\/v2\/pages\/11016\/revisions\/14845"}],"wp:featuredmedia":[{"embeddable":true,"href":"https:\/\/disposervice.com\/pl\/wp-json\/wp\/v2\/media\/9851"}],"wp:attachment":[{"href":"https:\/\/disposervice.com\/pl\/wp-json\/wp\/v2\/media?parent=11016"}],"curies":[{"name":"wp","href":"https:\/\/api.w.org\/{rel}","templated":true}]}}