{"id":11013,"date":"2021-01-20T08:34:17","date_gmt":"2021-01-20T08:34:17","guid":{"rendered":"https:\/\/dispocars.com\/poczatek\/"},"modified":"2021-06-22T18:43:16","modified_gmt":"2021-06-22T16:43:16","slug":"poczatek","status":"publish","type":"page","link":"https:\/\/disposervice.com\/pl\/","title":{"rendered":"Pocz\u0105tek"},"content":{"rendered":"<p>[vc_row full_width=&#8221;stretch_row_content_no_spaces&#8221; row_fullwidth=&#8221;yes&#8221; css=&#8221;.vc_custom_1624380174772{padding-top: 150px !important;padding-bottom: 100px !important;background-image: url(https:\/\/disposervice.com\/wp-content\/uploads\/2021\/02\/delivery-van-parcel-shipment.jpg?id=14629) !important;background-position: center !important;background-repeat: no-repeat !important;background-size: cover !important;}&#8221;][vc_column css=&#8221;.vc_custom_1550221571756{padding-right: 0px !important;padding-left: 0px !important;}&#8221;][vc_column_text]<\/p>\n<h2 style=\"text-align: center;\"><span style=\"color: #ffffff;\">Witamy!<\/span><\/h2>\n<h4 style=\"text-align: center;\"><span style=\"color: #ffffff;\">Co musi by\u0107 zrobione?<\/span><\/h4>\n<p>[\/vc_column_text][\/vc_column][\/vc_row][vc_row][vc_column][vc_column_text][\/vc_column_text][\/vc_column][\/vc_row][vc_row full_width=&#8221;stretch_row&#8221;][vc_column css=&#8221;.vc_custom_1543548162184{margin-bottom: -30px !important;}&#8221;][vc_empty_space height=&#8221;35px&#8221;][vc_column_text]<\/p>\n<h2 style=\"text-align: center;\"><strong>Jak to dzia\u0142a?<\/strong><\/h2>\n<p>[\/vc_column_text][vc_empty_space height=&#8221;20px&#8221;][\/vc_column][\/vc_row][vc_row el_class=&#8221;st-number-box&#8221;][vc_column width=&#8221;1\/3&#8243;][vc_row_inner][vc_column_inner width=&#8221;1\/4&#8243;][vc_column_text el_class=&#8221;st-number-circle&#8221;]1[\/vc_column_text][\/vc_column_inner][vc_column_inner width=&#8221;3\/4&#8243;][vc_column_text]<\/p>\n<h3>Z\u0142\u00f3\u017c wniosek<\/h3>\n<p>Popro\u015b o us\u0142ug\u0119, kt\u00f3rej szukasz.[\/vc_column_text][\/vc_column_inner][\/vc_row_inner][\/vc_column][vc_column width=&#8221;1\/3&#8243;][vc_row_inner][vc_column_inner width=&#8221;1\/4&#8243;][vc_column_text el_class=&#8221;st-number-circle&#8221;]2[\/vc_column_text][\/vc_column_inner][vc_column_inner width=&#8221;3\/4&#8243;][vc_column_text]<\/p>\n<h3>Otrzymywanie ofert<\/h3>\n<p>Otrzymaj oferty od setek dostawc\u00f3w us\u0142ug.[\/vc_column_text][\/vc_column_inner][\/vc_row_inner][\/vc_column][vc_column width=&#8221;1\/3&#8243;][vc_row_inner][vc_column_inner width=&#8221;1\/4&#8243;][vc_column_text el_class=&#8221;st-number-circle&#8221;]3[\/vc_column_text][\/vc_column_inner][vc_column_inner width=&#8221;3\/4&#8243;][vc_column_text]<\/p>\n<h3>Wybierz i zarezerwuj<\/h3>\n<p>Zarezerwuj ofert\u0119, kt\u00f3ra jest dla Ciebie najlepsza.[\/vc_column_text][\/vc_column_inner][\/vc_row_inner][\/vc_column][\/vc_row][vc_row][vc_column][vc_empty_space height=&#8221;45px&#8221;][vc_single_image image=&#8221;14753&#8243; img_size=&#8221;full&#8221;][vc_empty_space height=&#8221;40px&#8221;][vc_empty_space height=&#8221;15px&#8221;][vc_column_text]<\/p>\n<h2 style=\"text-align: center;\"><strong>FAQs<\/strong><\/h2>\n<p>[\/vc_column_text][\/vc_column][\/vc_row][vc_row][vc_column width=&#8221;1\/2&#8243;][vc_column_text]<\/p>\n<h3><img loading=\"lazy\" class=\"alignnone size-full wp-image-10165\" src=\"https:\/\/dispocars.com\/wp-content\/uploads\/2021\/01\/faq-dispocars.png\" alt=\"\" width=\"35\" height=\"35\" srcset=\"https:\/\/disposervice.com\/wp-content\/uploads\/2021\/01\/faq-dispocars.png 35w, https:\/\/disposervice.com\/wp-content\/uploads\/2021\/01\/faq-dispocars-300x300.png 300w, https:\/\/disposervice.com\/wp-content\/uploads\/2021\/01\/faq-dispocars-1024x1024.png 1024w, https:\/\/disposervice.com\/wp-content\/uploads\/2021\/01\/faq-dispocars-150x150.png 150w, https:\/\/disposervice.com\/wp-content\/uploads\/2021\/01\/faq-dispocars-768x768.png 768w, https:\/\/disposervice.com\/wp-content\/uploads\/2021\/01\/faq-dispocars-1536x1536.png 1536w, https:\/\/disposervice.com\/wp-content\/uploads\/2021\/01\/faq-dispocars-2048x2048.png 2048w\" sizes=\"(max-width: 35px) 100vw, 35px\" \/> Jak mog\u0119 zarezerwowa\u0107 transfer?<\/h3>\n<p>Post\u0119puj zgodnie z instrukcjami zawartymi w naszym formularzu rezerwacji i wype\u0142nij puste pola.[\/vc_column_text][vc_empty_space height=&#8221;20px&#8221;][vc_separator][vc_empty_space height=&#8221;1px&#8221;][vc_column_text]<\/p>\n<h3><img loading=\"lazy\" class=\"alignnone size-full wp-image-10165\" src=\"https:\/\/dispocars.com\/wp-content\/uploads\/2021\/01\/faq-dispocars.png\" alt=\"\" width=\"35\" height=\"35\" srcset=\"https:\/\/disposervice.com\/wp-content\/uploads\/2021\/01\/faq-dispocars.png 35w, https:\/\/disposervice.com\/wp-content\/uploads\/2021\/01\/faq-dispocars-300x300.png 300w, https:\/\/disposervice.com\/wp-content\/uploads\/2021\/01\/faq-dispocars-1024x1024.png 1024w, https:\/\/disposervice.com\/wp-content\/uploads\/2021\/01\/faq-dispocars-150x150.png 150w, https:\/\/disposervice.com\/wp-content\/uploads\/2021\/01\/faq-dispocars-768x768.png 768w, https:\/\/disposervice.com\/wp-content\/uploads\/2021\/01\/faq-dispocars-1536x1536.png 1536w, https:\/\/disposervice.com\/wp-content\/uploads\/2021\/01\/faq-dispocars-2048x2048.png 2048w\" sizes=\"(max-width: 35px) 100vw, 35px\" \/> Czy jest to cena za pasa\u017cera czy za pojazd?<\/h3>\n<p>Wszystkie ceny podane na naszej stronie internetowej s\u0105 cenami za jeden pojazd.[\/vc_column_text][\/vc_column][vc_column width=&#8221;1\/2&#8243;][vc_column_text]<\/p>\n<h3><img loading=\"lazy\" class=\"alignnone size-full wp-image-10165\" src=\"https:\/\/dispocars.com\/wp-content\/uploads\/2021\/01\/faq-dispocars.png\" alt=\"\" width=\"35\" height=\"35\" srcset=\"https:\/\/disposervice.com\/wp-content\/uploads\/2021\/01\/faq-dispocars.png 35w, https:\/\/disposervice.com\/wp-content\/uploads\/2021\/01\/faq-dispocars-300x300.png 300w, https:\/\/disposervice.com\/wp-content\/uploads\/2021\/01\/faq-dispocars-1024x1024.png 1024w, https:\/\/disposervice.com\/wp-content\/uploads\/2021\/01\/faq-dispocars-150x150.png 150w, https:\/\/disposervice.com\/wp-content\/uploads\/2021\/01\/faq-dispocars-768x768.png 768w, https:\/\/disposervice.com\/wp-content\/uploads\/2021\/01\/faq-dispocars-1536x1536.png 1536w, https:\/\/disposervice.com\/wp-content\/uploads\/2021\/01\/faq-dispocars-2048x2048.png 2048w\" sizes=\"(max-width: 35px) 100vw, 35px\" \/> W jakiej walucie zostan\u0119 obci\u0105\u017cony?<\/h3>\n<p>Op\u0142ata zostanie pobrana w EUR, je\u015bli nie zostanie wybrana inna waluta.[\/vc_column_text][vc_empty_space height=&#8221;40px&#8221;][vc_separator][vc_empty_space height=&#8221;1px&#8221;][vc_column_text]<\/p>\n<h3><img loading=\"lazy\" class=\"alignnone size-full wp-image-10165\" src=\"https:\/\/dispocars.com\/wp-content\/uploads\/2021\/01\/faq-dispocars.png\" alt=\"\" width=\"35\" height=\"35\" srcset=\"https:\/\/disposervice.com\/wp-content\/uploads\/2021\/01\/faq-dispocars.png 35w, https:\/\/disposervice.com\/wp-content\/uploads\/2021\/01\/faq-dispocars-300x300.png 300w, https:\/\/disposervice.com\/wp-content\/uploads\/2021\/01\/faq-dispocars-1024x1024.png 1024w, https:\/\/disposervice.com\/wp-content\/uploads\/2021\/01\/faq-dispocars-150x150.png 150w, https:\/\/disposervice.com\/wp-content\/uploads\/2021\/01\/faq-dispocars-768x768.png 768w, https:\/\/disposervice.com\/wp-content\/uploads\/2021\/01\/faq-dispocars-1536x1536.png 1536w, https:\/\/disposervice.com\/wp-content\/uploads\/2021\/01\/faq-dispocars-2048x2048.png 2048w\" sizes=\"(max-width: 35px) 100vw, 35px\" \/> Ile ofert otrzymam za jednym zapytaniem?<\/h3>\n<p>W zale\u017cno\u015bci od wybranej lokalizacji, powiniene\u015b otrzyma\u0107 \u015brednio oko\u0142o 20 ofert.[\/vc_column_text][\/vc_column][\/vc_row]<\/p>\n","protected":false},"excerpt":{"rendered":"<p>[vc_row full_width=&#8221;stretch_row_content_no_spaces&#8221; row_fullwidth=&#8221;yes&#8221; css=&#8221;.vc_custom_1624380174772{padding-top: 150px !important;padding-bottom: 100px !important;background-image: url(https:\/\/disposervice.com\/wp-content\/uploads\/2021\/02\/delivery-van-parcel-shipment.jpg?id=14629) !important;background-position: center !important;background-repeat: no-repeat !important;background-size: cover !important;}&#8221;][vc_column css=&#8221;.vc_custom_1550221571756{padding-right: 0px !important;padding-left: 0px !important;}&#8221;][vc_column_text] Witamy! Co musi by\u0107 zrobione? [\/vc_column_text][\/vc_column][\/vc_row][vc_row][vc_column][vc_column_text][\/vc_column_text][\/vc_column][\/vc_row][vc_row full_width=&#8221;stretch_row&#8221;][vc_column css=&#8221;.vc_custom_1543548162184{margin-bottom: -30px !important;}&#8221;][vc_empty_space height=&#8221;35px&#8221;][vc_column_text] Jak to dzia\u0142a? [\/vc_column_text][vc_empty_space height=&#8221;20px&#8221;][\/vc_column][\/vc_row][vc_row el_class=&#8221;st-number-box&#8221;][vc_column width=&#8221;1\/3&#8243;][vc_row_inner][vc_column_inner width=&#8221;1\/4&#8243;][vc_column_text el_class=&#8221;st-number-circle&#8221;]1[\/vc_column_text][\/vc_column_inner][vc_column_inner width=&#8221;3\/4&#8243;][vc_column_text] Z\u0142\u00f3\u017c wniosek Popro\u015b o us\u0142ug\u0119, kt\u00f3rej szukasz.[\/vc_column_text][\/vc_column_inner][\/vc_row_inner][\/vc_column][vc_column width=&#8221;1\/3&#8243;][vc_row_inner][vc_column_inner width=&#8221;1\/4&#8243;][vc_column_text el_class=&#8221;st-number-circle&#8221;]2[\/vc_column_text][\/vc_column_inner][vc_column_inner width=&#8221;3\/4&#8243;][vc_column_text] Otrzymywanie ofert [&hellip;]<\/p>\n","protected":false},"author":1,"featured_media":0,"parent":0,"menu_order":0,"comment_status":"closed","ping_status":"closed","template":"template-home-modern.php","meta":[],"_links":{"self":[{"href":"https:\/\/disposervice.com\/pl\/wp-json\/wp\/v2\/pages\/11013"}],"collection":[{"href":"https:\/\/disposervice.com\/pl\/wp-json\/wp\/v2\/pages"}],"about":[{"href":"https:\/\/disposervice.com\/pl\/wp-json\/wp\/v2\/types\/page"}],"author":[{"embeddable":true,"href":"https:\/\/disposervice.com\/pl\/wp-json\/wp\/v2\/users\/1"}],"replies":[{"embeddable":true,"href":"https:\/\/disposervice.com\/pl\/wp-json\/wp\/v2\/comments?post=11013"}],"version-history":[{"count":4,"href":"https:\/\/disposervice.com\/pl\/wp-json\/wp\/v2\/pages\/11013\/revisions"}],"predecessor-version":[{"id":14768,"href":"https:\/\/disposervice.com\/pl\/wp-json\/wp\/v2\/pages\/11013\/revisions\/14768"}],"wp:attachment":[{"href":"https:\/\/disposervice.com\/pl\/wp-json\/wp\/v2\/media?parent=11013"}],"curies":[{"name":"wp","href":"https:\/\/api.w.org\/{rel}","templated":true}]}}