{"id":14321,"date":"2021-02-02T14:56:53","date_gmt":"2021-02-02T12:56:53","guid":{"rendered":"https:\/\/disposervice.com\/piegades-pakalpojumi-riga\/"},"modified":"2021-06-30T14:05:14","modified_gmt":"2021-06-30T12:05:14","slug":"piegades-pakalpojumi-riga","status":"publish","type":"page","link":"https:\/\/disposervice.com\/lv\/piegades-pakalpojumi-riga\/","title":{"rendered":"Pieg\u0101des pakalpojumi R\u012bg\u0101"},"content":{"rendered":"<p>[vc_row][vc_column][vc_row_inner][vc_column_inner width=&#8221;1\/3&#8243;][vc_empty_space height=&#8221;52px&#8221;][vc_column_text]<img loading=\"lazy\" class=\"aligncenter wp-image-14992\" src=\"https:\/\/disposervice.com\/wp-content\/uploads\/2021\/06\/LV-1.png\" alt=\"DispoService mob\u012bl\u0101 lietotne\" width=\"500\" height=\"560\" srcset=\"https:\/\/disposervice.com\/wp-content\/uploads\/2021\/06\/LV-1.png 700w, https:\/\/disposervice.com\/wp-content\/uploads\/2021\/06\/LV-1-768x860.png 768w\" sizes=\"(max-width: 500px) 100vw, 500px\" \/>[\/vc_column_text][\/vc_column_inner][vc_column_inner width=&#8221;1\/3&#8243;][vc_empty_space height=&#8221;52px&#8221;][\/vc_column_inner][vc_column_inner width=&#8221;1\/3&#8243;][vc_empty_space height=&#8221;100px&#8221;][vc_column_text]<\/p>\n<h2 style=\"text-align: center;\">Lejupl\u0101d\u0113jiet DispoService lietotni<\/h2>\n<p>[\/vc_column_text][vc_column_text]<\/p>\n<p style=\"text-align: center;\"><a href=\"https:\/\/play.google.com\/store\/apps\/details?id=com.osabus.disposervice&amp;hl=en&amp;gl=US\" target=\"_blank\" rel=\"noopener\"><img loading=\"lazy\" class=\"alignnone wp-image-15010\" src=\"https:\/\/disposervice.com\/wp-content\/uploads\/2021\/06\/google-play-badge1.png\" alt=\"Lejupl\u0101d\u0113t DispoService aplik\u0101ciju. \" width=\"275\" height=\"106\" srcset=\"https:\/\/disposervice.com\/wp-content\/uploads\/2021\/06\/google-play-badge1.png 646w, https:\/\/disposervice.com\/wp-content\/uploads\/2021\/06\/google-play-badge1-768x297.png 768w\" sizes=\"(max-width: 275px) 100vw, 275px\" \/><\/a><a href=\"https:\/\/apps.apple.com\/us\/app\/disposervice\/id1571096716\" target=\"_blank\" rel=\"noopener\"><img loading=\"lazy\" class=\"aligncenter wp-image-15042 size-full\" src=\"https:\/\/disposervice.com\/wp-content\/uploads\/2021\/06\/Download_on_the_App_Store_Badge_LV_RGB_blk_100317-1.png\" alt=\"Download DispoService mobile app\" width=\"240\" height=\"81\" srcset=\"https:\/\/disposervice.com\/wp-content\/uploads\/2021\/06\/Download_on_the_App_Store_Badge_LV_RGB_blk_100317-1.png 240w, https:\/\/disposervice.com\/wp-content\/uploads\/2021\/06\/Download_on_the_App_Store_Badge_LV_RGB_blk_100317-1-768x259.png 768w\" sizes=\"(max-width: 240px) 100vw, 240px\" \/><\/a><\/p>\n<p>[\/vc_column_text][\/vc_column_inner][\/vc_row_inner][vc_empty_space height=&#8221;5px&#8221;][vc_custom_heading text=&#8221;1 piepras\u012bjums = 30+ pied\u0101v\u0101jumi no viet\u0113jiem p\u0101rvad\u0101t\u0101jiem&#8221; font_container=&#8221;tag:h2|text_align:center&#8221; use_theme_fonts=&#8221;yes&#8221;][vc_empty_space height=&#8221;10px&#8221;][vc_separator][vc_empty_space height=&#8221;10px&#8221;][\/vc_column][\/vc_row][vc_row][vc_column width=&#8221;1\/2&#8243;][vc_column_text]<\/p>\n<h1>Pieg\u0101des serviss R\u012bg\u0101<\/h1>\n<p>Rezerv\u0113jiet pieg\u0101des servisu R\u012bg\u0101 produkt\u012bv\u0101k. Tas ir \u013coti vienk\u0101r\u0161i, veiciet vienu piepras\u012bjumu m\u016bsu sist\u0113m\u0101 (\u0161eit m\u0101jaslap\u0101 vai mob\u012blaj\u0101 lietotn\u0113) un sa\u0146emiet simtiem pied\u0101v\u0101jumu no lab\u0101kajiem viet\u0113jiem pakalpojumu sniedz\u0113jiem j\u016bsu izv\u0113l\u0113taj\u0101 galam\u0113r\u0137\u012b.<\/p>\n<p>Izv\u0113loties <em><strong>pieg\u0101des servisu R\u012bg\u0101<\/strong><\/em> pie mums, j\u016bs sa\u0146emsiet lab\u0101kos pakalpojumu sniedz\u0113jus. M\u0113s p\u0101rliecin\u0101mies, ka sa\u0146emat viet\u0113jo cenas no lab\u0101kajiem viet\u0113jiem pakalpojuma izpild\u012bt\u0101jiem.<\/p>\n<h3>K\u0101p\u0113c DispoService?<\/h3>\n<p>Pieg\u0101des un s\u016bt\u012bjumu biznesa nozar\u0113 esam kop\u0161 2012. gada, un to visu esam redz\u0113ju\u0161i un pieredz\u0113ju\u0161i. Ar stabilu starptautisku pieredzi un lielu lo\u0123istikas vad\u012bbas pieredzi m\u016bsu komanda zina, kas nepiecie\u0161ams, lai sniegtu pirm\u0101s klases pakalpojumus par sapr\u0101t\u012bgu cenu.<a href=\"https:\/\/dispocars.com\/about-us\/\" target=\"_blank\" rel=\"noopener\">Vair\u0101k par mums noklik\u0161\u0137iniet \u0161eit. <\/a>[\/vc_column_text][\/vc_column][vc_column width=&#8221;1\/2&#8243;][vc_single_image image=&#8221;13972&#8243; img_size=&#8221;full&#8221;][\/vc_column][\/vc_row][vc_row][vc_column][vc_empty_space height=&#8221;20px&#8221;][vc_separator][vc_empty_space height=&#8221;5px&#8221;][vc_column_text]<\/p>\n<h2 style=\"text-align: center;\">Fantastiskas cenas no viet\u0113jiem p\u0101rvad\u0101t\u0101ju uz\u0146\u0113mumiem<\/h2>\n<p>[\/vc_column_text][vc_empty_space height=&#8221;20px&#8221;][vc_column_text]M\u0113s esam viet\u0113jais uz\u0146\u0113mums \u0161eit, R\u012bg\u0101, Latvij\u0101, t\u0101p\u0113c m\u0113s varam jums pied\u0101v\u0101t lab\u0101ko cenu tirg\u016b, kad runa ir par p\u0101rvad\u0101juma pakalpojumiem. Izmantojot lietot\u0101jam draudz\u012bgu p\u0101rvad\u0101jumu lietotni un tie\u0161saistes p\u0101rvad\u0101jumu rezerv\u0113\u0161anas veidlapu \u0161eit, m\u016bsu vietn\u0113, m\u0113s esam lieliski piem\u0113roti j\u016bsu p\u0101rvad\u0101jumu pakalpojumiem. Neatkar\u012bgi no t\u0101, vai tas ir mazs s\u016bt\u012bjums pils\u0113t\u0101 vai smagu priek\u0161metu pieg\u0101de uz j\u016bsu m\u0101ju, m\u0113s to visu realiz\u0113jam.<\/p>\n<h3>Pier\u0101d\u012bta un ar vislab\u0101ko atcel\u0161anas politiku pasaul\u0113<\/h3>\n<p>DispoService vajadz\u0113tu b\u016bt j\u016bsu vienas pieturas a\u0123ent\u016brai, kad runa ir par p\u0101rvad\u0101juma pakalpojumiem. M\u0113s sav\u0101 sist\u0113m\u0101 esam p\u0101rbaud\u012bju\u0161i un verific\u0113ju\u0161i visus pakalpojumu sniedz\u0113jus. M\u0113s pied\u0101v\u0101jam lielisku klientu apkalpo\u0161anu un \u013coti elast\u012bgu atcel\u0161anas politiku, kur\u0101 standarta situ\u0101cij\u0101 j\u016bs varat atcelt savu p\u0101rvad\u0101juma pakalpojumu R\u012bg\u0101 pat 1 min\u016bti pirms servisa, ja vad\u012bt\u0101js jau nav izbraucis uz izsaukuma adresi.<\/p>\n<p>Rezerv\u0113jiet savu p\u0101rvad\u0101jumu pakalpojumu pie mums. Vienm\u0113r lab\u0101k\u0101s cenas un fantastiska klientu apkalpo\u0161ana.[\/vc_column_text][vc_separator][vc_empty_space height=&#8221;5px&#8221;][\/vc_column][\/vc_row][vc_row][vc_column][vc_column_text]\u0160eit ir visi transportl\u012bdzek\u013cu tipi, kurus varat piepras\u012bt m\u016bsu sist\u0113m\u0101:[\/vc_column_text][vc_row_inner][vc_column_inner width=&#8221;1\/3&#8243;][vc_column_text]<\/p>\n<ul>\n<li><img loading=\"lazy\" class=\"alignnone wp-image-14157\" src=\"https:\/\/disposervice.com\/wp-content\/uploads\/2021\/02\/small-van.png\" alt=\"Mazais furgons\" width=\"100\" height=\"72\" srcset=\"https:\/\/disposervice.com\/wp-content\/uploads\/2021\/02\/small-van.png 246w, https:\/\/disposervice.com\/wp-content\/uploads\/2021\/02\/small-van-768x549.png 768w\" sizes=\"(max-width: 100px) 100vw, 100px\" \/> Mazais furgons<\/li>\n<li><img loading=\"lazy\" class=\"alignnone wp-image-14142\" src=\"https:\/\/disposervice.com\/wp-content\/uploads\/2021\/02\/medium-van.png\" alt=\"Vid\u0113jais furgons\" width=\"100\" height=\"72\" srcset=\"https:\/\/disposervice.com\/wp-content\/uploads\/2021\/02\/medium-van.png 246w, https:\/\/disposervice.com\/wp-content\/uploads\/2021\/02\/medium-van-768x549.png 768w\" sizes=\"(max-width: 100px) 100vw, 100px\" \/>Vid\u0113jais furgons<\/li>\n<\/ul>\n<p>[\/vc_column_text][\/vc_column_inner][vc_column_inner width=&#8221;1\/3&#8243;][vc_column_text]<\/p>\n<ul>\n<li><img loading=\"lazy\" class=\"alignnone wp-image-14127\" src=\"https:\/\/disposervice.com\/wp-content\/uploads\/2021\/02\/large-van.png\" alt=\"Lielais furgons\" width=\"100\" height=\"72\" srcset=\"https:\/\/disposervice.com\/wp-content\/uploads\/2021\/02\/large-van.png 246w, https:\/\/disposervice.com\/wp-content\/uploads\/2021\/02\/large-van-768x549.png 768w\" sizes=\"(max-width: 100px) 100vw, 100px\" \/> Lielais furgons<\/li>\n<\/ul>\n<p>[\/vc_column_text][\/vc_column_inner][vc_column_inner width=&#8221;1\/3&#8243;][vc_column_text]<\/p>\n<ul>\n<li><img loading=\"lazy\" class=\"alignnone wp-image-14112\" src=\"https:\/\/disposervice.com\/wp-content\/uploads\/2021\/02\/boxed-van.png\" alt=\"Furgons ar liftu\" width=\"100\" height=\"72\" srcset=\"https:\/\/disposervice.com\/wp-content\/uploads\/2021\/02\/boxed-van.png 246w, https:\/\/disposervice.com\/wp-content\/uploads\/2021\/02\/boxed-van-768x549.png 768w\" sizes=\"(max-width: 100px) 100vw, 100px\" \/> Furgons ar liftu<\/li>\n<\/ul>\n<p>[\/vc_column_text][\/vc_column_inner][\/vc_row_inner][\/vc_column][\/vc_row][vc_row][vc_column][vc_empty_space height=&#8221;5px&#8221;][vc_separator][vc_column_text]<\/p>\n<h3>Pieg\u0101des serviss R\u012bg\u0101 ar aplik\u0101ciju<\/h3>\n<p>Pieg\u0101des furgons ar \u0161oferi priek\u0161 J\u016bsu neliel\u0101 s\u016bt\u012bjuma R\u012bg\u0101, kas rezerv\u0113ts \u013coti vienk\u0101r\u0161\u0101 veid\u0101. Pieprasiet savu pieg\u0101des servisu R\u012bg\u0101 \u0161eit m\u016bsu m\u0101jaslap\u0101 vai izmantojot aplik\u0101ciju apmekl\u0113jot ikonas \u0161\u012bs vietnes apak\u0161\u0101 vai vienk\u0101r\u0161i apmekl\u0113jot Apple veikalu vai Google Play, mekl\u0113jot DispoService. Lejupiel\u0101d\u0113jiet un izbaudiet pieg\u0101des pakalpojumu piln\u012bgi jaun\u0101 l\u012bmen\u012b.<\/p>\n<p>Iesp\u0113jams, lab\u0101k\u0101 R\u012bgas pieg\u0101des pakalpojumu lietotne &#8211; DispoService.[\/vc_column_text][\/vc_column][\/vc_row]<\/p>\n","protected":false},"excerpt":{"rendered":"<p>[vc_row][vc_column][vc_row_inner][vc_column_inner width=&#8221;1\/3&#8243;][vc_empty_space height=&#8221;52px&#8221;][vc_column_text][\/vc_column_text][\/vc_column_inner][vc_column_inner width=&#8221;1\/3&#8243;][vc_empty_space height=&#8221;52px&#8221;][\/vc_column_inner][vc_column_inner width=&#8221;1\/3&#8243;][vc_empty_space height=&#8221;100px&#8221;][vc_column_text] Lejupl\u0101d\u0113jiet DispoService lietotni [\/vc_column_text][vc_column_text] [\/vc_column_text][\/vc_column_inner][\/vc_row_inner][vc_empty_space height=&#8221;5px&#8221;][vc_custom_heading text=&#8221;1 piepras\u012bjums = 30+ pied\u0101v\u0101jumi no viet\u0113jiem p\u0101rvad\u0101t\u0101jiem&#8221; font_container=&#8221;tag:h2|text_align:center&#8221; use_theme_fonts=&#8221;yes&#8221;][vc_empty_space height=&#8221;10px&#8221;][vc_separator][vc_empty_space height=&#8221;10px&#8221;][\/vc_column][\/vc_row][vc_row][vc_column width=&#8221;1\/2&#8243;][vc_column_text] Pieg\u0101des serviss R\u012bg\u0101 Rezerv\u0113jiet pieg\u0101des servisu R\u012bg\u0101 produkt\u012bv\u0101k. Tas ir \u013coti vienk\u0101r\u0161i, veiciet vienu piepras\u012bjumu m\u016bsu sist\u0113m\u0101 (\u0161eit m\u0101jaslap\u0101 vai mob\u012blaj\u0101 lietotn\u0113) un sa\u0146emiet simtiem pied\u0101v\u0101jumu no lab\u0101kajiem viet\u0113jiem [&hellip;]<\/p>\n","protected":false},"author":2,"featured_media":13923,"parent":0,"menu_order":0,"comment_status":"closed","ping_status":"closed","template":"template-home-modern.php","meta":[],"_links":{"self":[{"href":"https:\/\/disposervice.com\/lv\/wp-json\/wp\/v2\/pages\/14321"}],"collection":[{"href":"https:\/\/disposervice.com\/lv\/wp-json\/wp\/v2\/pages"}],"about":[{"href":"https:\/\/disposervice.com\/lv\/wp-json\/wp\/v2\/types\/page"}],"author":[{"embeddable":true,"href":"https:\/\/disposervice.com\/lv\/wp-json\/wp\/v2\/users\/2"}],"replies":[{"embeddable":true,"href":"https:\/\/disposervice.com\/lv\/wp-json\/wp\/v2\/comments?post=14321"}],"version-history":[{"count":8,"href":"https:\/\/disposervice.com\/lv\/wp-json\/wp\/v2\/pages\/14321\/revisions"}],"predecessor-version":[{"id":15112,"href":"https:\/\/disposervice.com\/lv\/wp-json\/wp\/v2\/pages\/14321\/revisions\/15112"}],"wp:featuredmedia":[{"embeddable":true,"href":"https:\/\/disposervice.com\/lv\/wp-json\/wp\/v2\/media\/13923"}],"wp:attachment":[{"href":"https:\/\/disposervice.com\/lv\/wp-json\/wp\/v2\/media?parent=14321"}],"curies":[{"name":"wp","href":"https:\/\/api.w.org\/{rel}","templated":true}]}}