{"id":14314,"date":"2021-02-02T13:27:53","date_gmt":"2021-02-02T11:27:53","guid":{"rendered":"https:\/\/disposervice.com\/kravas-taksometrs-riga\/"},"modified":"2021-06-30T13:40:56","modified_gmt":"2021-06-30T11:40:56","slug":"kravas-taksometrs-riga","status":"publish","type":"page","link":"https:\/\/disposervice.com\/lv\/kravas-taksometrs-riga\/","title":{"rendered":"Kravas taksometrs R\u012bg\u0101"},"content":{"rendered":"<p>[vc_row][vc_column][vc_row_inner][vc_column_inner width=&#8221;1\/3&#8243;][vc_empty_space height=&#8221;52px&#8221;][vc_column_text]<img loading=\"lazy\" class=\"aligncenter wp-image-14992\" src=\"https:\/\/disposervice.com\/wp-content\/uploads\/2021\/06\/LV-1.png\" alt=\"DispoService mob\u012bl\u0101 lietotne\" width=\"500\" height=\"560\" srcset=\"https:\/\/disposervice.com\/wp-content\/uploads\/2021\/06\/LV-1.png 700w, https:\/\/disposervice.com\/wp-content\/uploads\/2021\/06\/LV-1-768x860.png 768w\" sizes=\"(max-width: 500px) 100vw, 500px\" \/>[\/vc_column_text][\/vc_column_inner][vc_column_inner width=&#8221;1\/3&#8243;][vc_empty_space height=&#8221;52px&#8221;][\/vc_column_inner][vc_column_inner width=&#8221;1\/3&#8243;][vc_empty_space height=&#8221;100px&#8221;][vc_column_text]<\/p>\n<h2 style=\"text-align: center;\">Lejupl\u0101d\u0113jiet DispoService lietotni<\/h2>\n<p>[\/vc_column_text][vc_column_text]<\/p>\n<p style=\"text-align: center;\"><a href=\"https:\/\/play.google.com\/store\/apps\/details?id=com.osabus.disposervice&amp;hl=en&amp;gl=US\" target=\"_blank\" rel=\"noopener\"><img loading=\"lazy\" class=\"alignnone wp-image-15010\" src=\"https:\/\/disposervice.com\/wp-content\/uploads\/2021\/06\/google-play-badge1.png\" alt=\"Lejupl\u0101d\u0113t DispoService aplik\u0101ciju. \" width=\"275\" height=\"106\" srcset=\"https:\/\/disposervice.com\/wp-content\/uploads\/2021\/06\/google-play-badge1.png 646w, https:\/\/disposervice.com\/wp-content\/uploads\/2021\/06\/google-play-badge1-768x297.png 768w\" sizes=\"(max-width: 275px) 100vw, 275px\" \/><\/a><a href=\"https:\/\/apps.apple.com\/us\/app\/disposervice\/id1571096716\" target=\"_blank\" rel=\"noopener\"><img loading=\"lazy\" class=\"aligncenter wp-image-15042 size-full\" src=\"https:\/\/disposervice.com\/wp-content\/uploads\/2021\/06\/Download_on_the_App_Store_Badge_LV_RGB_blk_100317-1.png\" alt=\"Download DispoService mobile app\" width=\"240\" height=\"81\" srcset=\"https:\/\/disposervice.com\/wp-content\/uploads\/2021\/06\/Download_on_the_App_Store_Badge_LV_RGB_blk_100317-1.png 240w, https:\/\/disposervice.com\/wp-content\/uploads\/2021\/06\/Download_on_the_App_Store_Badge_LV_RGB_blk_100317-1-768x259.png 768w\" sizes=\"(max-width: 240px) 100vw, 240px\" \/><\/a><\/p>\n<p>[\/vc_column_text][\/vc_column_inner][\/vc_row_inner][vc_empty_space height=&#8221;5px&#8221;][vc_custom_heading text=&#8221;1 piepras\u012bjums = 20+ viet\u0113jo kravas taksometru pied\u0101v\u0101jumi&#8221; font_container=&#8221;tag:h2|text_align:center&#8221; use_theme_fonts=&#8221;yes&#8221;][vc_empty_space height=&#8221;10px&#8221;][vc_separator][vc_empty_space height=&#8221;10px&#8221;][\/vc_column][\/vc_row][vc_row][vc_column width=&#8221;1\/2&#8243;][vc_column_text]<\/p>\n<h1>Kravas taksometrs R\u012bg\u0101<\/h1>\n<p>Rezerv\u0113jiet kravas taksometru R\u012bg\u0101 produkt\u012bv\u0101k. Tas ir \u013coti vienk\u0101r\u0161i, veiciet vienu piepras\u012bjumu m\u016bsu sist\u0113m\u0101 (\u0161eit m\u0101jaslap\u0101 vai mob\u012blaj\u0101 lietotn\u0113) un sa\u0146emiet simtiem pied\u0101v\u0101jumu no lab\u0101kajiem viet\u0113jiem pakalpojumu sniedz\u0113jiem j\u016bsu izv\u0113l\u0113taj\u0101 galam\u0113r\u0137\u012b.<\/p>\n<p>Izv\u0113loties savu <em> <strong> kravas taksometru R\u012bg\u0101 <\/strong> <\/em> pie mums, j\u016bs sa\u0146emsiet lab\u0101kos pakalpojumu sniedz\u0113jus savai mantu p\u0101rve\u0161anai. M\u0113s p\u0101rliecin\u0101mies, ka sa\u0146emat viet\u0113jo kravas taksometru cenas. Pieg\u0101d\u0101sim j\u016bsu smag\u0101s lietas, m\u0113beles, celtniec\u012bbas materi\u0101lus vai jebkurus citus priek\u0161metus, k\u0101 piem\u0113ram seifu, leduskapi vai ve\u013casma\u0161\u012bnu, par fantastisk\u0101m cen\u0101m.<\/p>\n<h4>K\u0101p\u0113c DispoService?<\/h4>\n<p>Kop\u0161 2012. gada esam biju\u0161i kravas taksometru, p\u0101rvieto\u0161anas pakalpojumu, pieg\u0101des pakalpojumu un paku s\u016bt\u012bjumu nozar\u0113, un to visu esam redz\u0113ju\u0161i un pieredz\u0113ju\u0161i. Pateicoties m\u016bsu komandas stabilajai starptautiskajai pieredzei, m\u016bsdien\u012bgajai tehnolo\u0123ijai un milz\u012bgajai pieredzei ar vair\u0101k k\u0101 500 uz\u0146\u0113mumiem k\u0101 klientiem, m\u016bsu komanda zina, kas nepiecie\u0161ams, lai sniegtu vislab\u0101ko servisu par sapr\u0101t\u012bgu cenu. <a href=\"https:\/\/dispocars.com\/en\/about-us\/\" target=\"_blank\" rel=\"noopener\">Vair\u0101k par mums noklik\u0161\u0137iniet \u0161eit. <\/a>[\/vc_column_text][\/vc_column][vc_column width=&#8221;1\/2&#8243;][vc_single_image image=&#8221;14010&#8243; img_size=&#8221;full&#8221;][\/vc_column][\/vc_row][vc_row][vc_column][vc_empty_space height=&#8221;20px&#8221;][vc_separator][vc_empty_space height=&#8221;5px&#8221;][vc_column_text]<\/p>\n<h2 style=\"text-align: center;\">Priv\u0101tie kravas taksometru pakalpojumi R\u012bg\u0101 par lab\u0101ko viet\u0113jo cenu<\/h2>\n<p>[\/vc_column_text][vc_empty_space height=&#8221;20px&#8221;][vc_column_text]M\u0113s esam viet\u0113jais uz\u0146\u0113mums \u0161eit, R\u012bg\u0101, Latvij\u0101, t\u0101p\u0113c m\u0113s varam jums pied\u0101v\u0101t lab\u0101ko cenu tirg\u016b, kad runa ir par kravas taksometru pakalpojumiem. Izmantojot lietot\u0101jam draudz\u012bgu kravas taksometru lietotni un tie\u0161saistes kravas taksometru rezerv\u0113\u0161anas veidlapu \u0161eit, m\u016bsu vietn\u0113, m\u0113s esam lieliski piem\u0113roti j\u016bsu R\u012bgas kravas taksometru pakalpojumiem. Neatkar\u012bgi no t\u0101, vai tas ir mazs s\u016bt\u012bjums pils\u0113t\u0101 vai smagu priek\u0161metu pieg\u0101de uz j\u016bsu m\u0101ju, m\u0113s to visu realiz\u0113jam.<\/p>\n<h4>Pier\u0101d\u012bta un ar vislab\u0101ko atcel\u0161anas politiku pasaul\u0113<\/h4>\n<p><a href=\"https:\/\/disposervice.com\/lv\/\">DispoService<\/a> vajadz\u0113tu b\u016bt j\u016bsu vienas pieturas a\u0123ent\u016brai, kad runa ir par kravas taksometru pakalpojumiem. M\u0113s sav\u0101 sist\u0113m\u0101 esam p\u0101rbaud\u012bju\u0161i un verific\u0113ju\u0161i visus pakalpojumu sniedz\u0113jus. M\u0113s pied\u0101v\u0101jam lielisku klientu apkalpo\u0161anu un \u013coti elast\u012bgu atcel\u0161anas politiku, kur\u0101 standarta situ\u0101cij\u0101 j\u016bs varat atcelt savu kravas taksometru R\u012bg\u0101 pat 1 min\u016bti pirms servisa, ja vad\u012bt\u0101js jau nav izbraucis uz izsaukuma adresi.<br \/>\nRezerv\u0113jiet savu R\u012bgas kravas taksometru pieg\u0101des pakalpojumu, p\u0101rcel\u0161an\u0101s pakalpojumu, paku s\u016bt\u012bjumu vis\u0101 valst\u012b vai k\u0101 starptautisku s\u016bt\u012bjumu. Vienm\u0113r lab\u0101k\u0101s cenas un fantastiska klientu apkalpo\u0161ana.[\/vc_column_text][vc_separator][vc_empty_space height=&#8221;5px&#8221;][\/vc_column][\/vc_row][vc_row][vc_column][vc_column_text]\u0160eit ir visi transportl\u012bdzek\u013cu tipi, kurus varat piepras\u012bt m\u016bsu sist\u0113m\u0101:[\/vc_column_text][vc_row_inner][vc_column_inner width=&#8221;1\/2&#8243;][vc_column_text]<\/p>\n<ul>\n<li><img loading=\"lazy\" class=\"alignnone wp-image-14157\" src=\"https:\/\/disposervice.com\/wp-content\/uploads\/2021\/02\/small-van.png\" alt=\"Mazais furgons\" width=\"100\" height=\"72\" srcset=\"https:\/\/disposervice.com\/wp-content\/uploads\/2021\/02\/small-van.png 246w, https:\/\/disposervice.com\/wp-content\/uploads\/2021\/02\/small-van-768x549.png 768w\" sizes=\"(max-width: 100px) 100vw, 100px\" \/> Mazais furgons<\/li>\n<li><img loading=\"lazy\" class=\"alignnone wp-image-14142\" src=\"https:\/\/disposervice.com\/wp-content\/uploads\/2021\/02\/medium-van.png\" alt=\"Vid\u0113jais furgons\" width=\"100\" height=\"72\" srcset=\"https:\/\/disposervice.com\/wp-content\/uploads\/2021\/02\/medium-van.png 246w, https:\/\/disposervice.com\/wp-content\/uploads\/2021\/02\/medium-van-768x549.png 768w\" sizes=\"(max-width: 100px) 100vw, 100px\" \/> Vid\u0113jais furgons<\/li>\n<\/ul>\n<p>[\/vc_column_text][\/vc_column_inner][vc_column_inner width=&#8221;1\/2&#8243;][vc_column_text]<\/p>\n<ul>\n<li><img loading=\"lazy\" class=\"alignnone wp-image-14127\" src=\"https:\/\/disposervice.com\/wp-content\/uploads\/2021\/02\/large-van.png\" alt=\"Lielais furgons\" width=\"100\" height=\"72\" srcset=\"https:\/\/disposervice.com\/wp-content\/uploads\/2021\/02\/large-van.png 246w, https:\/\/disposervice.com\/wp-content\/uploads\/2021\/02\/large-van-768x549.png 768w\" sizes=\"(max-width: 100px) 100vw, 100px\" \/> Lielais furgons<\/li>\n<li><img loading=\"lazy\" class=\"alignnone wp-image-14112\" src=\"https:\/\/disposervice.com\/wp-content\/uploads\/2021\/02\/boxed-van.png\" alt=\"Furgons\" width=\"100\" height=\"72\" srcset=\"https:\/\/disposervice.com\/wp-content\/uploads\/2021\/02\/boxed-van.png 246w, https:\/\/disposervice.com\/wp-content\/uploads\/2021\/02\/boxed-van-768x549.png 768w\" sizes=\"(max-width: 100px) 100vw, 100px\" \/> Furgons ar liftu<\/li>\n<\/ul>\n<p>[\/vc_column_text][\/vc_column_inner][\/vc_row_inner][\/vc_column][\/vc_row][vc_row][vc_column][vc_empty_space height=&#8221;5px&#8221;][vc_separator][vc_column_text]<\/p>\n<h2>Pas\u016btiet kravas taksometru R\u012bg\u0101 ar aplik\u0101ciju<\/h2>\n<p>Vad\u012bt\u0101js ar furgonu j\u016bsu pieg\u0101dei R\u012bg\u0101 vai starptautiskajam kravas taksometru pakalpojumam, kas rezerv\u0113ts ar \u013coti vienk\u0101r\u0161u un \u0113rtu kravas taksometru rezerv\u0113\u0161anas lietotni. Pieprasiet savu kravas taksometru pakalpojumu R\u012bg\u0101 un sa\u0146emiet desmitiem pied\u0101v\u0101jumu no viet\u0113j\u0101m kravas taksometru komp\u0101nij\u0101m vai pieprasiet pieg\u0101des servisu.<\/p>\n<p>Apskatiet m\u016bsu kravas taksometru lietotni, apmekl\u0113jot ikonas \u0161\u012bs vietnes apak\u0161da\u013c\u0101 vai vienk\u0101r\u0161i apmekl\u0113jot Apple veikalu vai Google Play, un mekl\u0113jot DispoService. Lejupiel\u0101d\u0113jiet un izbaudiet savu kravas taksometru pakalpojumu R\u012bg\u0101 piln\u012bgi jaun\u0101 l\u012bmen\u012b. T\u0101p\u0113c dodieties un veiciet piepras\u012bjumu p\u0113c kravas taksometra pakalpojuma R\u012bg\u0101 jau tagad.<\/p>\n<p>Izbaudiet savu kravas taksometru, izmantojot DispoService.[\/vc_column_text][\/vc_column][\/vc_row]<\/p>\n","protected":false},"excerpt":{"rendered":"<p>[vc_row][vc_column][vc_row_inner][vc_column_inner width=&#8221;1\/3&#8243;][vc_empty_space height=&#8221;52px&#8221;][vc_column_text][\/vc_column_text][\/vc_column_inner][vc_column_inner width=&#8221;1\/3&#8243;][vc_empty_space height=&#8221;52px&#8221;][\/vc_column_inner][vc_column_inner width=&#8221;1\/3&#8243;][vc_empty_space height=&#8221;100px&#8221;][vc_column_text] Lejupl\u0101d\u0113jiet DispoService lietotni [\/vc_column_text][vc_column_text] [\/vc_column_text][\/vc_column_inner][\/vc_row_inner][vc_empty_space height=&#8221;5px&#8221;][vc_custom_heading text=&#8221;1 piepras\u012bjums = 20+ viet\u0113jo kravas taksometru pied\u0101v\u0101jumi&#8221; font_container=&#8221;tag:h2|text_align:center&#8221; use_theme_fonts=&#8221;yes&#8221;][vc_empty_space height=&#8221;10px&#8221;][vc_separator][vc_empty_space height=&#8221;10px&#8221;][\/vc_column][\/vc_row][vc_row][vc_column width=&#8221;1\/2&#8243;][vc_column_text] Kravas taksometrs R\u012bg\u0101 Rezerv\u0113jiet kravas taksometru R\u012bg\u0101 produkt\u012bv\u0101k. Tas ir \u013coti vienk\u0101r\u0161i, veiciet vienu piepras\u012bjumu m\u016bsu sist\u0113m\u0101 (\u0161eit m\u0101jaslap\u0101 vai mob\u012blaj\u0101 lietotn\u0113) un sa\u0146emiet simtiem pied\u0101v\u0101jumu no lab\u0101kajiem viet\u0113jiem [&hellip;]<\/p>\n","protected":false},"author":2,"featured_media":14002,"parent":0,"menu_order":0,"comment_status":"closed","ping_status":"closed","template":"template-home-modern.php","meta":[],"_links":{"self":[{"href":"https:\/\/disposervice.com\/lv\/wp-json\/wp\/v2\/pages\/14314"}],"collection":[{"href":"https:\/\/disposervice.com\/lv\/wp-json\/wp\/v2\/pages"}],"about":[{"href":"https:\/\/disposervice.com\/lv\/wp-json\/wp\/v2\/types\/page"}],"author":[{"embeddable":true,"href":"https:\/\/disposervice.com\/lv\/wp-json\/wp\/v2\/users\/2"}],"replies":[{"embeddable":true,"href":"https:\/\/disposervice.com\/lv\/wp-json\/wp\/v2\/comments?post=14314"}],"version-history":[{"count":8,"href":"https:\/\/disposervice.com\/lv\/wp-json\/wp\/v2\/pages\/14314\/revisions"}],"predecessor-version":[{"id":15110,"href":"https:\/\/disposervice.com\/lv\/wp-json\/wp\/v2\/pages\/14314\/revisions\/15110"}],"wp:featuredmedia":[{"embeddable":true,"href":"https:\/\/disposervice.com\/lv\/wp-json\/wp\/v2\/media\/14002"}],"wp:attachment":[{"href":"https:\/\/disposervice.com\/lv\/wp-json\/wp\/v2\/media?parent=14314"}],"curies":[{"name":"wp","href":"https:\/\/api.w.org\/{rel}","templated":true}]}}