{"id":10705,"date":"2021-01-15T15:28:49","date_gmt":"2021-01-15T15:28:49","guid":{"rendered":"https:\/\/dispocars.com\/klusti-par-partneri\/"},"modified":"2021-02-04T14:24:21","modified_gmt":"2021-02-04T12:24:21","slug":"klusti-par-partneri","status":"publish","type":"page","link":"https:\/\/disposervice.com\/lv\/klusti-par-partneri\/","title":{"rendered":"K\u013c\u016bsti par partneri"},"content":{"rendered":"<p>[vc_row full_width=&#8221;stretch_row_content_no_spaces&#8221; css=&#8221;.vc_custom_1612440673413{padding-top: 150px !important;padding-bottom: 150px !important;background-image: url(https:\/\/disposervice.com\/wp-content\/uploads\/2021\/01\/become-partner.jpg?id=13904) !important;background-position: center !important;background-repeat: no-repeat !important;background-size: cover !important;}&#8221; el_class=&#8221;text-center st-become-banner&#8221;][vc_column][vc_column_text]<\/p>\n<h2 style=\"text-align: center\"><span style=\"color: #231e5f\">Vai v\u0113laties nopeln\u012bt vair\u0101k, str\u0101d\u0101jot ar savu furgonu?<\/span><\/h2>\n<h4 style=\"text-align: center\"><span style=\"color: #231e5f\">Re\u0123istr\u0113jieties pie mums un s\u0101ciet sa\u0146emt jaunas rezerv\u0101cijas\/ piepras\u012bjumus.<\/span><\/h4>\n<p>[\/vc_column_text][vc_column_text]<a class=\"signup btn btn-danger btn-lg\" href=\"https:\/\/dispocars.com\/supplier\/login\" target=\"_blank\" rel=\"noopener noreferrer\" data-toggle=\"modal\">Re\u0123istr\u0113ties tagad<\/a>[\/vc_column_text][\/vc_column][\/vc_row][vc_row][vc_column][vc_empty_space height=&#8221;45px&#8221;][vc_column_text]<\/p>\n<h2 style=\"text-align: center\"><strong>K\u0101 tas str\u0101d\u0101?<\/strong><\/h2>\n<p>[\/vc_column_text][vc_empty_space height=&#8221;10px&#8221;][\/vc_column][\/vc_row][vc_row el_class=&#8221;st-number-box&#8221;][vc_column width=&#8221;1\/3&#8243;][vc_row_inner][vc_column_inner width=&#8221;1\/4&#8243;][vc_column_text el_class=&#8221;st-number-circle&#8221;]1[\/vc_column_text][\/vc_column_inner][vc_column_inner width=&#8221;3\/4&#8243;][vc_column_text]<\/p>\n<h3>Re\u0123istr\u0113jieties<\/h3>\n<p>Re\u0123istr\u0113jieties un aug\u0161upiel\u0101d\u0113jiet visus nepiecie\u0161amos dokumentus.[\/vc_column_text][\/vc_column_inner][\/vc_row_inner][\/vc_column][vc_column width=&#8221;1\/3&#8243;][vc_row_inner][vc_column_inner width=&#8221;1\/4&#8243;][vc_column_text el_class=&#8221;st-number-circle&#8221;]2[\/vc_column_text][\/vc_column_inner][vc_column_inner width=&#8221;3\/4&#8243;][vc_column_text]<\/p>\n<h3>Pievienojiet savus transportl\u012bdzek\u013cus<\/h3>\n<p>Pievienojiet pilnu inform\u0101ciju par savu autoparku un cen\u0101m.[\/vc_column_text][\/vc_column_inner][\/vc_row_inner][\/vc_column][vc_column width=&#8221;1\/3&#8243;][vc_row_inner][vc_column_inner width=&#8221;1\/4&#8243;][vc_column_text el_class=&#8221;st-number-circle&#8221;]3[\/vc_column_text][\/vc_column_inner][vc_column_inner width=&#8221;3\/4&#8243;][vc_column_text]<\/p>\n<h3>Sa\u0146emt rezerv\u0101cijas \/ piepras\u012bjumus<\/h3>\n<p>S\u0101ciet sa\u0146emt rezerv\u0101cijas un piepras\u012bjumus no klientiem.[\/vc_column_text][\/vc_column_inner][\/vc_row_inner][\/vc_column][\/vc_row][vc_row el_class=&#8221;st-become-feature-wrapper text-center&#8221;][vc_column][vc_empty_space height=&#8221;20px&#8221;][vc_single_image image=&#8221;14344&#8243; img_size=&#8221;full&#8221; alignment=&#8221;center&#8221;][vc_empty_space height=&#8221;40px&#8221;][vc_column_text]<\/p>\n<h2 style=\"text-align: center\"><strong>K\u0101p\u0113c k\u013c\u016bt par partneri<\/strong><\/h2>\n<p>[\/vc_column_text][vc_empty_space height=&#8221;15px&#8221;][vc_row_inner el_class=&#8221;st-become-feature text-center&#8221;][vc_column_inner el_class=&#8221;column1&#8243; width=&#8221;1\/3&#8243;][vc_single_image image=&#8221;10462&#8243; img_size=&#8221;full&#8221; alignment=&#8221;center&#8221;][vc_column_text css=&#8221;.vc_custom_1610458595973{padding-top: 0.5px !important;}&#8221;]<\/p>\n<h3>Nopelniet papildu ien\u0101kumus.<\/h3>\n<p>[\/vc_column_text][vc_column_text]Papla\u0161iniet savu biznesu kop\u0101 ar mums un pelniet naudu.[\/vc_column_text][\/vc_column_inner][vc_column_inner width=&#8221;1\/3&#8243;][vc_single_image image=&#8221;10476&#8243; img_size=&#8221;full&#8221; alignment=&#8221;center&#8221;][vc_column_text css=&#8221;.vc_custom_1610459227945{padding-top: 3px !important;}&#8221;]<\/p>\n<h3>Esiet da\u013ca no pasaules t\u012bkla.<\/h3>\n<p>[\/vc_column_text][vc_column_text]Esiet da\u013ca no liel\u0101k\u0101 pasa\u017eieru p\u0101rvad\u0101jumu t\u012bkla pasaul\u0113.[\/vc_column_text][\/vc_column_inner][vc_column_inner width=&#8221;1\/3&#8243;][vc_single_image image=&#8221;10490&#8243; img_size=&#8221;full&#8221; alignment=&#8221;center&#8221;][vc_column_text css=&#8221;.vc_custom_1610459233875{padding-top: 2px !important;}&#8221;]<\/p>\n<h3>Att\u012bst\u012bba ar tehnolo\u0123ij\u0101m.<\/h3>\n<p>[\/vc_column_text][vc_column_text]Izmantojot m\u016bsu tehnolo\u0123iju risin\u0101jumus, palieliniet sava biznesa l\u012bmeni jaun\u0101 augstum\u0101.[\/vc_column_text][\/vc_column_inner][\/vc_row_inner][vc_empty_space height=&#8221;15px&#8221;][vc_column_text]<a class=\"signup btn btn-danger btn-lg\" href=\"https:\/\/dispocars.com\/supplier\/login\" target=\"_blank\" rel=\"noopener noreferrer\" data-toggle=\"modal\">Re\u0123istr\u0113ties tagad<\/a>[\/vc_column_text][vc_empty_space height=&#8221;45px&#8221;][vc_separator border_width=&#8221;2&#8243;][vc_empty_space height=&#8221;1px&#8221;][vc_column_text]<\/p>\n<h2 style=\"text-align: center\"><strong>BUJ<\/strong><\/h2>\n<p>[\/vc_column_text][\/vc_column][\/vc_row][vc_row el_class=&#8221;st-become-faqs&#8221;][vc_column width=&#8221;1\/2&#8243;][vc_column_text]<\/p>\n<h3><img loading=\"lazy\" class=\"alignnone size-full wp-image-10165\" src=\"https:\/\/dispocars.com\/wp-content\/uploads\/2021\/01\/faq-dispocars.png\" alt=\"\" width=\"35\" height=\"35\" srcset=\"https:\/\/disposervice.com\/wp-content\/uploads\/2021\/01\/faq-dispocars.png 35w, https:\/\/disposervice.com\/wp-content\/uploads\/2021\/01\/faq-dispocars-300x300.png 300w, https:\/\/disposervice.com\/wp-content\/uploads\/2021\/01\/faq-dispocars-1024x1024.png 1024w, https:\/\/disposervice.com\/wp-content\/uploads\/2021\/01\/faq-dispocars-150x150.png 150w, https:\/\/disposervice.com\/wp-content\/uploads\/2021\/01\/faq-dispocars-768x768.png 768w, https:\/\/disposervice.com\/wp-content\/uploads\/2021\/01\/faq-dispocars-1536x1536.png 1536w, https:\/\/disposervice.com\/wp-content\/uploads\/2021\/01\/faq-dispocars-2048x2048.png 2048w\" sizes=\"(max-width: 35px) 100vw, 35px\" \/>\u00a0Kas var re\u0123istr\u0113ties Dispocars?<\/h3>\n<p>Jebkur\u0161 pakalpojumu sniedz\u0113js, kam ir transporta licence un kuram j\u0101b\u016bt re\u0123istr\u0113tam k\u0101 uz\u0146\u0113mumam vai pa\u0161nodarbin\u0101tam (paku pieg\u0101des pakalpojumi, evakuators, p\u0101rv\u0101k\u0161an\u0101s pakalpojumi u.c.).[\/vc_column_text][vc_empty_space height=&#8221;40px&#8221;][vc_separator][vc_empty_space height=&#8221;1px&#8221;][vc_column_text]<\/p>\n<h3><img loading=\"lazy\" class=\"alignnone wp-image-10165 size-full\" src=\"https:\/\/dispocars.com\/wp-content\/uploads\/2021\/01\/faq-dispocars.png\" alt=\"\" width=\"35\" height=\"35\" srcset=\"https:\/\/disposervice.com\/wp-content\/uploads\/2021\/01\/faq-dispocars.png 35w, https:\/\/disposervice.com\/wp-content\/uploads\/2021\/01\/faq-dispocars-300x300.png 300w, https:\/\/disposervice.com\/wp-content\/uploads\/2021\/01\/faq-dispocars-1024x1024.png 1024w, https:\/\/disposervice.com\/wp-content\/uploads\/2021\/01\/faq-dispocars-150x150.png 150w, https:\/\/disposervice.com\/wp-content\/uploads\/2021\/01\/faq-dispocars-768x768.png 768w, https:\/\/disposervice.com\/wp-content\/uploads\/2021\/01\/faq-dispocars-1536x1536.png 1536w, https:\/\/disposervice.com\/wp-content\/uploads\/2021\/01\/faq-dispocars-2048x2048.png 2048w\" sizes=\"(max-width: 35px) 100vw, 35px\" \/>\u00a0Cik pas\u016bt\u012bjumu m\u0113nes\u012b es sa\u0146em\u0161u?<\/h3>\n<p>Pas\u016bt\u012bjumu skaits ir atkar\u012bgs no j\u016bsu k\u0101 pieg\u0101d\u0101t\u0101ja darb\u012bbas. Ievietojot visu inform\u0101ciju par saviem transportl\u012bdzek\u013ciem, ieg\u016bstot labus att\u0113lus un pied\u0101v\u0101jot zem\u0101kas cenas, j\u016bsu k\u0101 pieg\u0101d\u0101t\u0101ja likme palielin\u0101sies, un tas rad\u012bs vair\u0101k pas\u016bt\u012bjumu.[\/vc_column_text][\/vc_column][vc_column width=&#8221;1\/2&#8243;][vc_column_text]<\/p>\n<h3><img loading=\"lazy\" class=\"alignnone wp-image-10165 size-full\" src=\"https:\/\/dispocars.com\/wp-content\/uploads\/2021\/01\/faq-dispocars.png\" alt=\"\" width=\"35\" height=\"35\" srcset=\"https:\/\/disposervice.com\/wp-content\/uploads\/2021\/01\/faq-dispocars.png 35w, https:\/\/disposervice.com\/wp-content\/uploads\/2021\/01\/faq-dispocars-300x300.png 300w, https:\/\/disposervice.com\/wp-content\/uploads\/2021\/01\/faq-dispocars-1024x1024.png 1024w, https:\/\/disposervice.com\/wp-content\/uploads\/2021\/01\/faq-dispocars-150x150.png 150w, https:\/\/disposervice.com\/wp-content\/uploads\/2021\/01\/faq-dispocars-768x768.png 768w, https:\/\/disposervice.com\/wp-content\/uploads\/2021\/01\/faq-dispocars-1536x1536.png 1536w, https:\/\/disposervice.com\/wp-content\/uploads\/2021\/01\/faq-dispocars-2048x2048.png 2048w\" sizes=\"(max-width: 35px) 100vw, 35px\" \/>\u00a0K\u0101 es sa\u0146em\u0161u piepras\u012bjumus no klientiem un k\u0101 es varu sniegt pied\u0101v\u0101jumus?<\/h3>\n<p>J\u016bs sa\u0146emsit visus piepras\u012bjumus tie\u0161i no m\u016bsu sist\u0113mas pa e-pastu un tos redz\u0113siet ar\u012b, piesl\u0113dzoties sav\u0101 p\u0101rvad\u0101t\u0101ja kont\u0101. Pied\u0101v\u0101jumus varat izteikt tie\u0161i sav\u0101 p\u0101rvad\u0101t\u0101ja kont\u0101.[\/vc_column_text][vc_empty_space height=&#8221;20px&#8221;][vc_separator][vc_empty_space height=&#8221;1px&#8221;][vc_column_text]<\/p>\n<h3><img loading=\"lazy\" class=\"alignnone size-full wp-image-10165\" src=\"https:\/\/dispocars.com\/wp-content\/uploads\/2021\/01\/faq-dispocars.png\" alt=\"\" width=\"35\" height=\"35\" srcset=\"https:\/\/disposervice.com\/wp-content\/uploads\/2021\/01\/faq-dispocars.png 35w, https:\/\/disposervice.com\/wp-content\/uploads\/2021\/01\/faq-dispocars-300x300.png 300w, https:\/\/disposervice.com\/wp-content\/uploads\/2021\/01\/faq-dispocars-1024x1024.png 1024w, https:\/\/disposervice.com\/wp-content\/uploads\/2021\/01\/faq-dispocars-150x150.png 150w, https:\/\/disposervice.com\/wp-content\/uploads\/2021\/01\/faq-dispocars-768x768.png 768w, https:\/\/disposervice.com\/wp-content\/uploads\/2021\/01\/faq-dispocars-1536x1536.png 1536w, https:\/\/disposervice.com\/wp-content\/uploads\/2021\/01\/faq-dispocars-2048x2048.png 2048w\" sizes=\"(max-width: 35px) 100vw, 35px\" \/>\u00a0Kur\u0161 nosaka cenas katram darbam?<\/h3>\n<p>J\u016bs izlemjat, k\u0101du cenu j\u016bs pied\u0101v\u0101siet par konkr\u0113tu klienta piepras\u012bjumu. Jo lab\u0101ku cenu j\u016bs pied\u0101v\u0101jat, jo liel\u0101ka iesp\u0113ja, ka klients izv\u0113l\u0113sies j\u016bs k\u0101 pakalpojuma sniedz\u0113ju. Protams klienti nev\u0113rt\u0113 tikai cenu, bet visu kop\u0101.[\/vc_column_text][\/vc_column][\/vc_row]<\/p>\n","protected":false},"excerpt":{"rendered":"<p>[vc_row full_width=&#8221;stretch_row_content_no_spaces&#8221; css=&#8221;.vc_custom_1612440673413{padding-top: 150px !important;padding-bottom: 150px !important;background-image: url(https:\/\/disposervice.com\/wp-content\/uploads\/2021\/01\/become-partner.jpg?id=13904) !important;background-position: center !important;background-repeat: no-repeat !important;background-size: cover !important;}&#8221; el_class=&#8221;text-center st-become-banner&#8221;][vc_column][vc_column_text] Vai v\u0113laties nopeln\u012bt vair\u0101k, str\u0101d\u0101jot ar savu furgonu? Re\u0123istr\u0113jieties pie mums un s\u0101ciet sa\u0146emt jaunas rezerv\u0101cijas\/ piepras\u012bjumus. [\/vc_column_text][vc_column_text]Re\u0123istr\u0113ties tagad[\/vc_column_text][\/vc_column][\/vc_row][vc_row][vc_column][vc_empty_space height=&#8221;45px&#8221;][vc_column_text] K\u0101 tas str\u0101d\u0101? [\/vc_column_text][vc_empty_space height=&#8221;10px&#8221;][\/vc_column][\/vc_row][vc_row el_class=&#8221;st-number-box&#8221;][vc_column width=&#8221;1\/3&#8243;][vc_row_inner][vc_column_inner width=&#8221;1\/4&#8243;][vc_column_text el_class=&#8221;st-number-circle&#8221;]1[\/vc_column_text][\/vc_column_inner][vc_column_inner width=&#8221;3\/4&#8243;][vc_column_text] Re\u0123istr\u0113jieties Re\u0123istr\u0113jieties un aug\u0161upiel\u0101d\u0113jiet visus nepiecie\u0161amos dokumentus.[\/vc_column_text][\/vc_column_inner][\/vc_row_inner][\/vc_column][vc_column width=&#8221;1\/3&#8243;][vc_row_inner][vc_column_inner [&hellip;]<\/p>\n","protected":false},"author":1,"featured_media":0,"parent":0,"menu_order":0,"comment_status":"closed","ping_status":"closed","template":"template-home-modern.php","meta":[],"_links":{"self":[{"href":"https:\/\/disposervice.com\/lv\/wp-json\/wp\/v2\/pages\/10705"}],"collection":[{"href":"https:\/\/disposervice.com\/lv\/wp-json\/wp\/v2\/pages"}],"about":[{"href":"https:\/\/disposervice.com\/lv\/wp-json\/wp\/v2\/types\/page"}],"author":[{"embeddable":true,"href":"https:\/\/disposervice.com\/lv\/wp-json\/wp\/v2\/users\/1"}],"replies":[{"embeddable":true,"href":"https:\/\/disposervice.com\/lv\/wp-json\/wp\/v2\/comments?post=10705"}],"version-history":[{"count":4,"href":"https:\/\/disposervice.com\/lv\/wp-json\/wp\/v2\/pages\/10705\/revisions"}],"predecessor-version":[{"id":14363,"href":"https:\/\/disposervice.com\/lv\/wp-json\/wp\/v2\/pages\/10705\/revisions\/14363"}],"wp:attachment":[{"href":"https:\/\/disposervice.com\/lv\/wp-json\/wp\/v2\/media?parent=10705"}],"curies":[{"name":"wp","href":"https:\/\/api.w.org\/{rel}","templated":true}]}}