{"id":10587,"date":"2021-01-14T17:01:36","date_gmt":"2021-01-14T17:01:36","guid":{"rendered":"https:\/\/dispocars.com\/lietosanas-noteikumi\/"},"modified":"2021-02-03T11:39:55","modified_gmt":"2021-02-03T09:39:55","slug":"lietosanas-noteikumi","status":"publish","type":"page","link":"https:\/\/disposervice.com\/lv\/lietosanas-noteikumi\/","title":{"rendered":"Lieto\u0161anas Noteikumi"},"content":{"rendered":"<p>[vc_row][vc_column css=&#8221;.vc_custom_1609951487876{padding-top: 25px !important;}&#8221;][vc_column_text]DISPOSERVICE\u00a0 \u2013 LIETO\u0160ANAS NOTEIKUMI<\/p>\n<p>L\u016bdzu, veltiet laiku, lai uzman\u012bgi izlas\u012btu \u0161os noteikumus un nosac\u012bjumus, pirms izmantojat k\u0101du no m\u016bsu pakalpojumiem. \u0160eit ietvertie Noteikumi attieksies uz jebkuras m\u016bsu platformas vai pakalpojuma izmanto\u0161anu neatkar\u012bgi no t\u0101, k\u0101 tiem piek\u013c\u016bt.<\/p>\n<p><strong>Visp\u0101r\u012bgie noteikumi<\/strong><\/p>\n<p>DispoService ar Vietnes atbalstu nodro\u0161ina tie\u0161aiststes pakalpojumu Izpild\u012bt\u0101jiem unpotenci\u0101lajiem Pas\u016bt\u012bt\u0101jiem, kuriem ir nepiecie\u0161ami Izpild\u012bt\u0101ju pakalpojumi. Lietojotpakalpojumu \u0161aj\u0101 vietn\u0113, Lietot\u0101js piekr\u012bt visiem Lieto\u0161anas noteikumiem. Ja Lietot\u0101js nepiekr\u012bt\u0161iem noteikumiem, tam nav ties\u012bbu izmantot \u0161o Vietni vai sa\u0146emt pakalpojumu<\/p>\n<p><strong>Regul\u0113jo\u0161\u0101 likumdo\u0161ana un jurisdikcija<\/strong><\/p>\n<p>Lieto\u0161anas noteikumi tiek reglament\u0113ti saist\u012bb\u0101 ar Latvijas Republikas likumdo\u0161anu. Str\u012bdi unnesaska\u0146as, kas var rasties attiec\u012bb\u0101 ar \u0161iem Lieto\u0161anas noteikumiem tiks izskat\u012btas tikai LatvijasRepublikas tiesu jurisdikcij\u0101.<\/p>\n<p><strong>Izmai\u0146as<\/strong><\/p>\n<p>DispoService saglab\u0101 ties\u012bbas atjaunot un main\u012bt \u0161os Lieto\u0161anas noteikumus jebkur\u0101 laik\u0101, p\u0113csaviem ieskatiem bez pazi\u0146ojumiem. Pas\u016bt\u012bt\u0101jam un Pakalpojuma sniedz\u0113jam regul\u0101ri j\u0101sekol\u012bdzi izmai\u0146\u0101m Lieto\u0161anas noteikumos. Lietot\u0101js ir atbild\u012bgs par Lieto\u0161anas noteikumuatjaunin\u0101jumu vai izmai\u0146u apstiprin\u0101\u0161anu, regul\u0101ri apmekl\u0113jot Vietni.<\/p>\n<p><strong>Inform\u0101cijas precizit\u0101te<\/strong><\/p>\n<p>Osa Group SIA maksim\u0101li cen\u0161as nodro\u0161in\u0101t inform\u0101cijas precizit\u0101ti un pareiz\u012bbu, tom\u0113r nevargarant\u0113t pilnu inform\u0101cijas ticam\u012bbu. Uz\u0146\u0113mums neatbild par gr\u016bt\u012bb\u0101m vai zaud\u0113jumiem, kasradu\u0161ies Satura k\u013c\u016bdu d\u0113\u013c.<\/p>\n<p>Izmantojot DispoService Pakalpojumu, Lietot\u0101js atz\u012bst, ka Uz\u0146\u0113mums ner\u012bkojas darba uz\u0146\u0113m\u0113javai a\u0123enta v\u0101rd\u0101, k\u0101 ar\u012b nav atbild\u012bgs par Izpild\u012bt\u0101ju darbu kvalit\u0101ti. Pas\u016bt\u012bt\u0101js atbild parIzpild\u012bt\u0101ja izv\u0113rt\u0113\u0161anu un noteikumu saska\u0146o\u0161anu par izv\u0113l\u0113tajiem Pakalpojumiem, kurus Izpild\u012bt\u0101js ap\u0146emas izpild\u012bt. Uz\u0146\u0113mums netiek iesaist\u012bts un nenes atbild\u012bbu par Pakalpojumu, l\u012bguma un vieno\u0161an\u0101s noteikumiem starp Pas\u016bt\u012bt\u0101ju un Izpild\u012bt\u0101ju.<\/p>\n<p>Pirms Pakalpojuma nosl\u0113g\u0161anas starp Pas\u016bt\u012bt\u0101ju un Izpild\u012bt\u0101ju, DispoService iesaka piepras\u012btIzpild\u012bt\u0101ja kvalifik\u0101cijas un citus dokumentus, lai izv\u0113rt\u0113tu Izpild\u012bt\u0101ja atbilst\u012bbu sav\u0101mvajadz\u012bb\u0101m. Uz\u0146\u0113mums nenes atbild\u012bbu par jebk\u0101diem zaud\u0113jumiem vai probl\u0113m\u0101m, kas varrasties Pas\u016bt\u012bt\u0101jam inform\u0101cijas nesa\u0146em\u0161anas vai nep\u0101rbaud\u012b\u0161anas d\u0113\u013c.<\/p>\n<p><strong>Saturs<\/strong><\/p>\n<p>Pas\u016bt\u012bt\u0101js garant\u0113, ka Vietnes un Pakalpojuma lieto\u0161ana tiks veikta likum\u012bgiem m\u0113r\u0137iemnep\u0101rk\u0101pjot citu Lietot\u0101ju ties\u012bbas. K\u0101 ar\u012b netiktu ierobe\u017eota Pakalpojuma izmanto\u0161ana citiemLietot\u0101jiem. Visiem vietn\u0113 izvietotajiem mater\u0101liem (zi\u0146\u0101m, profila saturam, darba aprakstiem)j\u0101atbilst un j\u0101b\u016bt pie\u0146emamiem \u0113tikas un mor\u0101les zi\u0146\u0101.<\/p>\n<p>Jebkura inform\u0101cijas, kas tiek ievietota vietn\u0113 nedr\u012bkst satur\u0113t sekojo\u0161o:<\/p>\n<p>\u00b7 \u200bIzteikt aizvainojumus vai peiz\u012bmes, kas ir rasistiska, seksiska vai cita veida aizvainojo\u0161arakstura<\/p>\n<p>\u00b7 \u200bIek\u013caut inform\u0101ciju, piem\u0113ram, e-pastu, telefona numuru, m\u0101jaslapu vai citukontaktinform\u0101ciju tajos laukos kur tas nav paredz\u0113ts<\/p>\n<p>Lietot\u0101js ir pats atbild\u012bgs par visu inform\u0101ciju, kas tiek ievietota vietn\u0113, nos\u016bt\u012bta vai dal\u012bta arcitiem Lietot\u0101jiem izmantojot savus re\u0123istr\u0101cijas datus. DispoService neatbild gad\u012bjumos, kadtre\u0161\u0101 persona nesankcion\u0113ti izmanto Lietot\u0101ja re\u0123istr\u0101cijas datus. Lietot\u0101js piekr\u012bt, ka visspublic\u0113tais, nos\u016bt\u012btais vai saist\u012btais saturs ar vi\u0146u, ir piln\u012bb\u0101 t\u0101s personas atbild\u012bba, kura \u0161o saturuir rad\u012bjusi.<\/p>\n<p>Lietot\u0101js piekr\u012bt, ka Uz\u0146\u0113mums nenes atbild\u012bbu par Saturu, kur\u0161 ir pieejams caur Pakalpojumu.Gad\u012bjuma, ja Vietn\u0113 ir izvietota nor\u0101de uz citu interneta lapu, kas ir neatkar\u012bga no Vietnes.Uz\u0146\u0113mums neatbild par \u0161o, citu lapu Saturu, k\u0101 ar\u012b negarant\u0113 to uzticam\u012bbu. Lietot\u0101js peikr\u012bt, ka gad\u012bjum\u0101, ja tiek veikta p\u0101reja uz jebkuru citu interneta vietni\/lapu, tad Lietot\u0101js to veicapzinoties riskus un atbild\u012bbu, veicot \u0161o darb\u012bbu. Lietot\u0101js piekr\u012bt, ka pats izv\u0113rt\u0113 un saprot visusiesp\u0113jamos riskus saist\u012bb\u0101 ar \u0161o darb\u012bbu.<\/p>\n<p>Uz\u0146\u0113mums neb\u016bs atbild\u012bgs par zaud\u0113jumiem, kas radu\u0161ies, izmantojot Saturu, nos\u016bt\u012bto vaisa\u0146emto inform\u0101ciju pa e-pastu vai citu pieejamo inform\u0101ciju Vietn\u0113.<\/p>\n<p>Lietot\u0101js apstiprina un piekr\u012bt, ka Uz\u0146\u0113mumam ir ties\u012bbas, bet ne pien\u0101kums iepriek\u0161necaurskatot un nesaska\u0146ojot, p\u0113c saviem ieskatiem dz\u0113st un p\u0101rveidot saturu, kas tiek ievietotsVietn\u0113, gad\u012bjum\u0101, ja Uz\u0146\u0113mums uzskata, ka tiek p\u0101rk\u0101pti Lieto\u0161anas noteikumi vai cita iemeslad\u0113\u013c.<\/p>\n<p><strong>Intelektu\u0101lais \u012bpa\u0161ums<\/strong><\/p>\n<p>Uz\u0146\u0113mumam pieder visas intelektu\u0101l\u0101 \u012bpa\u0161uma ties\u012bbas uz \u0161o Vietni. Taj\u0101 skait\u0101, Saturu,att\u0113liem, kodu, form\u0101m, dizainu utt. Lietot\u0101js ap\u0146emas neizmantot un nekop\u0113t jebkuru Vietnessada\u013cu bez Uz\u0146\u0113muma rakstiskas at\u013caujas.<\/p>\n<p>Lietot\u0101js ir atbild\u012bgs par publik\u0101ciju ievieto\u0161anu Vietn\u0113, taj\u0101 skait\u0101, failiem, att\u0113liem, tekstiem,video, ierakstiem vai jebkuriem citiem materi\u0101liem, kuri tiek aug\u0161upiel\u0101d\u0113ti no Lietot\u0101ja puses.Jebkura aug\u0161upiel\u0101d\u0113t\u0101 publik\u0101cija Vietn\u0113, autorties\u012bbas saglab\u0101 autorties\u012bbu \u012bpa\u0161nieks. Lietot\u0101jsdod at\u013cauju uz\u0146\u0113mumam saglab\u0101t, atspogu\u013cot un izmantot \u0161o Saturu.<\/p>\n<p><strong>Attiec\u012bbas ar organiz\u0101cij\u0101m un priv\u0101tperson\u0101m<\/strong><\/p>\n<p>Lietot\u0101js ir atbild\u012bgs par savu re\u0123istr\u0101cijas datu dro\u0161u uzglab\u0101\u0161anu un nenodo\u0161anu tre\u0161aj\u0101mperson\u0101m. Lietot\u0101js piekr\u012bt un apstiprina, ka Uz\u0146\u0113mums nav atbild\u012bgs par zaud\u0113jumiem vaikait\u0113jumiem, kas radu\u0161ies nesankcion\u0113tas piek\u013cuves gad\u012bjum\u0101 nododot savus piek\u013cuves datus(parole un Lietot\u0101jv\u0101rdu) tre\u0161aj\u0101mperson\u0101m.<\/p>\n<p>Lietot\u0101ja darb\u012bba ar organiz\u0101cij\u0101m un priv\u0101tperson\u0101m, kas ir atrastas izmantojot Vietni, taj\u0101skait\u0101 apmaksa, pre\u010du un pakalpojumu snieg\u0161anu, vai jebkurus citus nosac\u012bjumus , piem\u0113ramgarantijas un vieno\u0161an\u0101s, kas ir saist\u012btas ar jebkruu dar\u012bjumu, tiek sl\u0113gtas tikai un vien\u012bgi starpLietot\u0101ju un \u0161\u012bm organiz\u0101cij\u0101m vai priv\u0101tperson\u0101m.<\/p>\n<p>Uz\u0146\u0113mums nezu\u0146emas atbild\u012bbu par jebk\u0101diem zaud\u0113jumiem vai kait\u0113jumiem, kas ir radu\u0161iesnosl\u0113gt\u0101 dar\u012bjuma rezult\u0101t\u0101. K\u0101 ar\u012b uz\u0146\u0113mums neuz\u0146emas atbild\u012bbu tajos gad\u012bjumos, kadnesankcion\u0113tas tre\u0161\u0101s personas p\u0101rk\u0101pj Lietot\u0101ja ties\u012bbas, ieg\u016bstot un izmantojot nesankcion\u0113tupiek\u013cuvi Lietot\u0101ja datiem (Lietot\u0101jv\u0101rds un parole). Lietot\u0101js tam piekr\u012bt un apstiprina.<\/p>\n<p>Str\u012bda gad\u012bjum\u0101, kas radies startp Vietnes Lietot\u0101jiem, vai jebkuru citu tre\u0161o personu, Lietot\u0101jssaprot un apstiprina, ka Uz\u0146\u0113mumam nav pien\u0101kums k\u013c\u016bt par \u0161\u012b str\u012bda dal\u012bbnieku.<\/p>\n<p>Radu\u0161\u0101 str\u012bda gad\u012bjum\u0101, starp Lietot\u0101jiem, Lietot\u0101js atbr\u012bvo Uz\u0146\u0113mumu, taj\u0101 skait\u0101 t\u0101darbiniekus, valdes locek\u013cus, a\u0123entus vai juridiskos mantiniekus, no jebk\u0101d\u0101m pretenzij\u0101m,pras\u012b\u0101b vai radu\u0161iem zaud\u0113jumiem. Kas ir jebk\u0101d\u0101 veid\u0101 staist\u012bti ar radu\u0161ajiem str\u012bdiem,pretenzij\u0101m vai Uz\u0146\u0113muma servisu.<\/p>\n<p><strong>Re\u0123istr\u0101cija, pas\u016bt\u012bjumu un pied\u0101v\u0101jumu veido\u0161ana, atsauksmes<\/strong><\/p>\n<p>Lietot\u0101jam ir j\u0101re\u0123istr\u0113jas Vietn\u0113 un j\u0101izveido kots, lai k\u013c\u016btu par Pas\u016bt\u012bt\u0101ju vai Izpild\u012bt\u0101ju. Laire\u0123istr\u0113tos Vietn\u0113 Lietot\u0101jam ir j\u0101aizpilda visi oblig\u0101tie lauki un j\u0101aug\u0161upiel\u0101d\u0113 nepiecie\u0161amiedokumenti. Lietot\u0101ji ir atbild\u012bgi par profila Saturu un datu precizit\u0101ti un likum\u012bbu.<\/p>\n<p>Vietn\u0113 visi Izpild\u012bt\u0101ji tiks v\u0113rt\u0113ti ar atsauksmju pal\u012bdz\u012bbu, gad\u012bjum\u0101 kad tiks nosl\u0113gts Pakalpojumu snieg\u0161anas l\u012bgums starp Izpild\u012bt\u0101ju un Pas\u016bt\u012bt\u0101ju par da\u013c\u0113ju vai piln\u012bguPakalpojuma izpildi.<\/p>\n<p>Pas\u016bt\u012bt\u0101js, kas atst\u0101j atsauksmi par Izpild\u012bt\u0101ju ir atbild\u012bgs par t\u0101 Saturu, precizit\u0101ti un likum\u012bbu.Uz\u0146\u0113mums nav atbild\u012bgs par jebk\u0101diem kait\u0113jumiem, kas rad\u012bti saist\u012bb\u0101 ar atsauksmju Saturu.Uz\u0146\u0113muma ir ties\u012bbas veikt atsaukmsju p\u0101rbaudi un dz\u0113st t\u0101s p\u0113c autora piepras\u012bjuma. K\u0101 ar\u012bp\u0101rbaud\u012bt ar m\u0113r\u0137i nodro\u0161in\u0101t patiesas atsauksmes.<\/p>\n<p>Uz\u0146\u0113muma ir ties\u012bbas atteikt Lietot\u0101ja re\u0123istr\u0101ciju, pas\u016bt\u012bjumu izveidi, pas\u016bt\u012bjumu pied\u0101v\u0101jumaapstiprin\u0101\u0161anu, piek\u013cuvi vietnei, atsaukmsju ievieto\u0161anu, gad\u012bjum\u0101 ja:<\/p>\n<p>\u00b7 \u200btiek izmantota nesankcion\u0113ta inform\u0101cija, piem\u0113ram, e-pasta adrese, telefona numurs vaicita kontaktinform\u0101cija;<\/p>\n<p>\u00b7 \u200btiek izmantota jebk\u0101da necenz\u0113ta leksika, ne\u0113tiska uzved\u012bba Vietnes vid\u0113, kas aizskarLietot\u0101ju, Uz\u0146\u0113mumu vai citas personas;<\/p>\n<p>\u00b7 \u200btiek \u013caunpr\u0101t\u012bgi izmantota re\u0123istr\u0101cijas inform\u0101cija, vai nepiln\u012bgi sniegta re\u0123istr\u0101cijasinform\u0101cija un p\u0113c vair\u0101kiem piepras\u012bjumiem t\u0101 netiek papildin\u0101ta;<\/p>\n<p>\u00b7 \u200bnelikum\u012bgi vai \u013caunpr\u0101t\u012bgi tiek izmantota pas\u016bt\u012bjumu, pied\u0101v\u0101jumu vai cita inform\u0101cija;<\/p>\n<p>\u00b7 \u200b\u013baunpr\u0101t\u012bgi tiek izmantota jebkura Vietnes funkcionalit\u0101te.<\/p>\n<p><strong>Apmaksas k\u0101rt\u012bba<\/strong><\/p>\n<p>Par sniegtajiem pakalpojumiem Pas\u016bt\u012bt\u0101js nor\u0113\u0137in\u0101s veicot apmaksu ar kred\u012btkarti dro\u0161\u0101maks\u0101juma sait\u0113 ar Stripe maks\u0101jumu sist\u0113mu.<\/p>\n<p><strong>Naudas atmaksas nosac\u012bjumi pas\u016bt\u012bt\u0101jiem<\/strong><\/p>\n<p>Pas\u016bt\u012btajam ir ties\u012bbas piepras\u012bt Uz\u0146\u0113mumam izt\u0113r\u0113t\u0101s naudas atmaksu par pas\u016bt\u012bjumu, kas tika izpild\u012bts caur Disposervice servisu. Pas\u012bt\u012bt\u0101jam ir j\u0101iesniedz rakstisks pieteikums uz naudas atmaksune v\u0113l\u0101k k\u0101 7 dienas no pas\u016bt\u012bjuma uzs\u0101k\u0161anas datuma.<\/p>\n<p>Pas\u016bt\u012bt\u0101js saprot, ka pieteikuma izskat\u012b\u0161ana un naudas atmaksa var aiz\u0146emt l\u012bdz 10 darba dien\u0101m.Pas\u016bt\u012bt\u0101js piekr\u012bt, ka Uz\u0146\u0113mums atst\u0101j aiz sevis ties\u012bbas neatgriezt naudu, ja vi\u0146a r\u012bc\u012bb\u0101 tikskonstat\u0113ta kr\u0101p\u0161ana, un saprot, ka jebkur\u0161 kr\u0101p\u0161anas m\u0113\u0123in\u0101jums tiks sod\u012bts ar profila blo\u0137\u0113\u0161anuvietn\u0113, k\u0101 ar\u012b tiks saukts pie atbild\u012bbas saska\u0146\u0101 ar Latvijas Republikas likumiem.<\/p>\n<p><strong>Profila dz\u0113\u0161ana<\/strong><\/p>\n<p>Lietot\u0101jam ir ties\u012bbas piepras\u012bt vai pa\u0161am dz\u0113st savu profile Vietn\u0113. Dz\u0113\u0161ot profile Vietn\u0113, visi Lietot\u0101ja dati tiks dz\u0113sti, k\u0101 ar\u012b leitot\u0101js zaud\u0113s piek\u013cuvi Vietnei.<\/p>\n<p><strong>Ierobe\u017eojumi<\/strong><\/p>\n<p>Lietot\u0101js apstiprina, ka Uz\u0146\u0113mums p\u0113c nepiecie\u0161am\u012bbas var uzlikt da\u017e\u0101dus ierobe\u017eojumusVietnes izmanto\u0161anai. Taj\u0101 skait\u0101, attiec\u012bb\u0101 uz Satura saglab\u0101\u0161anas apjomu, dienu skaitu,publik\u0101ciju, e-pastu vai cita veida zi\u0146ojumu skaitu un izm\u0113ru, kas var glab\u0101ties Vietn\u0113.<\/p>\n<p>Lietot\u0101js apstiprina un saprot, ka Uz\u0146\u0113muma ir ties\u012bbas jebkur\u0101 laik\u0101 main\u012bt vai p\u0101rtraukt Vietnesvai k\u0101das no t\u0101s da\u013cas darb\u012bbu, nepazi\u0146ojot par to Lietot\u0101jam. Uz\u0146\u0113mums nav atbild\u012bgs parSatura dz\u0113\u0161anu, neiesp\u0113jam\u012bbu to uzglab\u0101t Vietn\u0113 vai par jebk\u0101d\u0101m Servisa izmai\u0146\u0101m,apst\u0101din\u0101\u0161anu vai snieg\u0161anas p\u0101rtrauk\u0161anu.<\/p>\n<p>Uz\u0146\u0113mumam ir ties\u012bbas jebkur\u0101 laik\u0101 nodot piln\u012bgi vai da\u013c\u0113ji savas ties\u012bbas un pien\u0101kumusjebkurai tre\u0161ajau personai, par to nepazi\u0146ojot Lietot\u0101jam.<\/p>\n<p>Gad\u012bjum\u0101 ja rodas jebk\u0101da veida zaud\u0113jumi vai boj\u0101jumi, kas ir saist\u012bti ar Servisa da\u013casnodro\u0161in\u0101\u0161anu vai nenodro\u0161in\u0101\u0161anu (pe\u013cnas, vai citiem zaud\u0113jumiem), Lietot\u0101js apstiprina unpiekr\u012bt, ka Uz\u0146\u0113mums par to nek\u0101d\u0101 veid\u0101 nav atbild\u012bgs.<\/p>\n<p><strong>Servisa darb\u012bbas p\u0101rtrauk\u0161ana<\/strong><\/p>\n<p>Uz\u0146\u0113mumam ir ties\u012bbas, bet ne pien\u0101kums p\u0101rtraukt vai ierobe\u017eot Lietot\u0101ja konta darb\u012bbu p\u0113csaviem ieskatiem, gad\u012bjum\u0101 ja Uz\u0146\u0113mums uzskata, ka Lietot\u0101ja r\u012bc\u012bba neatbilst Lieto\u0161anasnoteikumiem. Lietot\u0101js piekr\u012bt nem\u0113\u0123in\u0101t izmantot Vietni p\u0113c min\u0113tajiem piek\u013cuves ierobe\u017eojumiem.<\/p>\n<p>&nbsp;<\/p>\n<p>[\/vc_column_text][\/vc_column][\/vc_row]<\/p>\n","protected":false},"excerpt":{"rendered":"<p>[vc_row][vc_column css=&#8221;.vc_custom_1609951487876{padding-top: 25px !important;}&#8221;][vc_column_text]DISPOSERVICE\u00a0 \u2013 LIETO\u0160ANAS NOTEIKUMI L\u016bdzu, veltiet laiku, lai uzman\u012bgi izlas\u012btu \u0161os noteikumus un nosac\u012bjumus, pirms izmantojat k\u0101du no m\u016bsu pakalpojumiem. \u0160eit ietvertie Noteikumi attieksies uz jebkuras m\u016bsu platformas vai pakalpojuma izmanto\u0161anu neatkar\u012bgi no t\u0101, k\u0101 tiem piek\u013c\u016bt. Visp\u0101r\u012bgie noteikumi DispoService ar Vietnes atbalstu nodro\u0161ina tie\u0161aiststes pakalpojumu Izpild\u012bt\u0101jiem unpotenci\u0101lajiem Pas\u016bt\u012bt\u0101jiem, kuriem ir nepiecie\u0161ami [&hellip;]<\/p>\n","protected":false},"author":2,"featured_media":9771,"parent":0,"menu_order":0,"comment_status":"closed","ping_status":"closed","template":"template-home-modern.php","meta":[],"_links":{"self":[{"href":"https:\/\/disposervice.com\/lv\/wp-json\/wp\/v2\/pages\/10587"}],"collection":[{"href":"https:\/\/disposervice.com\/lv\/wp-json\/wp\/v2\/pages"}],"about":[{"href":"https:\/\/disposervice.com\/lv\/wp-json\/wp\/v2\/types\/page"}],"author":[{"embeddable":true,"href":"https:\/\/disposervice.com\/lv\/wp-json\/wp\/v2\/users\/2"}],"replies":[{"embeddable":true,"href":"https:\/\/disposervice.com\/lv\/wp-json\/wp\/v2\/comments?post=10587"}],"version-history":[{"count":3,"href":"https:\/\/disposervice.com\/lv\/wp-json\/wp\/v2\/pages\/10587\/revisions"}],"predecessor-version":[{"id":14339,"href":"https:\/\/disposervice.com\/lv\/wp-json\/wp\/v2\/pages\/10587\/revisions\/14339"}],"wp:featuredmedia":[{"embeddable":true,"href":"https:\/\/disposervice.com\/lv\/wp-json\/wp\/v2\/media\/9771"}],"wp:attachment":[{"href":"https:\/\/disposervice.com\/lv\/wp-json\/wp\/v2\/media?parent=10587"}],"curies":[{"name":"wp","href":"https:\/\/api.w.org\/{rel}","templated":true}]}}