{"id":10581,"date":"2021-01-14T17:00:27","date_gmt":"2021-01-14T17:00:27","guid":{"rendered":"https:\/\/dispocars.com\/kaontakti\/"},"modified":"2021-02-24T15:18:26","modified_gmt":"2021-02-24T13:18:26","slug":"kontakti","status":"publish","type":"page","link":"https:\/\/disposervice.com\/lv\/kontakti\/","title":{"rendered":"Kontakti"},"content":{"rendered":"<p>[vc_row][vc_column][vc_empty_space height=&#8221;75px&#8221;][\/vc_column][\/vc_row][vc_row][vc_column width=&#8221;5\/12&#8243;]<div role=\"form\" class=\"wpcf7\" id=\"wpcf7-f10595-o1\" lang=\"lv-LV\" dir=\"ltr\">\n<div class=\"screen-reader-response\"><p role=\"status\" aria-live=\"polite\" aria-atomic=\"true\"><\/p> <ul><\/ul><\/div>\n<form action=\"\/lv\/wp-json\/wp\/v2\/pages\/10581#wpcf7-f10595-o1\" method=\"post\" class=\"wpcf7-form init\" novalidate=\"novalidate\" data-status=\"init\">\n<div style=\"display: none;\">\n<input type=\"hidden\" name=\"_wpcf7\" value=\"10595\" \/>\n<input type=\"hidden\" name=\"_wpcf7_version\" value=\"5.5.3\" \/>\n<input type=\"hidden\" name=\"_wpcf7_locale\" value=\"lv_LV\" \/>\n<input type=\"hidden\" name=\"_wpcf7_unit_tag\" value=\"wpcf7-f10595-o1\" \/>\n<input type=\"hidden\" name=\"_wpcf7_container_post\" value=\"0\" \/>\n<input type=\"hidden\" name=\"_wpcf7_posted_data_hash\" value=\"\" \/>\n<\/div>\n<div class=\"st-contact-form\">\n<div class=\"contact-header\">\n<h3>M\u0113s labpr\u0101t dzird\u0113tu no jums<\/h3>\n<p>Nos\u016btiet mums zi\u0146ojumu, un m\u0113s sazin\u0101simies ar jums p\u0113c iesp\u0113jas \u0101tr\u0101k<\/p>\n<\/div>\n<div class=\"contact-form\">\n<div class=\"form-group\">\n<span class=\"wpcf7-form-control-wrap your-name\"><input type=\"text\" name=\"your-name\" value=\"\" size=\"40\" class=\"wpcf7-form-control wpcf7-text wpcf7-validates-as-required form-control\" aria-required=\"true\" aria-invalid=\"false\" placeholder=\"V\u0101rds\" \/><\/span>\n                            <\/div>\n<div class=\"form-group\">\n<span class=\"wpcf7-form-control-wrap your-email\"><input type=\"email\" name=\"your-email\" value=\"\" size=\"40\" class=\"wpcf7-form-control wpcf7-text wpcf7-email wpcf7-validates-as-required wpcf7-validates-as-email form-control\" aria-required=\"true\" aria-invalid=\"false\" placeholder=\"E-pasts\" \/><\/span>\n                            <\/div>\n<div class=\"form-group\">\n<span class=\"wpcf7-form-control-wrap your-message\"><textarea name=\"your-message\" cols=\"40\" rows=\"10\" class=\"wpcf7-form-control wpcf7-textarea form-control\" aria-invalid=\"false\" placeholder=\"Zi\u0146a\"><\/textarea><\/span>\n                            <\/div>\n<p><input type=\"submit\" value=\"S\u016aT\u012aT ZI\u0145U\" class=\"wpcf7-form-control has-spinner wpcf7-submit btn btn-primary\" \/><\/p>\n<\/div>\n<\/div>\n<div class=\"wpcf7-response-output\" aria-hidden=\"true\"><\/div><\/form><\/div>[vc_empty_space height=&#8221;25px&#8221;][\/vc_column][vc_column width=&#8221;2\/12&#8243;][\/vc_column][vc_column width=&#8221;5\/12&#8243;]<div class=\"st-contact-info\">\n    <div class=\"info-bg\">\n        <img src=\"https:\/\/disposervice.com\/wp-content\/uploads\/2021\/02\/contact-delivery-services.jpg\" class=\"img-responsive\" alt=\"Background Contact Info\"\/>    <\/div>\n    <div class=\"info-content\">\n                <h3>SIA Osa Group<\/h3>\n                        <div class=\"sub\">\n            Tell. +371 299 099 07<\/p>\n<p>E-pasts. support@disposervice.com<\/p>\n<p class=\"address\">Dzirnieku iela 16, M\u0101rupe, LV-2167, Latvija<\/p>\n<p>            <!--<p>Tell. + 00 222 444 33<\/p>\n            <p>Email. hello@yoursite.com<\/p>\n            <p class=\"address\">1355 Market St, Suite 900San, Francisco, CA 94103 United States<\/p>-->\n        <\/div>\n            <\/div>\n<\/div>[vc_empty_space height=&#8221;75px&#8221;][\/vc_column][\/vc_row][vc_row][vc_column][vc_tta_tabs][vc_tta_section title=&#8221;R\u012bga&#8221; tab_id=&#8221;1609779601000-919e5e23-25da&#8221;][vc_column_text]SIA Osa Group<br \/>\nAdrese: Dzirnieku iela 16, M\u0101rupes novads, LV-2167<br \/>\nRe\u0123.Nr.: 50103638061<br \/>\nPVN Nr.: LV50103638061[\/vc_column_text][\/vc_tta_section][vc_tta_section title=&#8221;Tallinn&#8221; tab_id=&#8221;1609779600976-f4ee6dd3-488d&#8221;][vc_column_text]Dispo Group O\u00dc<br \/>\nAdrese: Tallinn, Kesklinna linnaosa, Sakala tn 7-2, 10141<br \/>\nRe\u0123.nr.: 16092895[\/vc_column_text][\/vc_tta_section][\/vc_tta_tabs][\/vc_column][\/vc_row]<\/p>\n","protected":false},"excerpt":{"rendered":"<p>[vc_row][vc_column][vc_empty_space height=&#8221;75px&#8221;][\/vc_column][\/vc_row][vc_row][vc_column width=&#8221;5\/12&#8243;][vc_empty_space height=&#8221;25px&#8221;][\/vc_column][vc_column width=&#8221;2\/12&#8243;][\/vc_column][vc_column width=&#8221;5\/12&#8243;][vc_empty_space height=&#8221;75px&#8221;][\/vc_column][\/vc_row][vc_row][vc_column][vc_tta_tabs][vc_tta_section title=&#8221;R\u012bga&#8221; tab_id=&#8221;1609779601000-919e5e23-25da&#8221;][vc_column_text]SIA Osa Group Adrese: Dzirnieku iela 16, M\u0101rupes novads, LV-2167 Re\u0123.Nr.: 50103638061 PVN Nr.: LV50103638061[\/vc_column_text][\/vc_tta_section][vc_tta_section title=&#8221;Tallinn&#8221; tab_id=&#8221;1609779600976-f4ee6dd3-488d&#8221;][vc_column_text]Dispo Group O\u00dc Adrese: Tallinn, Kesklinna linnaosa, Sakala tn 7-2, 10141 Re\u0123.nr.: 16092895[\/vc_column_text][\/vc_tta_section][\/vc_tta_tabs][\/vc_column][\/vc_row]<\/p>\n","protected":false},"author":1,"featured_media":14574,"parent":0,"menu_order":0,"comment_status":"closed","ping_status":"closed","template":"template-home-modern.php","meta":[],"_links":{"self":[{"href":"https:\/\/disposervice.com\/lv\/wp-json\/wp\/v2\/pages\/10581"}],"collection":[{"href":"https:\/\/disposervice.com\/lv\/wp-json\/wp\/v2\/pages"}],"about":[{"href":"https:\/\/disposervice.com\/lv\/wp-json\/wp\/v2\/types\/page"}],"author":[{"embeddable":true,"href":"https:\/\/disposervice.com\/lv\/wp-json\/wp\/v2\/users\/1"}],"replies":[{"embeddable":true,"href":"https:\/\/disposervice.com\/lv\/wp-json\/wp\/v2\/comments?post=10581"}],"version-history":[{"count":3,"href":"https:\/\/disposervice.com\/lv\/wp-json\/wp\/v2\/pages\/10581\/revisions"}],"predecessor-version":[{"id":14689,"href":"https:\/\/disposervice.com\/lv\/wp-json\/wp\/v2\/pages\/10581\/revisions\/14689"}],"wp:featuredmedia":[{"embeddable":true,"href":"https:\/\/disposervice.com\/lv\/wp-json\/wp\/v2\/media\/14574"}],"wp:attachment":[{"href":"https:\/\/disposervice.com\/lv\/wp-json\/wp\/v2\/media?parent=10581"}],"curies":[{"name":"wp","href":"https:\/\/api.w.org\/{rel}","templated":true}]}}