{"id":10577,"date":"2021-01-14T16:58:33","date_gmt":"2021-01-14T16:58:33","guid":{"rendered":"https:\/\/dispocars.com\/par-mums\/"},"modified":"2021-03-15T11:55:56","modified_gmt":"2021-03-15T09:55:56","slug":"par-mums","status":"publish","type":"page","link":"https:\/\/disposervice.com\/lv\/par-mums\/","title":{"rendered":"Par mums"},"content":{"rendered":"<p>[vc_row][vc_column][vc_empty_space height=&#8221;60px&#8221;][\/vc_column][\/vc_row][vc_row][vc_column width=&#8221;1\/2&#8243;][vc_single_image image=&#8221;14526&#8243; img_size=&#8221;full&#8221; alignment=&#8221;center&#8221; css_animation=&#8221;none&#8221;][vc_column_text el_class=&#8221;st-aboutus-title&#8221;]<\/p>\n<h3>M\u016bsu st\u0101sts<\/h3>\n<p>[\/vc_column_text][vc_column_text el_class=&#8221;st-aboutus-content&#8221;]DispoService k\u013c\u016bst par liel\u0101ko pieg\u0101des furgonu un paku s\u016bt\u012bjumu datu b\u0101zi pasaul\u0113. Visi viet\u0113jo pakalpojumu sniedz\u0113ju ievad\u012btie dati tiek izplat\u012bti da\u017e\u0101dos kan\u0101los vis\u0101 pasaul\u0113, lai pal\u012bdz\u0113tu cilv\u0113kiem ar ikdienas pieg\u0101des piepras\u012bjumiem un starptautisko paku s\u016bt\u012bjumu piepras\u012bjumiem da\u017eu sekun\u017eu laik\u0101 sasniegt jebkuru pasaules da\u013cu.<\/p>\n<p>DispoService ir jauns z\u012bmols, kuru OsaBus komanda ir izveidojusi 2020. gad\u0101. Profesion\u0101\u013cu komanda ar stabilu nozares pieredzi kop\u0161 2013. gada.[\/vc_column_text][vc_empty_space height=&#8221;30px&#8221;][\/vc_column][vc_column width=&#8221;1\/2&#8243;][vc_single_image image=&#8221;10007&#8243; img_size=&#8221;full&#8221; alignment=&#8221;center&#8221;][vc_column_text el_class=&#8221;st-aboutus-title&#8221;]<\/p>\n<h3>M\u016bsu misija<\/h3>\n<p>[\/vc_column_text][vc_column_text el_class=&#8221;st-aboutus-content&#8221;]M\u0113s veidojam liel\u0101ko lo\u0123istikas uz\u0146\u0113mumu kopienu pasaul\u0113. Ar tehnolo\u0123iju pal\u012bdz\u012bbu m\u0113s varam pal\u012bdz\u0113t m\u016bsu partneriem att\u012bst\u012bt savu biznesu un izveidot savienojumu ar glob\u0101laj\u0101m izplat\u012b\u0161anas sist\u0113m\u0101m, lai ieg\u016btu vair\u0101k rezerv\u0101ciju un atvieglotu mobilit\u0101ti.<\/p>\n<p>Pievienojieties sist\u0113mai vai nu k\u0101 klients, vai k\u0101 partneris un izbaudiet tehnolo\u0123iju sp\u0113ku.[\/vc_column_text][vc_empty_space height=&#8221;30px&#8221;][\/vc_column][\/vc_row][vc_row][vc_column][vc_empty_space height=&#8221;20px&#8221;]<div class=\"st-list-statistic\"><div class=\"row\">            <div class=\"col-md-3 col-sm-6\">\n                <div class=\"item-wrapper\">\n                    <div class=\"item\">\n                        <div class=\"front\">\n                            <div class=\"inner\">\n                                <h4>2k+<\/h4>\n                                <p class=\"sub-text\">Partneri<\/p>\n                            <\/div>\n                        <\/div>\n                        <div class=\"end\">\n                            <p class=\"desc\">Vair\u0101k nek\u0101 2000 partneri vis\u0101 Eirop\u0101.<\/p>\n                        <\/div>\n                    <\/div>\n                <\/div>\n            <\/div>\n                        <div class=\"col-md-3 col-sm-6\">\n                <div class=\"item-wrapper\">\n                    <div class=\"item\">\n                        <div class=\"front\">\n                            <div class=\"inner\">\n                                <h4>150+<\/h4>\n                                <p class=\"sub-text\">Pils\u0113tas<\/p>\n                            <\/div>\n                        <\/div>\n                        <div class=\"end\">\n                            <p class=\"desc\">DispoService veic pakalpojumus vis\u0101 Eirop\u0101.<\/p>\n                        <\/div>\n                    <\/div>\n                <\/div>\n            <\/div>\n                        <div class=\"col-md-3 col-sm-6\">\n                <div class=\"item-wrapper\">\n                    <div class=\"item\">\n                        <div class=\"front\">\n                            <div class=\"inner\">\n                                <h4>700+<\/h4>\n                                <p class=\"sub-text\">Galam\u0113r\u0137i<\/p>\n                            <\/div>\n                        <\/div>\n                        <div class=\"end\">\n                            <p class=\"desc\">Lai kur j\u016bs dotos, DispoService ir kop\u0101 ar jums.<\/p>\n                        <\/div>\n                    <\/div>\n                <\/div>\n            <\/div>\n                        <div class=\"col-md-3 col-sm-6\">\n                <div class=\"item-wrapper\">\n                    <div class=\"item\">\n                        <div class=\"front\">\n                            <div class=\"inner\">\n                                <h4>28+<\/h4>\n                                <p class=\"sub-text\">Valstis<\/p>\n                            <\/div>\n                        <\/div>\n                        <div class=\"end\">\n                            <p class=\"desc\">M\u016bsu pakalpojumi ir pieejami vis\u0101 Eirop\u0101.<\/p>\n                        <\/div>\n                    <\/div>\n                <\/div>\n            <\/div>\n            <\/div><\/div>[vc_empty_space height=&#8221;65px&#8221;]<div class=\"st-aboutus-info\">\n        <p class=\"message\">\"B\u016bdams klients, tikai ar vienu piepras\u012bjumu j\u016bs varat sazin\u0101ties ar visiem sev interes\u0113jo\u0161iem viet\u0113jiem pakalpojumu sniedz\u0113jiem lok\u0101li sav\u0101 valst\u012b vai jebkur citur pasaul\u0113. Veiciet piepras\u012bjumu, izmantojot m\u016bsu vietni vai uzlabot\u0101s mobil\u0101s lietotnes. K\u0101 partneris j\u016bs varat izbaud\u012bt darba br\u012bv\u012bbu un pie\u0146emt tikai t\u0101s atrunas un piepras\u012bjumus, kas vislab\u0101k atbilst j\u016bsu vajadz\u012bb\u0101m. Sa\u0146emiet vair\u0101k biznesa nek\u0101 jebkad agr\u0101k.\"<\/p>\n        <img src=\"https:\/\/disposervice.com\/wp-content\/uploads\/2021\/01\/Foto_Oskars-vienads.jpg\" alt=\"\"\/>            <p class=\"name\">Oskars L\u016bsis<\/p>\n                <p class=\"pos\">Dibin\u0101t\u0101js<\/p>\n    <\/div>[vc_empty_space height=&#8221;65px&#8221;][\/vc_column][\/vc_row]<\/p>\n","protected":false},"excerpt":{"rendered":"<p>[vc_row][vc_column][vc_empty_space height=&#8221;60px&#8221;][\/vc_column][\/vc_row][vc_row][vc_column width=&#8221;1\/2&#8243;][vc_single_image image=&#8221;14526&#8243; img_size=&#8221;full&#8221; alignment=&#8221;center&#8221; css_animation=&#8221;none&#8221;][vc_column_text el_class=&#8221;st-aboutus-title&#8221;] M\u016bsu st\u0101sts [\/vc_column_text][vc_column_text el_class=&#8221;st-aboutus-content&#8221;]DispoService k\u013c\u016bst par liel\u0101ko pieg\u0101des furgonu un paku s\u016bt\u012bjumu datu b\u0101zi pasaul\u0113. Visi viet\u0113jo pakalpojumu sniedz\u0113ju ievad\u012btie dati tiek izplat\u012bti da\u017e\u0101dos kan\u0101los vis\u0101 pasaul\u0113, lai pal\u012bdz\u0113tu cilv\u0113kiem ar ikdienas pieg\u0101des piepras\u012bjumiem un starptautisko paku s\u016bt\u012bjumu piepras\u012bjumiem da\u017eu sekun\u017eu laik\u0101 sasniegt jebkuru pasaules da\u013cu. DispoService [&hellip;]<\/p>\n","protected":false},"author":1,"featured_media":9849,"parent":0,"menu_order":0,"comment_status":"closed","ping_status":"closed","template":"template-home-modern.php","meta":[],"_links":{"self":[{"href":"https:\/\/disposervice.com\/lv\/wp-json\/wp\/v2\/pages\/10577"}],"collection":[{"href":"https:\/\/disposervice.com\/lv\/wp-json\/wp\/v2\/pages"}],"about":[{"href":"https:\/\/disposervice.com\/lv\/wp-json\/wp\/v2\/types\/page"}],"author":[{"embeddable":true,"href":"https:\/\/disposervice.com\/lv\/wp-json\/wp\/v2\/users\/1"}],"replies":[{"embeddable":true,"href":"https:\/\/disposervice.com\/lv\/wp-json\/wp\/v2\/comments?post=10577"}],"version-history":[{"count":2,"href":"https:\/\/disposervice.com\/lv\/wp-json\/wp\/v2\/pages\/10577\/revisions"}],"predecessor-version":[{"id":14858,"href":"https:\/\/disposervice.com\/lv\/wp-json\/wp\/v2\/pages\/10577\/revisions\/14858"}],"wp:featuredmedia":[{"embeddable":true,"href":"https:\/\/disposervice.com\/lv\/wp-json\/wp\/v2\/media\/9849"}],"wp:attachment":[{"href":"https:\/\/disposervice.com\/lv\/wp-json\/wp\/v2\/media?parent=10577"}],"curies":[{"name":"wp","href":"https:\/\/api.w.org\/{rel}","templated":true}]}}