{"id":10427,"date":"2018-11-21T13:21:27","date_gmt":"2018-11-21T13:21:27","guid":{"rendered":"https:\/\/dev.dispocars.com\/sakums\/"},"modified":"2021-06-30T09:18:05","modified_gmt":"2021-06-30T07:18:05","slug":"home-page","status":"publish","type":"page","link":"https:\/\/disposervice.com\/lv\/","title":{"rendered":"S\u0101kums"},"content":{"rendered":"<p>[vc_row full_width=&#8221;stretch_row_content_no_spaces&#8221; row_fullwidth=&#8221;yes&#8221; css=&#8221;.vc_custom_1624371696731{padding-top: 150px !important;padding-bottom: 100px !important;background-image: url(https:\/\/disposervice.com\/wp-content\/uploads\/2021\/02\/delivery-van-parcel-shipment.jpg?id=14627) !important;background-position: center !important;background-repeat: no-repeat !important;background-size: cover !important;}&#8221;][vc_column css=&#8221;.vc_custom_1550221571756{padding-right: 0px !important;padding-left: 0px !important;}&#8221;][vc_column_text]<\/p>\n<h2 style=\"text-align: center;\"><span style=\"color: #ffffff;\">Laipni l\u016bdzam!<\/span><\/h2>\n<h4 style=\"text-align: center;\"><span style=\"color: #ffffff;\">Kas b\u016btu nepiecie\u0161ams paveikt?<\/span><\/h4>\n<p>[\/vc_column_text][\/vc_column][\/vc_row][vc_row][vc_column width=&#8221;1\/3&#8243;][vc_empty_space height=&#8221;52px&#8221;][vc_column_text]<img loading=\"lazy\" class=\"aligncenter wp-image-14992\" src=\"https:\/\/disposervice.com\/wp-content\/uploads\/2021\/06\/LV-1.png\" alt=\"DispoService mob\u012bl\u0101 lietotne\" width=\"500\" height=\"560\" srcset=\"https:\/\/disposervice.com\/wp-content\/uploads\/2021\/06\/LV-1.png 700w, https:\/\/disposervice.com\/wp-content\/uploads\/2021\/06\/LV-1-768x860.png 768w\" sizes=\"(max-width: 500px) 100vw, 500px\" \/>[\/vc_column_text][\/vc_column][vc_column width=&#8221;1\/3&#8243;][vc_empty_space height=&#8221;52px&#8221;][\/vc_column][vc_column width=&#8221;1\/3&#8243;][vc_empty_space height=&#8221;100px&#8221;][vc_column_text]<\/p>\n<h2 style=\"text-align: center;\">Lejupl\u0101d\u0113jiet DispoService lietotni<\/h2>\n<p>[\/vc_column_text][vc_column_text]<\/p>\n<p style=\"text-align: center;\"><a href=\"https:\/\/play.google.com\/store\/apps\/details?id=com.osabus.disposervice&amp;hl=en&amp;gl=US\" target=\"_blank\" rel=\"noopener\"><img loading=\"lazy\" class=\"alignnone wp-image-15010\" src=\"https:\/\/disposervice.com\/wp-content\/uploads\/2021\/06\/google-play-badge1.png\" alt=\"Lejupl\u0101d\u0113t DispoService aplik\u0101ciju. \" width=\"275\" height=\"106\" srcset=\"https:\/\/disposervice.com\/wp-content\/uploads\/2021\/06\/google-play-badge1.png 646w, https:\/\/disposervice.com\/wp-content\/uploads\/2021\/06\/google-play-badge1-768x297.png 768w\" sizes=\"(max-width: 275px) 100vw, 275px\" \/><\/a><a href=\"https:\/\/apps.apple.com\/us\/app\/disposervice\/id1571096716\" target=\"_blank\" rel=\"noopener\"><img loading=\"lazy\" class=\"aligncenter wp-image-15042 size-full\" src=\"https:\/\/disposervice.com\/wp-content\/uploads\/2021\/06\/Download_on_the_App_Store_Badge_LV_RGB_blk_100317-1.png\" alt=\"Download DispoService mobile app\" width=\"240\" height=\"81\" srcset=\"https:\/\/disposervice.com\/wp-content\/uploads\/2021\/06\/Download_on_the_App_Store_Badge_LV_RGB_blk_100317-1.png 240w, https:\/\/disposervice.com\/wp-content\/uploads\/2021\/06\/Download_on_the_App_Store_Badge_LV_RGB_blk_100317-1-768x259.png 768w\" sizes=\"(max-width: 240px) 100vw, 240px\" \/><\/a><\/p>\n<p>[\/vc_column_text][\/vc_column][\/vc_row][vc_row full_width=&#8221;stretch_row&#8221;][vc_column css=&#8221;.vc_custom_1543548162184{margin-bottom: -30px !important;}&#8221;][vc_empty_space height=&#8221;35px&#8221;][vc_column_text]<\/p>\n<h2 style=\"text-align: center;\"><strong>K\u0101 tas str\u0101d\u0101?<\/strong><\/h2>\n<p>[\/vc_column_text][vc_empty_space height=&#8221;20px&#8221;][\/vc_column][\/vc_row][vc_row el_class=&#8221;st-number-box&#8221;][vc_column width=&#8221;1\/3&#8243;][vc_row_inner][vc_column_inner width=&#8221;1\/4&#8243;][vc_column_text el_class=&#8221;st-number-circle&#8221;]1[\/vc_column_text][\/vc_column_inner][vc_column_inner width=&#8221;3\/4&#8243;][vc_column_text]<\/p>\n<h3>Izveidojiet piepras\u012bjumu<\/h3>\n<p>Veiciet pakalpojuma piepras\u012bjumu.[\/vc_column_text][\/vc_column_inner][\/vc_row_inner][\/vc_column][vc_column width=&#8221;1\/3&#8243;][vc_row_inner][vc_column_inner width=&#8221;1\/4&#8243;][vc_column_text el_class=&#8221;st-number-circle&#8221;]2[\/vc_column_text][\/vc_column_inner][vc_column_inner width=&#8221;3\/4&#8243;][vc_column_text]<\/p>\n<h3>Sa\u0146emiet Pied\u0101v\u0101jumus<\/h3>\n<p>Sa\u0146emiet pied\u0101v\u0101jumus no simtiem pakalpojumu sniedz\u0113ju.[\/vc_column_text][\/vc_column_inner][\/vc_row_inner][\/vc_column][vc_column width=&#8221;1\/3&#8243;][vc_row_inner][vc_column_inner width=&#8221;1\/4&#8243;][vc_column_text el_class=&#8221;st-number-circle&#8221;]3[\/vc_column_text][\/vc_column_inner][vc_column_inner width=&#8221;3\/4&#8243;][vc_column_text]<\/p>\n<h3>Izv\u0113lieties un Rezerv\u0113jiet<\/h3>\n<p>Rezerv\u0113jiet pied\u0101v\u0101jumu, kas jums pat\u012bk vislab\u0101k.[\/vc_column_text][\/vc_column_inner][\/vc_row_inner][\/vc_column][\/vc_row][vc_row][vc_column][vc_empty_space height=&#8221;45px&#8221;][vc_single_image image=&#8221;14365&#8243; img_size=&#8221;full&#8221;][vc_empty_space height=&#8221;40px&#8221;][vc_empty_space height=&#8221;15px&#8221;][vc_column_text]<\/p>\n<h2 style=\"text-align: center;\"><strong>BUJ<\/strong><\/h2>\n<p>[\/vc_column_text][\/vc_column][\/vc_row][vc_row][vc_column width=&#8221;1\/2&#8243;][vc_column_text]<\/p>\n<h3><img loading=\"lazy\" class=\"alignnone size-full wp-image-10165\" src=\"https:\/\/dispocars.com\/wp-content\/uploads\/2021\/01\/faq-dispocars.png\" alt=\"\" width=\"35\" height=\"35\" srcset=\"https:\/\/disposervice.com\/wp-content\/uploads\/2021\/01\/faq-dispocars.png 35w, https:\/\/disposervice.com\/wp-content\/uploads\/2021\/01\/faq-dispocars-300x300.png 300w, https:\/\/disposervice.com\/wp-content\/uploads\/2021\/01\/faq-dispocars-1024x1024.png 1024w, https:\/\/disposervice.com\/wp-content\/uploads\/2021\/01\/faq-dispocars-150x150.png 150w, https:\/\/disposervice.com\/wp-content\/uploads\/2021\/01\/faq-dispocars-768x768.png 768w, https:\/\/disposervice.com\/wp-content\/uploads\/2021\/01\/faq-dispocars-1536x1536.png 1536w, https:\/\/disposervice.com\/wp-content\/uploads\/2021\/01\/faq-dispocars-2048x2048.png 2048w\" sizes=\"(max-width: 35px) 100vw, 35px\" \/> K\u0101 es varu pas\u016bt\u012bt nepiecie\u0161amo pakalpojumu?<\/h3>\n<p>Aizpildiet m\u016bsu rezerv\u0101cijas veidlap\u0101 sniegtos nor\u0101d\u012bjumus un tuk\u0161os laukus.[\/vc_column_text][vc_empty_space height=&#8221;20px&#8221;][vc_separator][vc_empty_space height=&#8221;1px&#8221;][vc_column_text]<\/p>\n<h3><img loading=\"lazy\" class=\"alignnone size-full wp-image-10165\" src=\"https:\/\/dispocars.com\/wp-content\/uploads\/2021\/01\/faq-dispocars.png\" alt=\"\" width=\"35\" height=\"35\" srcset=\"https:\/\/disposervice.com\/wp-content\/uploads\/2021\/01\/faq-dispocars.png 35w, https:\/\/disposervice.com\/wp-content\/uploads\/2021\/01\/faq-dispocars-300x300.png 300w, https:\/\/disposervice.com\/wp-content\/uploads\/2021\/01\/faq-dispocars-1024x1024.png 1024w, https:\/\/disposervice.com\/wp-content\/uploads\/2021\/01\/faq-dispocars-150x150.png 150w, https:\/\/disposervice.com\/wp-content\/uploads\/2021\/01\/faq-dispocars-768x768.png 768w, https:\/\/disposervice.com\/wp-content\/uploads\/2021\/01\/faq-dispocars-1536x1536.png 1536w, https:\/\/disposervice.com\/wp-content\/uploads\/2021\/01\/faq-dispocars-2048x2048.png 2048w\" sizes=\"(max-width: 35px) 100vw, 35px\" \/> Vai pied\u0101v\u0101juma cena b\u016bs fiks\u0113ta?<\/h3>\n<p>Pied\u0101v\u0101juma cenas veids (fiks\u0113ts tarifs, piem\u0113ram sundu likme) ir atkar\u012bgs no t\u0101 k\u0101da veida pakalpojumu J\u016bs izv\u0113l\u0113sieties. K\u0101 ar\u012b tas b\u016bs nor\u0101d\u012bts, kad sa\u0146emsiet pied\u0101v\u0101jumu no izpild\u012bt\u0101ja.[\/vc_column_text][\/vc_column][vc_column width=&#8221;1\/2&#8243;][vc_column_text]<\/p>\n<h3><img loading=\"lazy\" class=\"alignnone size-full wp-image-10165\" src=\"https:\/\/dispocars.com\/wp-content\/uploads\/2021\/01\/faq-dispocars.png\" alt=\"\" width=\"35\" height=\"35\" srcset=\"https:\/\/disposervice.com\/wp-content\/uploads\/2021\/01\/faq-dispocars.png 35w, https:\/\/disposervice.com\/wp-content\/uploads\/2021\/01\/faq-dispocars-300x300.png 300w, https:\/\/disposervice.com\/wp-content\/uploads\/2021\/01\/faq-dispocars-1024x1024.png 1024w, https:\/\/disposervice.com\/wp-content\/uploads\/2021\/01\/faq-dispocars-150x150.png 150w, https:\/\/disposervice.com\/wp-content\/uploads\/2021\/01\/faq-dispocars-768x768.png 768w, https:\/\/disposervice.com\/wp-content\/uploads\/2021\/01\/faq-dispocars-1536x1536.png 1536w, https:\/\/disposervice.com\/wp-content\/uploads\/2021\/01\/faq-dispocars-2048x2048.png 2048w\" sizes=\"(max-width: 35px) 100vw, 35px\" \/> K\u0101d\u0101 val\u016bt\u0101 notiks dar\u012bjums?<\/h3>\n<p>Ja netiks izv\u0113l\u0113ts cit\u0101di, no jums tiks iekas\u0113ta summa EUR.[\/vc_column_text][vc_empty_space height=&#8221;20px&#8221;][vc_separator][vc_empty_space height=&#8221;1px&#8221;][vc_column_text]<\/p>\n<h3><img loading=\"lazy\" class=\"alignnone size-full wp-image-10165\" src=\"https:\/\/dispocars.com\/wp-content\/uploads\/2021\/01\/faq-dispocars.png\" alt=\"\" width=\"35\" height=\"35\" srcset=\"https:\/\/disposervice.com\/wp-content\/uploads\/2021\/01\/faq-dispocars.png 35w, https:\/\/disposervice.com\/wp-content\/uploads\/2021\/01\/faq-dispocars-300x300.png 300w, https:\/\/disposervice.com\/wp-content\/uploads\/2021\/01\/faq-dispocars-1024x1024.png 1024w, https:\/\/disposervice.com\/wp-content\/uploads\/2021\/01\/faq-dispocars-150x150.png 150w, https:\/\/disposervice.com\/wp-content\/uploads\/2021\/01\/faq-dispocars-768x768.png 768w, https:\/\/disposervice.com\/wp-content\/uploads\/2021\/01\/faq-dispocars-1536x1536.png 1536w, https:\/\/disposervice.com\/wp-content\/uploads\/2021\/01\/faq-dispocars-2048x2048.png 2048w\" sizes=\"(max-width: 35px) 100vw, 35px\" \/> Cik daudz pied\u0101v\u0101jumu es sa\u0146em\u0161u ar 1 piepras\u012bjumu?<\/h3>\n<p>Atkar\u012bb\u0101 no izv\u0113l\u0113t\u0101s pakalpojumu vietas un pakalpojuma veida jums vajadz\u0113tu sa\u0146emt vid\u0113ji aptuveni 20 pied\u0101v\u0101jumus.[\/vc_column_text][\/vc_column][\/vc_row]<\/p>\n","protected":false},"excerpt":{"rendered":"<p>[vc_row full_width=&#8221;stretch_row_content_no_spaces&#8221; row_fullwidth=&#8221;yes&#8221; css=&#8221;.vc_custom_1624371696731{padding-top: 150px !important;padding-bottom: 100px !important;background-image: url(https:\/\/disposervice.com\/wp-content\/uploads\/2021\/02\/delivery-van-parcel-shipment.jpg?id=14627) !important;background-position: center !important;background-repeat: no-repeat !important;background-size: cover !important;}&#8221;][vc_column css=&#8221;.vc_custom_1550221571756{padding-right: 0px !important;padding-left: 0px !important;}&#8221;][vc_column_text] Laipni l\u016bdzam! Kas b\u016btu nepiecie\u0161ams paveikt? [\/vc_column_text][\/vc_column][\/vc_row][vc_row][vc_column width=&#8221;1\/3&#8243;][vc_empty_space height=&#8221;52px&#8221;][vc_column_text][\/vc_column_text][\/vc_column][vc_column width=&#8221;1\/3&#8243;][vc_empty_space height=&#8221;52px&#8221;][\/vc_column][vc_column width=&#8221;1\/3&#8243;][vc_empty_space height=&#8221;100px&#8221;][vc_column_text] Lejupl\u0101d\u0113jiet DispoService lietotni [\/vc_column_text][vc_column_text] [\/vc_column_text][\/vc_column][\/vc_row][vc_row full_width=&#8221;stretch_row&#8221;][vc_column css=&#8221;.vc_custom_1543548162184{margin-bottom: -30px !important;}&#8221;][vc_empty_space height=&#8221;35px&#8221;][vc_column_text] K\u0101 tas str\u0101d\u0101? [\/vc_column_text][vc_empty_space height=&#8221;20px&#8221;][\/vc_column][\/vc_row][vc_row el_class=&#8221;st-number-box&#8221;][vc_column width=&#8221;1\/3&#8243;][vc_row_inner][vc_column_inner width=&#8221;1\/4&#8243;][vc_column_text el_class=&#8221;st-number-circle&#8221;]1[\/vc_column_text][\/vc_column_inner][vc_column_inner width=&#8221;3\/4&#8243;][vc_column_text] Izveidojiet [&hellip;]<\/p>\n","protected":false},"author":1,"featured_media":0,"parent":0,"menu_order":0,"comment_status":"closed","ping_status":"closed","template":"template-home-modern.php","meta":[],"_links":{"self":[{"href":"https:\/\/disposervice.com\/lv\/wp-json\/wp\/v2\/pages\/10427"}],"collection":[{"href":"https:\/\/disposervice.com\/lv\/wp-json\/wp\/v2\/pages"}],"about":[{"href":"https:\/\/disposervice.com\/lv\/wp-json\/wp\/v2\/types\/page"}],"author":[{"embeddable":true,"href":"https:\/\/disposervice.com\/lv\/wp-json\/wp\/v2\/users\/1"}],"replies":[{"embeddable":true,"href":"https:\/\/disposervice.com\/lv\/wp-json\/wp\/v2\/comments?post=10427"}],"version-history":[{"count":13,"href":"https:\/\/disposervice.com\/lv\/wp-json\/wp\/v2\/pages\/10427\/revisions"}],"predecessor-version":[{"id":15057,"href":"https:\/\/disposervice.com\/lv\/wp-json\/wp\/v2\/pages\/10427\/revisions\/15057"}],"wp:attachment":[{"href":"https:\/\/disposervice.com\/lv\/wp-json\/wp\/v2\/media?parent=10427"}],"curies":[{"name":"wp","href":"https:\/\/api.w.org\/{rel}","templated":true}]}}