{"id":10885,"date":"2021-01-19T14:26:17","date_gmt":"2021-01-19T14:26:17","guid":{"rendered":"https:\/\/dispocars.com\/susisiekite\/"},"modified":"2021-02-24T15:19:03","modified_gmt":"2021-02-24T13:19:03","slug":"susisiekite","status":"publish","type":"page","link":"https:\/\/disposervice.com\/lt\/susisiekite\/","title":{"rendered":"Susisiekite"},"content":{"rendered":"<p>[vc_row][vc_column][vc_empty_space height=\u201c75px\u201c][\/vc_column][\/vc_row][vc_row][vc_column width=\u201c5\/12&#8243;]<div role=\"form\" class=\"wpcf7\" id=\"wpcf7-f10888-o1\" lang=\"lt-LT\" dir=\"ltr\">\n<div class=\"screen-reader-response\"><p role=\"status\" aria-live=\"polite\" aria-atomic=\"true\"><\/p> <ul><\/ul><\/div>\n<form action=\"\/lt\/wp-json\/wp\/v2\/pages\/10885#wpcf7-f10888-o1\" method=\"post\" class=\"wpcf7-form init\" novalidate=\"novalidate\" data-status=\"init\">\n<div style=\"display: none;\">\n<input type=\"hidden\" name=\"_wpcf7\" value=\"10888\" \/>\n<input type=\"hidden\" name=\"_wpcf7_version\" value=\"5.5.3\" \/>\n<input type=\"hidden\" name=\"_wpcf7_locale\" value=\"lt_LT\" \/>\n<input type=\"hidden\" name=\"_wpcf7_unit_tag\" value=\"wpcf7-f10888-o1\" \/>\n<input type=\"hidden\" name=\"_wpcf7_container_post\" value=\"0\" \/>\n<input type=\"hidden\" name=\"_wpcf7_posted_data_hash\" value=\"\" \/>\n<\/div>\n<div class=\"st-contact-form\">\n<div class=\"contact-header\">\n<h3>Nor\u0117tume i\u0161girsti i\u0161 j\u016bs\u0173<\/h3>\n<p>Atsi\u0173skite mums \u017einut\u0119 ir mes kuo grei\u010diau susisieksime su jumis<\/p>\n<\/div>\n<div class=\"contact-form\">\n<div class=\"form-group\">\n<span class=\"wpcf7-form-control-wrap your-name\"><input type=\"text\" name=\"your-name\" value=\"\" size=\"40\" class=\"wpcf7-form-control wpcf7-text wpcf7-validates-as-required form-control\" aria-required=\"true\" aria-invalid=\"false\" placeholder=\"Vardas\" \/><\/span>\n                            <\/div>\n<div class=\"form-group\">\n<span class=\"wpcf7-form-control-wrap your-email\"><input type=\"email\" name=\"your-email\" value=\"\" size=\"40\" class=\"wpcf7-form-control wpcf7-text wpcf7-email wpcf7-validates-as-required wpcf7-validates-as-email form-control\" aria-required=\"true\" aria-invalid=\"false\" placeholder=\"E-pa\u0161tas\" \/><\/span>\n                            <\/div>\n<div class=\"form-group\">\n<span class=\"wpcf7-form-control-wrap your-message\"><textarea name=\"your-message\" cols=\"40\" rows=\"10\" class=\"wpcf7-form-control wpcf7-textarea form-control\" aria-invalid=\"false\" placeholder=\"Prane\u0161imas\"><\/textarea><\/span>\n                            <\/div>\n<p><input type=\"submit\" value=\"SI\u0172STI \u017dINUT\u0118\" class=\"wpcf7-form-control has-spinner wpcf7-submit btn btn-primary\" \/><\/p>\n<\/div>\n<\/div>\n<div class=\"wpcf7-response-output\" aria-hidden=\"true\"><\/div><\/form><\/div>[vc_empty_space height=\u201c25px\u201c][\/vc_column][vc_column width=\u201c2\/12&#8243;][\/vc_column][vc_column width=\u201c5\/12&#8243;]<div class=\"st-contact-info\">\n    <div class=\"info-bg\">\n        <img src=\"https:\/\/disposervice.com\/wp-content\/uploads\/2021\/02\/contact-delivery-services.jpg\" class=\"img-responsive\" alt=\"Background Contact Info\"\/>    <\/div>\n    <div class=\"info-content\">\n                <h3>Dispo Group O\u00dc<\/h3>\n                        <div class=\"sub\">\n            Tell. +44 20 80 89 94 70<\/p>\n<p>Email. support@disposervice.com<\/p>\n<p class=\"address\">Tallinn, Kesklinna linnaosa, Sakala tn 7-2, 10141<\/p>\n<p>            <!--<p>Tell. + 00 222 444 33<\/p>\n            <p>Email. hello@yoursite.com<\/p>\n            <p class=\"address\">1355 Market St, Suite 900San, Francisco, CA 94103 United States<\/p>-->\n        <\/div>\n            <\/div>\n<\/div>[vc_empty_space height=\u201c75px\u201c][\/vc_column][\/vc_row][vc_row][vc_column][vc_tta_tabs][vc_tta_section title=\u201cTalinas\u201c tab_id=\u201c1609779600976-f4ee6dd3-488d\u201c][vc_column_text]Dispo Group O\u00dc<br \/>\nJuridinis adresas: Tallinn, Kesklinna linnaosa, Sakala tn 7-2, 10141<br \/>\nReg.nr.: 16092895[\/vc_column_text][\/vc_tta_section][vc_tta_section title=\u201cRyga\u201c tab_id=\u201c1609779601000-919e5e23-25da\u201c][vc_column_text]SIA Osa Group<br \/>\nJuridinis adresas: Dzirnieku iela 16, M\u0101rupes novads, LV-2167<br \/>\nReg.Nr.: 50103638061<br \/>\nPVM Nr.: LV50103638061[\/vc_column_text][\/vc_tta_section][\/vc_tta_tabs][\/vc_column][\/vc_row]<\/p>\n","protected":false},"excerpt":{"rendered":"<p>[vc_row][vc_column][vc_empty_space height=\u201c75px\u201c][\/vc_column][\/vc_row][vc_row][vc_column width=\u201c5\/12&#8243;][vc_empty_space height=\u201c25px\u201c][\/vc_column][vc_column width=\u201c2\/12&#8243;][\/vc_column][vc_column width=\u201c5\/12&#8243;][vc_empty_space height=\u201c75px\u201c][\/vc_column][\/vc_row][vc_row][vc_column][vc_tta_tabs][vc_tta_section title=\u201cTalinas\u201c tab_id=\u201c1609779600976-f4ee6dd3-488d\u201c][vc_column_text]Dispo Group O\u00dc Juridinis adresas: Tallinn, Kesklinna linnaosa, Sakala tn 7-2, 10141 Reg.nr.: 16092895[\/vc_column_text][\/vc_tta_section][vc_tta_section title=\u201cRyga\u201c tab_id=\u201c1609779601000-919e5e23-25da\u201c][vc_column_text]SIA Osa Group Juridinis adresas: Dzirnieku iela 16, M\u0101rupes novads, LV-2167 Reg.Nr.: 50103638061 PVM Nr.: LV50103638061[\/vc_column_text][\/vc_tta_section][\/vc_tta_tabs][\/vc_column][\/vc_row]<\/p>\n","protected":false},"author":1,"featured_media":14575,"parent":0,"menu_order":0,"comment_status":"closed","ping_status":"closed","template":"template-home-modern.php","meta":[],"_links":{"self":[{"href":"https:\/\/disposervice.com\/lt\/wp-json\/wp\/v2\/pages\/10885"}],"collection":[{"href":"https:\/\/disposervice.com\/lt\/wp-json\/wp\/v2\/pages"}],"about":[{"href":"https:\/\/disposervice.com\/lt\/wp-json\/wp\/v2\/types\/page"}],"author":[{"embeddable":true,"href":"https:\/\/disposervice.com\/lt\/wp-json\/wp\/v2\/users\/1"}],"replies":[{"embeddable":true,"href":"https:\/\/disposervice.com\/lt\/wp-json\/wp\/v2\/comments?post=10885"}],"version-history":[{"count":3,"href":"https:\/\/disposervice.com\/lt\/wp-json\/wp\/v2\/pages\/10885\/revisions"}],"predecessor-version":[{"id":14690,"href":"https:\/\/disposervice.com\/lt\/wp-json\/wp\/v2\/pages\/10885\/revisions\/14690"}],"wp:featuredmedia":[{"embeddable":true,"href":"https:\/\/disposervice.com\/lt\/wp-json\/wp\/v2\/media\/14575"}],"wp:attachment":[{"href":"https:\/\/disposervice.com\/lt\/wp-json\/wp\/v2\/media?parent=10885"}],"curies":[{"name":"wp","href":"https:\/\/api.w.org\/{rel}","templated":true}]}}