{"id":10852,"date":"2021-01-19T07:21:32","date_gmt":"2021-01-19T07:21:32","guid":{"rendered":"https:\/\/dispocars.com\/tapk-partneriu\/"},"modified":"2021-01-20T13:52:16","modified_gmt":"2021-01-20T11:52:16","slug":"tapk-partneriu","status":"publish","type":"page","link":"https:\/\/disposervice.com\/lt\/tapk-partneriu\/","title":{"rendered":"Tapk partneriu"},"content":{"rendered":"<p>[vc_row full_width=\u201cstretch_row_content_no_spaces\u201c css=\u201c.vc_custom_1609783691711{padding-top: 150px !important;padding-bottom: 150px !important;background-image: url(https:\/\/dispocars.com\/wp-content\/uploads\/2021\/01\/become-partner-passenger-transportation-2-1.jpg?id=9912) !important;background-position: center !important;background-repeat: no-repeat !important;background-size: cover !important;}\u201c el_class=\u201ctext-center st-become-banner\u201c][vc_column][vc_column_text]<\/p>\n<h2 style=\"text-align: center;\"><span style=\"color: #ffffff;\">Norite keleivi\u0173 perve\u017eimo versle u\u017edirbti daugiau<\/span><\/h2>\n<h4 style=\"text-align: center;\"><span style=\"color: #ffffff;\">Registruokit\u0117s pas mus ir i\u0161kart gaukite naujus u\u017esakymus \/ u\u017eklausas.<\/span><\/h4>\n<p>[\/vc_column_text][vc_column_text]<a class=\"signup btn btn-danger btn-lg\" href=\"https:\/\/dispocars.com\/supplier\/login\" target=\"_blank\" rel=\"noopener noreferrer\" data-toggle=\"modal\">Registruokis dabar<\/a>[\/vc_column_text][\/vc_column][\/vc_row][vc_row][vc_column][vc_empty_space height=\u201c45px\u201c][vc_column_text]<\/p>\n<h2 style=\"text-align: center;\"><strong>Kaip tai veikia?<\/strong><\/h2>\n<p>[\/vc_column_text][vc_empty_space height=\u201c10px\u201c][\/vc_column][\/vc_row][vc_row el_class=\u201cst-number-box\u201c][vc_column width=\u201c1\/3&#8243;][vc_row_inner][vc_column_inner width=\u201c1\/4&#8243;][vc_column_text el_class=\u201cst-number-circle\u201c]1[\/vc_column_text][\/vc_column_inner][vc_column_inner width=\u201c3\/4&#8243;][vc_column_text]<\/p>\n<h3>Registruokit\u0117s<\/h3>\n<p>Registruokit\u0117s ir \u012fkelkite visus reikiamus dokumentus.[\/vc_column_text][\/vc_column_inner][\/vc_row_inner][\/vc_column][vc_column width=\u201c1\/3&#8243;][vc_row_inner][vc_column_inner width=\u201c1\/4&#8243;][vc_column_text el_class=\u201cst-number-circle\u201c]2[\/vc_column_text][\/vc_column_inner][vc_column_inner width=\u201c3\/4&#8243;][vc_column_text]<\/p>\n<h3>Prid\u0117kite savo transport priemones<\/h3>\n<p>Prid\u0117kite piln\u0105 informacij\u0105 apie savo flotil\u0119 ir kainas.[\/vc_column_text][\/vc_column_inner][\/vc_row_inner][\/vc_column][vc_column width=\u201c1\/3&#8243;][vc_row_inner][vc_column_inner width=\u201c1\/4&#8243;][vc_column_text el_class=\u201cst-number-circle\u201c]3[\/vc_column_text][\/vc_column_inner][vc_column_inner width=\u201c3\/4&#8243;][vc_column_text]<\/p>\n<h3>Gaukite u\u017esakymus \/ u\u017eklausas<\/h3>\n<p>Prad\u0117kite gauti u\u017esakymus ir u\u017eklausas i\u0161 klient\u0173.[\/vc_column_text][\/vc_column_inner][\/vc_row_inner][\/vc_column][\/vc_row][vc_row el_class=\u201cst-become-feature-wrapper text-center\u201c][vc_column][vc_empty_space height=\u201c20px\u201c][vc_single_image image=\u201c10908&#8243; img_size=\u201cfull\u201c alignment=\u201ccenter\u201c][vc_empty_space height=\u201c40px\u201c][vc_column_text]<\/p>\n<h2 style=\"text-align: center;\"><strong>Kod\u0117l verta b\u016bti vietiniu ekspertu<\/strong><\/h2>\n<p>[\/vc_column_text][vc_empty_space height=\u201c15px\u201c][vc_row_inner el_class=\u201cst-become-feature text-center\u201c][vc_column_inner el_class=\u201ccolumn1&#8243; width=\u201c1\/3&#8243;][vc_single_image image=\u201c10462&#8243; img_size=\u201cfull\u201c alignment=\u201ccenter\u201c][vc_column_text css=\u201c.vc_custom_1610458595973{padding-top: 0.5px !important;}\u201c]<\/p>\n<h3>U\u017esidirbkite papildom\u0173 pajam\u0173.<\/h3>\n<p>[\/vc_column_text][vc_column_text]U\u017esidirbkite pinig\u0173 augindami savo versl\u0105 kartu su mumis.[\/vc_column_text][\/vc_column_inner][vc_column_inner width=\u201c1\/3&#8243;][vc_single_image image=\u201c10476&#8243; img_size=\u201cfull\u201c alignment=\u201ccenter\u201c][vc_column_text css=\u201c.vc_custom_1610459227945{padding-top: 3px !important;}\u201c]<\/p>\n<h3>B\u016bkite pasaulinio tinklo dalis.<\/h3>\n<p>[\/vc_column_text][vc_column_text]B\u016bkite did\u017eiausio keleivi\u0173 ve\u017eimo tinklo Pasaulyje dalis.[\/vc_column_text][\/vc_column_inner][vc_column_inner width=\u201c1\/3&#8243;][vc_single_image image=\u201c10490&#8243; img_size=\u201cfull\u201c alignment=\u201ccenter\u201c][vc_column_text css=\u201c.vc_custom_1610459233875{padding-top: 2px !important;}\u201c]<\/p>\n<h3>I\u0161sipl\u0117skite su technologijomis.<\/h3>\n<p>[\/vc_column_text][vc_column_text]I\u0161kelkite savo versl\u0105 \u012f naujas auk\u0161tumas naudodamiesi m\u016bs\u0173 technologiniais sprendimais.[\/vc_column_text][\/vc_column_inner][\/vc_row_inner][vc_empty_space height=\u201c15px\u201c][vc_column_text]<a class=\"signup btn btn-danger btn-lg\" href=\"https:\/\/dispocars.com\/supplier\/login\" target=\"_blank\" rel=\"noopener noreferrer\" data-toggle=\"modal\">Registruokis dabar<\/a>[\/vc_column_text][vc_empty_space height=\u201c45px\u201c][vc_separator border_width=\u201c2&#8243;][vc_empty_space height=\u201c1px\u201c][vc_column_text]<\/p>\n<h2 style=\"text-align: center;\"><strong>DUK<\/strong><\/h2>\n<p>[\/vc_column_text][\/vc_column][\/vc_row][vc_row el_class=\u201cst-become-faqs\u201c][vc_column width=\u201c1\/2&#8243;][vc_column_text]<\/p>\n<h3><img loading=\"lazy\" class=\"alignnone size-full wp-image-10165\" src=\"https:\/\/dispocars.com\/wp-content\/uploads\/2021\/01\/faq-dispocars.png\" alt=\"\" width=\"35\" height=\"35\" srcset=\"https:\/\/disposervice.com\/wp-content\/uploads\/2021\/01\/faq-dispocars.png 35w, https:\/\/disposervice.com\/wp-content\/uploads\/2021\/01\/faq-dispocars-300x300.png 300w, https:\/\/disposervice.com\/wp-content\/uploads\/2021\/01\/faq-dispocars-1024x1024.png 1024w, https:\/\/disposervice.com\/wp-content\/uploads\/2021\/01\/faq-dispocars-150x150.png 150w, https:\/\/disposervice.com\/wp-content\/uploads\/2021\/01\/faq-dispocars-768x768.png 768w, https:\/\/disposervice.com\/wp-content\/uploads\/2021\/01\/faq-dispocars-1536x1536.png 1536w, https:\/\/disposervice.com\/wp-content\/uploads\/2021\/01\/faq-dispocars-2048x2048.png 2048w\" sizes=\"(max-width: 35px) 100vw, 35px\" \/>\u00a0Kas gali registruotis Dispocars?<\/h3>\n<p>Visi, turintys transportavimo galimyb\u0119 (automobil\u012f, mikroautobus, vienat\u016br\u012f autobus\u0105, limuzin\u0105 ir kt.), Turintys transporto licencij\u0105, turi b\u016bti registruoti kaip \u012fmon\u0117 arba savaranki\u0161kai dirbantys asmenys.[\/vc_column_text][vc_empty_space height=\u201c40px\u201c][vc_separator][vc_empty_space height=\u201c1px\u201c][vc_column_text]<\/p>\n<h3><img loading=\"lazy\" class=\"alignnone wp-image-10165 size-full\" src=\"https:\/\/dispocars.com\/wp-content\/uploads\/2021\/01\/faq-dispocars.png\" alt=\"\" width=\"35\" height=\"35\" srcset=\"https:\/\/disposervice.com\/wp-content\/uploads\/2021\/01\/faq-dispocars.png 35w, https:\/\/disposervice.com\/wp-content\/uploads\/2021\/01\/faq-dispocars-300x300.png 300w, https:\/\/disposervice.com\/wp-content\/uploads\/2021\/01\/faq-dispocars-1024x1024.png 1024w, https:\/\/disposervice.com\/wp-content\/uploads\/2021\/01\/faq-dispocars-150x150.png 150w, https:\/\/disposervice.com\/wp-content\/uploads\/2021\/01\/faq-dispocars-768x768.png 768w, https:\/\/disposervice.com\/wp-content\/uploads\/2021\/01\/faq-dispocars-1536x1536.png 1536w, https:\/\/disposervice.com\/wp-content\/uploads\/2021\/01\/faq-dispocars-2048x2048.png 2048w\" sizes=\"(max-width: 35px) 100vw, 35px\" \/>\u00a0Kiek u\u017esakym\u0173 per m\u0117nes\u012f a\u0161 gausiu?<\/h3>\n<p>U\u017esakym\u0173 kiekis priklauso nuo j\u016bs\u0173, kaip tiek\u0117jo, veiklos. \u012eved\u0119 vis\u0105 informacij\u0105 apie savo transporto priemones, tur\u0117dami geras nuotraukas ir si\u016blydami \u017eemesnes kainas, padidinsite gaunam\u0173 u\u017esakym\u0173 kiek\u012f.[\/vc_column_text][\/vc_column][vc_column width=\u201c1\/2&#8243;][vc_column_text]<\/p>\n<h3><img loading=\"lazy\" class=\"alignnone wp-image-10165 size-full\" src=\"https:\/\/dispocars.com\/wp-content\/uploads\/2021\/01\/faq-dispocars.png\" alt=\"\" width=\"35\" height=\"35\" srcset=\"https:\/\/disposervice.com\/wp-content\/uploads\/2021\/01\/faq-dispocars.png 35w, https:\/\/disposervice.com\/wp-content\/uploads\/2021\/01\/faq-dispocars-300x300.png 300w, https:\/\/disposervice.com\/wp-content\/uploads\/2021\/01\/faq-dispocars-1024x1024.png 1024w, https:\/\/disposervice.com\/wp-content\/uploads\/2021\/01\/faq-dispocars-150x150.png 150w, https:\/\/disposervice.com\/wp-content\/uploads\/2021\/01\/faq-dispocars-768x768.png 768w, https:\/\/disposervice.com\/wp-content\/uploads\/2021\/01\/faq-dispocars-1536x1536.png 1536w, https:\/\/disposervice.com\/wp-content\/uploads\/2021\/01\/faq-dispocars-2048x2048.png 2048w\" sizes=\"(max-width: 35px) 100vw, 35px\" \/>\u00a0Kaip gausiu klient\u0173 u\u017eklausas ir man pateikti pasi\u016blymus kitiems?<\/h3>\n<p>Visas u\u017eklausas gausite tiesiogiai i\u0161 m\u016bs\u0173 sistemos el. pa\u0161tu, taip pat jas pamatysite prisijung\u0119 prie savo tiek\u0117jo paskyros. Pasi\u016blymus galite pateikti tiesiogiai savo tiek\u0117jo paskyroje.[\/vc_column_text][vc_empty_space height=\u201c20px\u201c][vc_separator][vc_empty_space height=\u201c1px\u201c][vc_column_text]<\/p>\n<h3><img loading=\"lazy\" class=\"alignnone size-full wp-image-10165\" src=\"https:\/\/dispocars.com\/wp-content\/uploads\/2021\/01\/faq-dispocars.png\" alt=\"\" width=\"35\" height=\"35\" srcset=\"https:\/\/disposervice.com\/wp-content\/uploads\/2021\/01\/faq-dispocars.png 35w, https:\/\/disposervice.com\/wp-content\/uploads\/2021\/01\/faq-dispocars-300x300.png 300w, https:\/\/disposervice.com\/wp-content\/uploads\/2021\/01\/faq-dispocars-1024x1024.png 1024w, https:\/\/disposervice.com\/wp-content\/uploads\/2021\/01\/faq-dispocars-150x150.png 150w, https:\/\/disposervice.com\/wp-content\/uploads\/2021\/01\/faq-dispocars-768x768.png 768w, https:\/\/disposervice.com\/wp-content\/uploads\/2021\/01\/faq-dispocars-1536x1536.png 1536w, https:\/\/disposervice.com\/wp-content\/uploads\/2021\/01\/faq-dispocars-2048x2048.png 2048w\" sizes=\"(max-width: 35px) 100vw, 35px\" \/>\u00a0Kas nustato kiekvieno darbo kainas?<\/h3>\n<p>J\u016bs nusprend\u017eiate, koki\u0105 kain\u0105 pasi\u016blysite u\u017e konkret\u0173 kliento u\u017esakym\u0105. Kuo eresn\u0117 si\u016bloma kaina, tuo didesn\u0117 tikimyb\u0117, kad klientas pasirinks jus kaip tiek\u0117j\u0105.[\/vc_column_text][\/vc_column][\/vc_row]<\/p>\n","protected":false},"excerpt":{"rendered":"<p>[vc_row full_width=\u201cstretch_row_content_no_spaces\u201c css=\u201c.vc_custom_1609783691711{padding-top: 150px !important;padding-bottom: 150px !important;background-image: url(https:\/\/dispocars.com\/wp-content\/uploads\/2021\/01\/become-partner-passenger-transportation-2-1.jpg?id=9912) !important;background-position: center !important;background-repeat: no-repeat !important;background-size: cover !important;}\u201c el_class=\u201ctext-center st-become-banner\u201c][vc_column][vc_column_text] Norite keleivi\u0173 perve\u017eimo versle u\u017edirbti daugiau Registruokit\u0117s pas mus ir i\u0161kart gaukite naujus u\u017esakymus \/ u\u017eklausas. [\/vc_column_text][vc_column_text]Registruokis dabar[\/vc_column_text][\/vc_column][\/vc_row][vc_row][vc_column][vc_empty_space height=\u201c45px\u201c][vc_column_text] Kaip tai veikia? [\/vc_column_text][vc_empty_space height=\u201c10px\u201c][\/vc_column][\/vc_row][vc_row el_class=\u201cst-number-box\u201c][vc_column width=\u201c1\/3&#8243;][vc_row_inner][vc_column_inner width=\u201c1\/4&#8243;][vc_column_text el_class=\u201cst-number-circle\u201c]1[\/vc_column_text][\/vc_column_inner][vc_column_inner width=\u201c3\/4&#8243;][vc_column_text] Registruokit\u0117s Registruokit\u0117s ir \u012fkelkite visus reikiamus dokumentus.[\/vc_column_text][\/vc_column_inner][\/vc_row_inner][\/vc_column][vc_column width=\u201c1\/3&#8243;][vc_row_inner][vc_column_inner width=\u201c1\/4&#8243;][vc_column_text [&hellip;]<\/p>\n","protected":false},"author":1,"featured_media":0,"parent":0,"menu_order":0,"comment_status":"closed","ping_status":"closed","template":"template-home-modern.php","meta":[],"_links":{"self":[{"href":"https:\/\/disposervice.com\/lt\/wp-json\/wp\/v2\/pages\/10852"}],"collection":[{"href":"https:\/\/disposervice.com\/lt\/wp-json\/wp\/v2\/pages"}],"about":[{"href":"https:\/\/disposervice.com\/lt\/wp-json\/wp\/v2\/types\/page"}],"author":[{"embeddable":true,"href":"https:\/\/disposervice.com\/lt\/wp-json\/wp\/v2\/users\/1"}],"replies":[{"embeddable":true,"href":"https:\/\/disposervice.com\/lt\/wp-json\/wp\/v2\/comments?post=10852"}],"version-history":[{"count":0,"href":"https:\/\/disposervice.com\/lt\/wp-json\/wp\/v2\/pages\/10852\/revisions"}],"wp:attachment":[{"href":"https:\/\/disposervice.com\/lt\/wp-json\/wp\/v2\/media?parent=10852"}],"curies":[{"name":"wp","href":"https:\/\/api.w.org\/{rel}","templated":true}]}}