{"id":10848,"date":"2021-01-19T07:02:11","date_gmt":"2021-01-19T07:02:11","guid":{"rendered":"https:\/\/dispocars.com\/apie-mus\/"},"modified":"2021-03-15T11:07:26","modified_gmt":"2021-03-15T09:07:26","slug":"apie-mus","status":"publish","type":"page","link":"https:\/\/disposervice.com\/lt\/apie-mus\/","title":{"rendered":"Apie mus"},"content":{"rendered":"<p>[vc_row][vc_column][vc_empty_space height=\u201c60px\u201c][\/vc_column][\/vc_row][vc_row][vc_column width=\u201c1\/2&#8243;][vc_single_image image=\u201c14519&#8243; img_size=\u201cfull\u201c alignment=\u201ccenter\u201c css_animation=\u201cnone\u201c][vc_column_text el_class=\u201cst-aboutus-title\u201c]<\/p>\n<h3>M\u016bs\u0173 istorija<\/h3>\n<p>[\/vc_column_text][vc_column_text el_class=\u201cst-aboutus-content\u201c]DispoService siunt\u0173 duomen\u0173 baze pasaulyje. Visi vietini\u0173 paslaug\u0173 teik\u0117j\u0173 \u012fvesti duomenys yra platinami \u012fvairiais b\u016bdais visame pasaulyje, kad \u017emon\u0117s gal\u0117t\u0173 patenkinti kasdienius pristatymo ir tarptautini\u0173 siunt\u0173 gabenimo pra\u0161ymus per kelias sekundes pasiekti bet kuri\u0105 pasaulio viet\u0105.<\/p>\n<p>DispoService yra naujas prek\u0117s \u017eenklas, kur\u012f \u201eOsaBus\u201c komanda suk\u016br\u0117 2020 m. Profesional\u0173 komanda, turinti tvirt\u0105 pramon\u0117s patirt\u012f nuo 2013 m.[\/vc_column_text][vc_empty_space height=\u201c30px\u201c][\/vc_column][vc_column width=\u201c1\/2&#8243;][vc_single_image image=\u201c10007&#8243; img_size=\u201cfull\u201c alignment=\u201ccenter\u201c][vc_column_text el_class=\u201cst-aboutus-title\u201c]<\/p>\n<h3>M\u016bs\u0173 misija<\/h3>\n<p>[\/vc_column_text][vc_column_text el_class=\u201cst-aboutus-content\u201c]Mes kuriame did\u017eiausi\u0105 logistikos kompanij\u0173 bendruomen\u0119 Europoje. Pasitelk\u0119 technologijas, mes galime pad\u0117ti savo partneriams pl\u0117toti versl\u0105 ir prisijungti prie pasaulini\u0173 platinimo sistem\u0173, kad b\u016bt\u0173 galima daugiau u\u017esisakyti ir lengviau jud\u0117ti.<\/p>\n<p>Prisijunkite prie m\u016bs\u0173 sistemos kaip klientas arba kaip partneris ir i\u0161bandykite technologijas.[\/vc_column_text][vc_empty_space height=\u201c30px\u201c][\/vc_column][\/vc_row][vc_row][vc_column][vc_empty_space height=\u201c20px\u201c]<div class=\"st-list-statistic\"><div class=\"row\">            <div class=\"col-md-3 col-sm-6\">\n                <div class=\"item-wrapper\">\n                    <div class=\"item\">\n                        <div class=\"front\">\n                            <div class=\"inner\">\n                                <h4>2k+<\/h4>\n                                <p class=\"sub-text\">Partneriai<\/p>\n                            <\/div>\n                        <\/div>\n                        <div class=\"end\">\n                            <p class=\"desc\">Daugiau nei 2000 partneri\u0173 visoje Europoje.<\/p>\n                        <\/div>\n                    <\/div>\n                <\/div>\n            <\/div>\n                        <div class=\"col-md-3 col-sm-6\">\n                <div class=\"item-wrapper\">\n                    <div class=\"item\">\n                        <div class=\"front\">\n                            <div class=\"inner\">\n                                <h4>150+<\/h4>\n                                <p class=\"sub-text\">Miestai<\/p>\n                            <\/div>\n                        <\/div>\n                        <div class=\"end\">\n                            <p class=\"desc\">DispoService teikia paslaugas visoje Europoje.<\/p>\n                        <\/div>\n                    <\/div>\n                <\/div>\n            <\/div>\n                        <div class=\"col-md-3 col-sm-6\">\n                <div class=\"item-wrapper\">\n                    <div class=\"item\">\n                        <div class=\"front\">\n                            <div class=\"inner\">\n                                <h4>700+<\/h4>\n                                <p class=\"sub-text\">Paskirties vietos<\/p>\n                            <\/div>\n                        <\/div>\n                        <div class=\"end\">\n                            <p class=\"desc\">Nesvarbu, kur eitum\u0117te, DispoService yra jums.<\/p>\n                        <\/div>\n                    <\/div>\n                <\/div>\n            <\/div>\n                        <div class=\"col-md-3 col-sm-6\">\n                <div class=\"item-wrapper\">\n                    <div class=\"item\">\n                        <div class=\"front\">\n                            <div class=\"inner\">\n                                <h4>28+<\/h4>\n                                <p class=\"sub-text\">\u0160alys<\/p>\n                            <\/div>\n                        <\/div>\n                        <div class=\"end\">\n                            <p class=\"desc\">M\u016bs\u0173 paslaugos teikiamos visoje Europoje.<\/p>\n                        <\/div>\n                    <\/div>\n                <\/div>\n            <\/div>\n            <\/div><\/div>[vc_empty_space height=\u201c65px\u201c]<div class=\"st-aboutus-info\">\n        <p class=\"message\">\"Kaip klientas, tur\u0117damas tik vien\u0105 u\u017eklaus\u0105, galite susisiekti su visais jus dominan\u010diais paslaug\u0173 teik\u0117jais savo \u0161alyje ar bet kurioje kitoje pasaulio vietoje. Pateikite u\u017eklaus\u0105 naudodamiesi m\u016bs\u0173 svetaine arba pa\u017eangiomis programomis mobiliesiems. Kaip partneris galite m\u0117gautis darbo laisve ir priimti tik tas i\u0161lygas ir pra\u0161ymus, kurie geriausiai atitinka j\u016bs\u0173 poreikius. Gaukite daugiau verslo nei bet kada anks\u010diau.\"<\/p>\n        <img src=\"https:\/\/disposervice.com\/wp-content\/uploads\/2021\/01\/Foto_Oskars-vienads.jpg\" alt=\"\"\/>            <p class=\"name\">Oskars L\u016bsis<\/p>\n                <p class=\"pos\">Founder<\/p>\n    <\/div>[vc_empty_space height=\u201c65px\u201c][\/vc_column][\/vc_row]<\/p>\n","protected":false},"excerpt":{"rendered":"<p>[vc_row][vc_column][vc_empty_space height=\u201c60px\u201c][\/vc_column][\/vc_row][vc_row][vc_column width=\u201c1\/2&#8243;][vc_single_image image=\u201c14519&#8243; img_size=\u201cfull\u201c alignment=\u201ccenter\u201c css_animation=\u201cnone\u201c][vc_column_text el_class=\u201cst-aboutus-title\u201c] M\u016bs\u0173 istorija [\/vc_column_text][vc_column_text el_class=\u201cst-aboutus-content\u201c]DispoService siunt\u0173 duomen\u0173 baze pasaulyje. Visi vietini\u0173 paslaug\u0173 teik\u0117j\u0173 \u012fvesti duomenys yra platinami \u012fvairiais b\u016bdais visame pasaulyje, kad \u017emon\u0117s gal\u0117t\u0173 patenkinti kasdienius pristatymo ir tarptautini\u0173 siunt\u0173 gabenimo pra\u0161ymus per kelias sekundes pasiekti bet kuri\u0105 pasaulio viet\u0105. DispoService yra naujas prek\u0117s \u017eenklas, kur\u012f \u201eOsaBus\u201c komanda [&hellip;]<\/p>\n","protected":false},"author":1,"featured_media":9850,"parent":0,"menu_order":0,"comment_status":"closed","ping_status":"closed","template":"template-home-modern.php","meta":[],"_links":{"self":[{"href":"https:\/\/disposervice.com\/lt\/wp-json\/wp\/v2\/pages\/10848"}],"collection":[{"href":"https:\/\/disposervice.com\/lt\/wp-json\/wp\/v2\/pages"}],"about":[{"href":"https:\/\/disposervice.com\/lt\/wp-json\/wp\/v2\/types\/page"}],"author":[{"embeddable":true,"href":"https:\/\/disposervice.com\/lt\/wp-json\/wp\/v2\/users\/1"}],"replies":[{"embeddable":true,"href":"https:\/\/disposervice.com\/lt\/wp-json\/wp\/v2\/comments?post=10848"}],"version-history":[{"count":5,"href":"https:\/\/disposervice.com\/lt\/wp-json\/wp\/v2\/pages\/10848\/revisions"}],"predecessor-version":[{"id":14844,"href":"https:\/\/disposervice.com\/lt\/wp-json\/wp\/v2\/pages\/10848\/revisions\/14844"}],"wp:featuredmedia":[{"embeddable":true,"href":"https:\/\/disposervice.com\/lt\/wp-json\/wp\/v2\/media\/9850"}],"wp:attachment":[{"href":"https:\/\/disposervice.com\/lt\/wp-json\/wp\/v2\/media?parent=10848"}],"curies":[{"name":"wp","href":"https:\/\/api.w.org\/{rel}","templated":true}]}}