{"id":10845,"date":"2021-01-19T06:55:57","date_gmt":"2021-01-19T06:55:57","guid":{"rendered":"https:\/\/dispocars.com\/pagrindinis-puslapis\/"},"modified":"2021-06-22T18:41:01","modified_gmt":"2021-06-22T16:41:01","slug":"pagrindinis-puslapis","status":"publish","type":"page","link":"https:\/\/disposervice.com\/lt\/","title":{"rendered":"Pagrindinis puslapis"},"content":{"rendered":"<p>[vc_row full_width=\u201cstretch_row_content_no_spaces\u201c row_fullwidth=\u201cyes\u201c css=\u201c.vc_custom_1624379982095{padding-top: 150px !important;padding-bottom: 100px !important;background-image: url(https:\/\/disposervice.com\/wp-content\/uploads\/2021\/02\/delivery-van-parcel-shipment.jpg?id=14628) !important;background-position: center !important;background-repeat: no-repeat !important;background-size: cover !important;}\u201c][vc_column css=\u201c.vc_custom_1550221571756{padding-right: 0px !important;padding-left: 0px !important;}\u201c][vc_column_text]<\/p>\n<h2 style=\"text-align: center;\"><span style=\"color: #ffffff;\">Sveiki!<\/span><\/h2>\n<h4 style=\"text-align: center;\"><span style=\"color: #ffffff;\">K\u0105 reikia padaryti?<\/span><\/h4>\n<p>[\/vc_column_text][\/vc_column][\/vc_row][vc_row][vc_column][vc_column_text][\/vc_column_text][\/vc_column][\/vc_row][vc_row full_width=\u201cstretch_row\u201c][vc_column css=\u201c.vc_custom_1543548162184{margin-bottom: -30px !important;}\u201c][vc_empty_space height=\u201c35px\u201c][vc_column_text]<\/p>\n<h2 style=\"text-align: center;\"><strong>Kaip tai veikia?<\/strong><\/h2>\n<p>[\/vc_column_text][vc_empty_space height=\u201c20px\u201c][\/vc_column][\/vc_row][vc_row el_class=\u201cst-number-box\u201c][vc_column width=\u201c1\/3&#8243;][vc_row_inner][vc_column_inner width=\u201c1\/4&#8243;][vc_column_text el_class=\u201cst-number-circle\u201c]1[\/vc_column_text][\/vc_column_inner][vc_column_inner width=\u201c3\/4&#8243;][vc_column_text]<\/p>\n<h3>Pateikti u\u017eklaus\u0105<\/h3>\n<p>Pateikite u\u017eklaus\u0105 paslaugai kurios ie\u0161kote[\/vc_column_text][\/vc_column_inner][\/vc_row_inner][\/vc_column][vc_column width=\u201c1\/3&#8243;][vc_row_inner][vc_column_inner width=\u201c1\/4&#8243;][vc_column_text el_class=\u201cst-number-circle\u201c]2[\/vc_column_text][\/vc_column_inner][vc_column_inner width=\u201c3\/4&#8243;][vc_column_text]<\/p>\n<h3>Gauti pasi\u016blymus<\/h3>\n<p>Gaukite pasi\u016blymus i\u0161 \u0161imt\u0173 paslaug\u0173 teik\u0117j\u0173.[\/vc_column_text][\/vc_column_inner][\/vc_row_inner][\/vc_column][vc_column width=\u201c1\/3&#8243;][vc_row_inner][vc_column_inner width=\u201c1\/4&#8243;][vc_column_text el_class=\u201cst-number-circle\u201c]3[\/vc_column_text][\/vc_column_inner][vc_column_inner width=\u201c3\/4&#8243;][vc_column_text]<\/p>\n<h3>Rinktis ir u\u017esisakyti<\/h3>\n<p>U\u017esisakykite jums geriausiai tinkant\u012f pasi\u016blym\u0105.[\/vc_column_text][\/vc_column_inner][\/vc_row_inner][\/vc_column][\/vc_row][vc_row][vc_column][vc_empty_space height=\u201c45px\u201c][vc_single_image image=\u201c14736&#8243; img_size=\u201cfull\u201c][vc_empty_space height=\u201c40px\u201c][vc_empty_space height=\u201c15px\u201c][vc_column_text]<\/p>\n<h2 style=\"text-align: center;\"><strong>DUK<\/strong><\/h2>\n<p>[\/vc_column_text][\/vc_column][\/vc_row][vc_row][vc_column width=\u201c1\/2&#8243;][vc_column_text]<\/p>\n<h3><img loading=\"lazy\" class=\"alignnone size-full wp-image-10165\" src=\"https:\/\/dispocars.com\/wp-content\/uploads\/2021\/01\/faq-dispocars.png\" alt=\"\" width=\"35\" height=\"35\" srcset=\"https:\/\/disposervice.com\/wp-content\/uploads\/2021\/01\/faq-dispocars.png 35w, https:\/\/disposervice.com\/wp-content\/uploads\/2021\/01\/faq-dispocars-300x300.png 300w, https:\/\/disposervice.com\/wp-content\/uploads\/2021\/01\/faq-dispocars-1024x1024.png 1024w, https:\/\/disposervice.com\/wp-content\/uploads\/2021\/01\/faq-dispocars-150x150.png 150w, https:\/\/disposervice.com\/wp-content\/uploads\/2021\/01\/faq-dispocars-768x768.png 768w, https:\/\/disposervice.com\/wp-content\/uploads\/2021\/01\/faq-dispocars-1536x1536.png 1536w, https:\/\/disposervice.com\/wp-content\/uploads\/2021\/01\/faq-dispocars-2048x2048.png 2048w\" sizes=\"(max-width: 35px) 100vw, 35px\" \/> Kaip man u\u017esisakyti perve\u017eim\u0105?<\/h3>\n<p>Sekite m\u016bs\u0173 u\u017esakym\u0173 formos intrukcijas ir u\u017epildykite tu\u0161\u010dius laukus.[\/vc_column_text][vc_empty_space height=\u201c20px\u201c][vc_separator][vc_empty_space height=\u201c1px\u201c][vc_column_text]<\/p>\n<h3><img loading=\"lazy\" class=\"alignnone size-full wp-image-10165\" src=\"https:\/\/dispocars.com\/wp-content\/uploads\/2021\/01\/faq-dispocars.png\" alt=\"\" width=\"35\" height=\"35\" srcset=\"https:\/\/disposervice.com\/wp-content\/uploads\/2021\/01\/faq-dispocars.png 35w, https:\/\/disposervice.com\/wp-content\/uploads\/2021\/01\/faq-dispocars-300x300.png 300w, https:\/\/disposervice.com\/wp-content\/uploads\/2021\/01\/faq-dispocars-1024x1024.png 1024w, https:\/\/disposervice.com\/wp-content\/uploads\/2021\/01\/faq-dispocars-150x150.png 150w, https:\/\/disposervice.com\/wp-content\/uploads\/2021\/01\/faq-dispocars-768x768.png 768w, https:\/\/disposervice.com\/wp-content\/uploads\/2021\/01\/faq-dispocars-1536x1536.png 1536w, https:\/\/disposervice.com\/wp-content\/uploads\/2021\/01\/faq-dispocars-2048x2048.png 2048w\" sizes=\"(max-width: 35px) 100vw, 35px\" \/> Ar \u0161i kaina yra kiekvienam keleiviui, ar kiekvienai transport priemonei?<\/h3>\n<p>Visos m\u016bs\u0173 internetin\u0117je svetain\u0117je pateiktos kainos yra kiekvienai transport priemonei.[\/vc_column_text][\/vc_column][vc_column width=\u201c1\/2&#8243;][vc_column_text]<\/p>\n<h3><img loading=\"lazy\" class=\"alignnone size-full wp-image-10165\" src=\"https:\/\/dispocars.com\/wp-content\/uploads\/2021\/01\/faq-dispocars.png\" alt=\"\" width=\"35\" height=\"35\" srcset=\"https:\/\/disposervice.com\/wp-content\/uploads\/2021\/01\/faq-dispocars.png 35w, https:\/\/disposervice.com\/wp-content\/uploads\/2021\/01\/faq-dispocars-300x300.png 300w, https:\/\/disposervice.com\/wp-content\/uploads\/2021\/01\/faq-dispocars-1024x1024.png 1024w, https:\/\/disposervice.com\/wp-content\/uploads\/2021\/01\/faq-dispocars-150x150.png 150w, https:\/\/disposervice.com\/wp-content\/uploads\/2021\/01\/faq-dispocars-768x768.png 768w, https:\/\/disposervice.com\/wp-content\/uploads\/2021\/01\/faq-dispocars-1536x1536.png 1536w, https:\/\/disposervice.com\/wp-content\/uploads\/2021\/01\/faq-dispocars-2048x2048.png 2048w\" sizes=\"(max-width: 35px) 100vw, 35px\" \/> Kokia valiuta tur\u0117siu mok\u0117ti?<\/h3>\n<p>Jeigu nepasirinkote kitaip, reik\u0117s mok\u0117ti eurais.[\/vc_column_text][vc_empty_space height=\u201c20px\u201c][vc_separator][vc_empty_space height=\u201c1px\u201c][vc_column_text]<\/p>\n<h3><img loading=\"lazy\" class=\"alignnone size-full wp-image-10165\" src=\"https:\/\/dispocars.com\/wp-content\/uploads\/2021\/01\/faq-dispocars.png\" alt=\"\" width=\"35\" height=\"35\" srcset=\"https:\/\/disposervice.com\/wp-content\/uploads\/2021\/01\/faq-dispocars.png 35w, https:\/\/disposervice.com\/wp-content\/uploads\/2021\/01\/faq-dispocars-300x300.png 300w, https:\/\/disposervice.com\/wp-content\/uploads\/2021\/01\/faq-dispocars-1024x1024.png 1024w, https:\/\/disposervice.com\/wp-content\/uploads\/2021\/01\/faq-dispocars-150x150.png 150w, https:\/\/disposervice.com\/wp-content\/uploads\/2021\/01\/faq-dispocars-768x768.png 768w, https:\/\/disposervice.com\/wp-content\/uploads\/2021\/01\/faq-dispocars-1536x1536.png 1536w, https:\/\/disposervice.com\/wp-content\/uploads\/2021\/01\/faq-dispocars-2048x2048.png 2048w\" sizes=\"(max-width: 35px) 100vw, 35px\" \/> Kiek pasi\u016blym\u0173 gausiu pateikus 1 u\u017eklaus\u0105?<\/h3>\n<p>Priklausomai nuo pasirinktos vietov\u0117s, vidutini\u0161kai t\u016br\u0117tum\u0117te gauti apie 20 pasi\u016blym\u0173.[\/vc_column_text][\/vc_column][\/vc_row]<\/p>\n","protected":false},"excerpt":{"rendered":"<p>[vc_row full_width=\u201cstretch_row_content_no_spaces\u201c row_fullwidth=\u201cyes\u201c css=\u201c.vc_custom_1624379982095{padding-top: 150px !important;padding-bottom: 100px !important;background-image: url(https:\/\/disposervice.com\/wp-content\/uploads\/2021\/02\/delivery-van-parcel-shipment.jpg?id=14628) !important;background-position: center !important;background-repeat: no-repeat !important;background-size: cover !important;}\u201c][vc_column css=\u201c.vc_custom_1550221571756{padding-right: 0px !important;padding-left: 0px !important;}\u201c][vc_column_text] Sveiki! K\u0105 reikia padaryti? [\/vc_column_text][\/vc_column][\/vc_row][vc_row][vc_column][vc_column_text][\/vc_column_text][\/vc_column][\/vc_row][vc_row full_width=\u201cstretch_row\u201c][vc_column css=\u201c.vc_custom_1543548162184{margin-bottom: -30px !important;}\u201c][vc_empty_space height=\u201c35px\u201c][vc_column_text] Kaip tai veikia? [\/vc_column_text][vc_empty_space height=\u201c20px\u201c][\/vc_column][\/vc_row][vc_row el_class=\u201cst-number-box\u201c][vc_column width=\u201c1\/3&#8243;][vc_row_inner][vc_column_inner width=\u201c1\/4&#8243;][vc_column_text el_class=\u201cst-number-circle\u201c]1[\/vc_column_text][\/vc_column_inner][vc_column_inner width=\u201c3\/4&#8243;][vc_column_text] Pateikti u\u017eklaus\u0105 Pateikite u\u017eklaus\u0105 paslaugai kurios ie\u0161kote[\/vc_column_text][\/vc_column_inner][\/vc_row_inner][\/vc_column][vc_column width=\u201c1\/3&#8243;][vc_row_inner][vc_column_inner width=\u201c1\/4&#8243;][vc_column_text el_class=\u201cst-number-circle\u201c]2[\/vc_column_text][\/vc_column_inner][vc_column_inner width=\u201c3\/4&#8243;][vc_column_text] Gauti pasi\u016blymus Gaukite [&hellip;]<\/p>\n","protected":false},"author":1,"featured_media":0,"parent":0,"menu_order":0,"comment_status":"closed","ping_status":"closed","template":"template-home-modern.php","meta":[],"_links":{"self":[{"href":"https:\/\/disposervice.com\/lt\/wp-json\/wp\/v2\/pages\/10845"}],"collection":[{"href":"https:\/\/disposervice.com\/lt\/wp-json\/wp\/v2\/pages"}],"about":[{"href":"https:\/\/disposervice.com\/lt\/wp-json\/wp\/v2\/types\/page"}],"author":[{"embeddable":true,"href":"https:\/\/disposervice.com\/lt\/wp-json\/wp\/v2\/users\/1"}],"replies":[{"embeddable":true,"href":"https:\/\/disposervice.com\/lt\/wp-json\/wp\/v2\/comments?post=10845"}],"version-history":[{"count":4,"href":"https:\/\/disposervice.com\/lt\/wp-json\/wp\/v2\/pages\/10845\/revisions"}],"predecessor-version":[{"id":14916,"href":"https:\/\/disposervice.com\/lt\/wp-json\/wp\/v2\/pages\/10845\/revisions\/14916"}],"wp:attachment":[{"href":"https:\/\/disposervice.com\/lt\/wp-json\/wp\/v2\/media?parent=10845"}],"curies":[{"name":"wp","href":"https:\/\/api.w.org\/{rel}","templated":true}]}}