{"id":12485,"date":"2021-01-26T09:12:30","date_gmt":"2021-01-26T07:12:30","guid":{"rendered":"https:\/\/dispocars.com\/hakka-partneriks\/"},"modified":"2021-03-05T15:00:06","modified_gmt":"2021-03-05T13:00:06","slug":"hakka-partneriks","status":"publish","type":"page","link":"https:\/\/disposervice.com\/et\/hakka-partneriks\/","title":{"rendered":"Hakka partneriks"},"content":{"rendered":"<p>[vc_row full_width=&#8221;stretch_row_content_no_spaces&#8221; css=&#8221;.vc_custom_1614949002611{padding-top: 150px !important;padding-bottom: 150px !important;background-image: url(https:\/\/disposervice.com\/wp-content\/uploads\/2021\/01\/become-partner.jpg?id=13900) !important;background-position: center !important;background-repeat: no-repeat !important;background-size: cover !important;}&#8221; el_class=&#8221;text-center st-become-banner&#8221;][vc_column][vc_column_text]<\/p>\n<h2 style=\"text-align: center;\"><span style=\"color: #231e5f;\">Kas soovite oma kaubikuga t\u00f6\u00f6tades rohkem teenida?<\/span><\/h2>\n<h4 style=\"text-align: center;\"><span style=\"color: #231e5f;\">Registreeri meiega ning saa koheselt uusi broneeringuid\/p\u00e4ringuid.<\/span><\/h4>\n<p>[\/vc_column_text][vc_column_text]<a class=\"signup btn btn-danger btn-lg\" href=\"https:\/\/disposervice.com\/supplier\/login\" target=\"_blank\" rel=\"noopener noreferrer\" data-toggle=\"modal\">Registreeru kohe<\/a>[\/vc_column_text][\/vc_column][\/vc_row][vc_row][vc_column][vc_empty_space height=&#8221;45px&#8221;][vc_column_text]<\/p>\n<h2 style=\"text-align: center;\"><strong>Kuidas see t\u00f6\u00f6tab?<\/strong><\/h2>\n<p>[\/vc_column_text][vc_empty_space height=&#8221;10px&#8221;][\/vc_column][\/vc_row][vc_row el_class=&#8221;st-number-box&#8221;][vc_column width=&#8221;1\/3&#8243;][vc_row_inner][vc_column_inner width=&#8221;1\/4&#8243;][vc_column_text el_class=&#8221;st-number-circle&#8221;]1[\/vc_column_text][\/vc_column_inner][vc_column_inner width=&#8221;3\/4&#8243;][vc_column_text]<\/p>\n<h3>Registreeri<\/h3>\n<p>Registreeri ja lae \u00fclesse k\u00f5ik vajalikud dokumendid.[\/vc_column_text][\/vc_column_inner][\/vc_row_inner][\/vc_column][vc_column width=&#8221;1\/3&#8243;][vc_row_inner][vc_column_inner width=&#8221;1\/4&#8243;][vc_column_text el_class=&#8221;st-number-circle&#8221;]2[\/vc_column_text][\/vc_column_inner][vc_column_inner width=&#8221;3\/4&#8243;][vc_column_text]<\/p>\n<h3>Lisa oma s\u00f5idukid<\/h3>\n<p>Lisa kogu informatsioon oma s\u00f5idukite ja hindade kohta.[\/vc_column_text][\/vc_column_inner][\/vc_row_inner][\/vc_column][vc_column width=&#8221;1\/3&#8243;][vc_row_inner][vc_column_inner width=&#8221;1\/4&#8243;][vc_column_text el_class=&#8221;st-number-circle&#8221;]3[\/vc_column_text][\/vc_column_inner][vc_column_inner width=&#8221;3\/4&#8243;][vc_column_text]<\/p>\n<h3>Saa broneeringuid\/p\u00e4ringuid<\/h3>\n<p>Hakkad saama broneeringuid ja p\u00e4ringuid meie klientidelt.[\/vc_column_text][\/vc_column_inner][\/vc_row_inner][\/vc_column][\/vc_row][vc_row el_class=&#8221;st-become-feature-wrapper text-center&#8221;][vc_column][vc_empty_space height=&#8221;20px&#8221;][vc_single_image image=&#8221;14806&#8243; img_size=&#8221;full&#8221; alignment=&#8221;center&#8221;][vc_empty_space height=&#8221;40px&#8221;][vc_column_text]<\/p>\n<h2 style=\"text-align: center;\"><strong>Miks olla Kohalik Ekspert<br \/>\n<\/strong><\/h2>\n<p>[\/vc_column_text][vc_empty_space height=&#8221;15px&#8221;][vc_row_inner el_class=&#8221;st-become-feature text-center&#8221;][vc_column_inner el_class=&#8221;column1&#8243; width=&#8221;1\/3&#8243;][vc_single_image image=&#8221;10462&#8243; img_size=&#8221;full&#8221; alignment=&#8221;center&#8221;][vc_column_text css=&#8221;.vc_custom_1610458595973{padding-top: 0.5px !important;}&#8221;]<\/p>\n<h3>Teeni lisasissetulekut.<\/h3>\n<p>[\/vc_column_text][vc_column_text]Kasvata oma \u00e4ri koos meiega ja teeni samaaegselt raha.[\/vc_column_text][\/vc_column_inner][vc_column_inner width=&#8221;1\/3&#8243;][vc_single_image image=&#8221;10476&#8243; img_size=&#8221;full&#8221; alignment=&#8221;center&#8221;][vc_column_text css=&#8221;.vc_custom_1610459227945{padding-top: 3px !important;}&#8221;]<\/p>\n<h3>Ole osa \u00fclemaailmsest v\u00f5rgustikust.<\/h3>\n<p>[\/vc_column_text][vc_column_text]Ole osa k\u00f5ige suuremast reisijateveo v\u00f5rgustikust maailmas.[\/vc_column_text][\/vc_column_inner][vc_column_inner width=&#8221;1\/3&#8243;][vc_single_image image=&#8221;10490&#8243; img_size=&#8221;full&#8221; alignment=&#8221;center&#8221;][vc_column_text css=&#8221;.vc_custom_1610459233875{padding-top: 2px !important;}&#8221;]<\/p>\n<h3>Kasva tehnoloogia abil.<\/h3>\n<p>[\/vc_column_text][vc_column_text]Kasvata oma \u00e4ri uutele k\u00f5rgustele kasutades meie tehnoloogilisi lahendusi.[\/vc_column_text][\/vc_column_inner][\/vc_row_inner][vc_empty_space height=&#8221;15px&#8221;][vc_column_text]<a class=\"signup btn btn-danger btn-lg\" href=\"https:\/\/disposervice.com\/supplier\/login\" target=\"_blank\" rel=\"noopener noreferrer\" data-toggle=\"modal\">Registreeru kohe<\/a>[\/vc_column_text][vc_empty_space height=&#8221;45px&#8221;][vc_separator border_width=&#8221;2&#8243;][vc_empty_space height=&#8221;1px&#8221;][vc_column_text]<\/p>\n<h2 style=\"text-align: center;\"><strong>KKK<\/strong><\/h2>\n<p>[\/vc_column_text][\/vc_column][\/vc_row][vc_row el_class=&#8221;st-become-faqs&#8221;][vc_column width=&#8221;1\/2&#8243;][vc_column_text]<\/p>\n<h3><img loading=\"lazy\" class=\"alignnone size-full wp-image-10165\" src=\"https:\/\/dispocars.com\/wp-content\/uploads\/2021\/01\/faq-dispocars.png\" alt=\"\" width=\"35\" height=\"35\" srcset=\"https:\/\/disposervice.com\/wp-content\/uploads\/2021\/01\/faq-dispocars.png 35w, https:\/\/disposervice.com\/wp-content\/uploads\/2021\/01\/faq-dispocars-300x300.png 300w, https:\/\/disposervice.com\/wp-content\/uploads\/2021\/01\/faq-dispocars-1024x1024.png 1024w, https:\/\/disposervice.com\/wp-content\/uploads\/2021\/01\/faq-dispocars-150x150.png 150w, https:\/\/disposervice.com\/wp-content\/uploads\/2021\/01\/faq-dispocars-768x768.png 768w, https:\/\/disposervice.com\/wp-content\/uploads\/2021\/01\/faq-dispocars-1536x1536.png 1536w, https:\/\/disposervice.com\/wp-content\/uploads\/2021\/01\/faq-dispocars-2048x2048.png 2048w\" sizes=\"(max-width: 35px) 100vw, 35px\" \/>\u00a0Kes v\u00f5ib Dispocars platvormiga \u00fchineda?<\/h3>\n<p>Iga\u00fcks kellel on transpordivahend (autod, minikaubikud, minibussid, bussid, limusiinid jne), veolitsents ning kes on registreerunud kui ettev\u00f5tte v\u00f5i f\u00fc\u00fcsilisest isikust ettev\u00f5tjana.[\/vc_column_text][vc_empty_space height=&#8221;40px&#8221;][vc_separator][vc_empty_space height=&#8221;1px&#8221;][vc_column_text]<\/p>\n<h3><img loading=\"lazy\" class=\"alignnone wp-image-10165 size-full\" src=\"https:\/\/dispocars.com\/wp-content\/uploads\/2021\/01\/faq-dispocars.png\" alt=\"\" width=\"35\" height=\"35\" srcset=\"https:\/\/disposervice.com\/wp-content\/uploads\/2021\/01\/faq-dispocars.png 35w, https:\/\/disposervice.com\/wp-content\/uploads\/2021\/01\/faq-dispocars-300x300.png 300w, https:\/\/disposervice.com\/wp-content\/uploads\/2021\/01\/faq-dispocars-1024x1024.png 1024w, https:\/\/disposervice.com\/wp-content\/uploads\/2021\/01\/faq-dispocars-150x150.png 150w, https:\/\/disposervice.com\/wp-content\/uploads\/2021\/01\/faq-dispocars-768x768.png 768w, https:\/\/disposervice.com\/wp-content\/uploads\/2021\/01\/faq-dispocars-1536x1536.png 1536w, https:\/\/disposervice.com\/wp-content\/uploads\/2021\/01\/faq-dispocars-2048x2048.png 2048w\" sizes=\"(max-width: 35px) 100vw, 35px\" \/>\u00a0Mitu tellimust \u00fches kuus ma saan?<\/h3>\n<p>Tellimuste arv s\u00f5ltub sinu tegevusest Pakkujana. Kogu informatsiooni sisestamine oma s\u00f5idukite kohta, head pildid ning soodsad hinnad parandavad sinu Teenusepakkuja astet ning selle tulemusena kasvab ka tellimuste arv.[\/vc_column_text][\/vc_column][vc_column width=&#8221;1\/2&#8243;][vc_column_text]<\/p>\n<h3><img loading=\"lazy\" class=\"alignnone wp-image-10165 size-full\" src=\"https:\/\/dispocars.com\/wp-content\/uploads\/2021\/01\/faq-dispocars.png\" alt=\"\" width=\"35\" height=\"35\" srcset=\"https:\/\/disposervice.com\/wp-content\/uploads\/2021\/01\/faq-dispocars.png 35w, https:\/\/disposervice.com\/wp-content\/uploads\/2021\/01\/faq-dispocars-300x300.png 300w, https:\/\/disposervice.com\/wp-content\/uploads\/2021\/01\/faq-dispocars-1024x1024.png 1024w, https:\/\/disposervice.com\/wp-content\/uploads\/2021\/01\/faq-dispocars-150x150.png 150w, https:\/\/disposervice.com\/wp-content\/uploads\/2021\/01\/faq-dispocars-768x768.png 768w, https:\/\/disposervice.com\/wp-content\/uploads\/2021\/01\/faq-dispocars-1536x1536.png 1536w, https:\/\/disposervice.com\/wp-content\/uploads\/2021\/01\/faq-dispocars-2048x2048.png 2048w\" sizes=\"(max-width: 35px) 100vw, 35px\" \/>\u00a0Kuidas ma saan p\u00e4ringuid klientidelt ja kuidas ma saan pakkumisi esitada?<\/h3>\n<p>P\u00e4ringud saadetakse otse meie s\u00fcsteemist ning neid on samuti v\u00f5imalik n\u00e4ha siis kui sisenete oma Teenusepakkuja kontosse. Te v\u00f5ite teha pakkumisi otse oma Teenusepakkuja kontolt.[\/vc_column_text][vc_empty_space height=&#8221;20px&#8221;][vc_separator][vc_empty_space height=&#8221;1px&#8221;][vc_column_text]<\/p>\n<h3><img loading=\"lazy\" class=\"alignnone size-full wp-image-10165\" src=\"https:\/\/dispocars.com\/wp-content\/uploads\/2021\/01\/faq-dispocars.png\" alt=\"\" width=\"35\" height=\"35\" srcset=\"https:\/\/disposervice.com\/wp-content\/uploads\/2021\/01\/faq-dispocars.png 35w, https:\/\/disposervice.com\/wp-content\/uploads\/2021\/01\/faq-dispocars-300x300.png 300w, https:\/\/disposervice.com\/wp-content\/uploads\/2021\/01\/faq-dispocars-1024x1024.png 1024w, https:\/\/disposervice.com\/wp-content\/uploads\/2021\/01\/faq-dispocars-150x150.png 150w, https:\/\/disposervice.com\/wp-content\/uploads\/2021\/01\/faq-dispocars-768x768.png 768w, https:\/\/disposervice.com\/wp-content\/uploads\/2021\/01\/faq-dispocars-1536x1536.png 1536w, https:\/\/disposervice.com\/wp-content\/uploads\/2021\/01\/faq-dispocars-2048x2048.png 2048w\" sizes=\"(max-width: 35px) 100vw, 35px\" \/>\u00a0Kes m\u00e4\u00e4rab \u00e4ra hinna iga t\u00f6\u00f6 jaoks?<\/h3>\n<p>Sina otsustad, mis hinda k\u00fcsid teatud p\u00e4ringule, mida klient on saatnud. Mida paremat hinda pakute, seda parem v\u00f5imalus, et klient valib sind Teenusepakkujaks.[\/vc_column_text][\/vc_column][\/vc_row]<\/p>\n","protected":false},"excerpt":{"rendered":"<p>[vc_row full_width=&#8221;stretch_row_content_no_spaces&#8221; css=&#8221;.vc_custom_1614949002611{padding-top: 150px !important;padding-bottom: 150px !important;background-image: url(https:\/\/disposervice.com\/wp-content\/uploads\/2021\/01\/become-partner.jpg?id=13900) !important;background-position: center !important;background-repeat: no-repeat !important;background-size: cover !important;}&#8221; el_class=&#8221;text-center st-become-banner&#8221;][vc_column][vc_column_text] Kas soovite oma kaubikuga t\u00f6\u00f6tades rohkem teenida? Registreeri meiega ning saa koheselt uusi broneeringuid\/p\u00e4ringuid. [\/vc_column_text][vc_column_text]Registreeru kohe[\/vc_column_text][\/vc_column][\/vc_row][vc_row][vc_column][vc_empty_space height=&#8221;45px&#8221;][vc_column_text] Kuidas see t\u00f6\u00f6tab? [\/vc_column_text][vc_empty_space height=&#8221;10px&#8221;][\/vc_column][\/vc_row][vc_row el_class=&#8221;st-number-box&#8221;][vc_column width=&#8221;1\/3&#8243;][vc_row_inner][vc_column_inner width=&#8221;1\/4&#8243;][vc_column_text el_class=&#8221;st-number-circle&#8221;]1[\/vc_column_text][\/vc_column_inner][vc_column_inner width=&#8221;3\/4&#8243;][vc_column_text] Registreeri Registreeri ja lae \u00fclesse k\u00f5ik vajalikud dokumendid.[\/vc_column_text][\/vc_column_inner][\/vc_row_inner][\/vc_column][vc_column width=&#8221;1\/3&#8243;][vc_row_inner][vc_column_inner width=&#8221;1\/4&#8243;][vc_column_text el_class=&#8221;st-number-circle&#8221;]2[\/vc_column_text][\/vc_column_inner][vc_column_inner [&hellip;]<\/p>\n","protected":false},"author":1,"featured_media":0,"parent":0,"menu_order":0,"comment_status":"closed","ping_status":"closed","template":"template-home-modern.php","meta":[],"_links":{"self":[{"href":"https:\/\/disposervice.com\/et\/wp-json\/wp\/v2\/pages\/12485"}],"collection":[{"href":"https:\/\/disposervice.com\/et\/wp-json\/wp\/v2\/pages"}],"about":[{"href":"https:\/\/disposervice.com\/et\/wp-json\/wp\/v2\/types\/page"}],"author":[{"embeddable":true,"href":"https:\/\/disposervice.com\/et\/wp-json\/wp\/v2\/users\/1"}],"replies":[{"embeddable":true,"href":"https:\/\/disposervice.com\/et\/wp-json\/wp\/v2\/comments?post=12485"}],"version-history":[{"count":6,"href":"https:\/\/disposervice.com\/et\/wp-json\/wp\/v2\/pages\/12485\/revisions"}],"predecessor-version":[{"id":14822,"href":"https:\/\/disposervice.com\/et\/wp-json\/wp\/v2\/pages\/12485\/revisions\/14822"}],"wp:attachment":[{"href":"https:\/\/disposervice.com\/et\/wp-json\/wp\/v2\/media?parent=12485"}],"curies":[{"name":"wp","href":"https:\/\/api.w.org\/{rel}","templated":true}]}}