{"id":11500,"date":"2021-01-25T16:21:49","date_gmt":"2021-01-25T14:21:49","guid":{"rendered":"https:\/\/dispocars.com\/meist\/"},"modified":"2021-03-15T10:51:07","modified_gmt":"2021-03-15T08:51:07","slug":"meist","status":"publish","type":"page","link":"https:\/\/disposervice.com\/et\/meist\/","title":{"rendered":"Meist"},"content":{"rendered":"<p>[vc_row][vc_column][vc_empty_space height=&#8221;60px&#8221;][\/vc_column][\/vc_row][vc_row][vc_column width=&#8221;1\/2&#8243;][vc_single_image image=&#8221;14522&#8243; img_size=&#8221;full&#8221; alignment=&#8221;center&#8221; css_animation=&#8221;none&#8221;][vc_column_text el_class=&#8221;st-aboutus-title&#8221;]<\/p>\n<h3>Meie lugu<\/h3>\n<p>[\/vc_column_text][vc_column_text el_class=&#8221;st-aboutus-content&#8221;]DispoService on saamas maailma suurimaks kaubikute ja pakisaadetiste andmebaasiks. K\u00f5iki kohalike teenusepakkujate sisestatud andmeid levitatakse mitmel viisil \u00fcle kogu maailma, et aidata inimestel igap\u00e4evaste tarnete ja rahvusvaheliste pakisaadetiste taotlustega j\u00f5uda m\u00f5ne sekundi jooksul mis tahes maailma nurka.<\/p>\n<p>DispoService on uus kaubam\u00e4rk, mille on loonud OsaBusi meeskond aastal 2020. Kindla t\u00f6\u00f6stustaustaga professionaalide meeskond alates 2013. aastast.[\/vc_column_text][vc_empty_space height=&#8221;30px&#8221;][\/vc_column][vc_column width=&#8221;1\/2&#8243;][vc_single_image image=&#8221;10007&#8243; img_size=&#8221;full&#8221; alignment=&#8221;center&#8221;][vc_column_text el_class=&#8221;st-aboutus-title&#8221;]<\/p>\n<h3>Meie missioon<\/h3>\n<p>[\/vc_column_text][vc_column_text el_class=&#8221;st-aboutus-content&#8221;]Ehitame Euroopa suurimat logistikaettev\u00f5tete kogukonda. Tehnoloogia abil saame aidata oma partneritel oma \u00e4ri laiendada ja \u00fchenduse luua \u00fclemaailmsete jaotuss\u00fcsteemidega, et rohkem broneerida ja h\u00f5lbustada liikuvust.<\/p>\n<p>Liituge meie s\u00fcsteemiga kas kliendi v\u00f5i partnerina ja kogege tehnoloogia j\u00f5udu.[\/vc_column_text][vc_empty_space height=&#8221;30px&#8221;][\/vc_column][\/vc_row][vc_row][vc_column][vc_empty_space height=&#8221;20px&#8221;]<div class=\"st-list-statistic\"><div class=\"row\">            <div class=\"col-md-3 col-sm-6\">\n                <div class=\"item-wrapper\">\n                    <div class=\"item\">\n                        <div class=\"front\">\n                            <div class=\"inner\">\n                                <h4>10k+<\/h4>\n                                <p class=\"sub-text\">Partnerid                   <\/p>\n                            <\/div>\n                        <\/div>\n                        <div class=\"end\">\n                            <p class=\"desc\">\u00dcle 10000 partneri kogu maailmas.<\/p>\n                        <\/div>\n                    <\/div>\n                <\/div>\n            <\/div>\n                        <div class=\"col-md-3 col-sm-6\">\n                <div class=\"item-wrapper\">\n                    <div class=\"item\">\n                        <div class=\"front\">\n                            <div class=\"inner\">\n                                <h4>900+<\/h4>\n                                <p class=\"sub-text\">Lennujaamad<\/p>\n                            <\/div>\n                        <\/div>\n                        <div class=\"end\">\n                            <p class=\"desc\">Lennujaama transfeeriteenused \u00fcle kogu maailma.<\/p>\n                        <\/div>\n                    <\/div>\n                <\/div>\n            <\/div>\n                        <div class=\"col-md-3 col-sm-6\">\n                <div class=\"item-wrapper\">\n                    <div class=\"item\">\n                        <div class=\"front\">\n                            <div class=\"inner\">\n                                <h4>1200+<\/h4>\n                                <p class=\"sub-text\">Sihtkohad                    <\/p>\n                            <\/div>\n                        <\/div>\n                        <div class=\"end\">\n                            <p class=\"desc\">\u00dcksk\u00f5ik kuhu ka ei l\u00e4heks, DispoCars on teie jaoks.<\/p>\n                        <\/div>\n                    <\/div>\n                <\/div>\n            <\/div>\n                        <div class=\"col-md-3 col-sm-6\">\n                <div class=\"item-wrapper\">\n                    <div class=\"item\">\n                        <div class=\"front\">\n                            <div class=\"inner\">\n                                <h4>150+<\/h4>\n                                <p class=\"sub-text\">Riigid                         <\/p>\n                            <\/div>\n                        <\/div>\n                        <div class=\"end\">\n                            <p class=\"desc\">Meie teenused on saadaval k\u00f5ikjal maailmas.<\/p>\n                        <\/div>\n                    <\/div>\n                <\/div>\n            <\/div>\n            <\/div><\/div>[vc_empty_space height=&#8221;65px&#8221;]<div class=\"st-aboutus-info\">\n        <p class=\"message\">\"Kliendina v\u00f5ite vaid \u00fche taotlusega j\u00f5uda k\u00f5igi oma huvipakkuvate kohalike teenusepakkujateni, kohapeal oma riigis v\u00f5i mujal maailmas. Esitage taotlus kas meie veebisaidi v\u00f5i meie t\u00e4iustatud mobiilirakenduste kaudu. Partnerina saate nautida t\u00f6\u00f6vabadust ja n\u00f5ustuda ainult teie vajadustele k\u00f5ige paremini sobivate reservatsioonide ja taotlustega. Saate rohkem \u00e4ri kui kunagi varem.\"<\/p>\n        <img src=\"https:\/\/disposervice.com\/wp-content\/uploads\/2021\/01\/Foto_Oskars-vienads.jpg\" alt=\"\"\/>            <p class=\"name\">Oskars L\u016bsis<\/p>\n                <p class=\"pos\">CEO<\/p>\n    <\/div>[vc_empty_space height=&#8221;65px&#8221;][\/vc_column][\/vc_row]<\/p>\n","protected":false},"excerpt":{"rendered":"<p>[vc_row][vc_column][vc_empty_space height=&#8221;60px&#8221;][\/vc_column][\/vc_row][vc_row][vc_column width=&#8221;1\/2&#8243;][vc_single_image image=&#8221;14522&#8243; img_size=&#8221;full&#8221; alignment=&#8221;center&#8221; css_animation=&#8221;none&#8221;][vc_column_text el_class=&#8221;st-aboutus-title&#8221;] Meie lugu [\/vc_column_text][vc_column_text el_class=&#8221;st-aboutus-content&#8221;]DispoService on saamas maailma suurimaks kaubikute ja pakisaadetiste andmebaasiks. K\u00f5iki kohalike teenusepakkujate sisestatud andmeid levitatakse mitmel viisil \u00fcle kogu maailma, et aidata inimestel igap\u00e4evaste tarnete ja rahvusvaheliste pakisaadetiste taotlustega j\u00f5uda m\u00f5ne sekundi jooksul mis tahes maailma nurka. DispoService on uus kaubam\u00e4rk, mille on loonud [&hellip;]<\/p>\n","protected":false},"author":1,"featured_media":11175,"parent":0,"menu_order":0,"comment_status":"closed","ping_status":"closed","template":"template-home-modern.php","meta":[],"_links":{"self":[{"href":"https:\/\/disposervice.com\/et\/wp-json\/wp\/v2\/pages\/11500"}],"collection":[{"href":"https:\/\/disposervice.com\/et\/wp-json\/wp\/v2\/pages"}],"about":[{"href":"https:\/\/disposervice.com\/et\/wp-json\/wp\/v2\/types\/page"}],"author":[{"embeddable":true,"href":"https:\/\/disposervice.com\/et\/wp-json\/wp\/v2\/users\/1"}],"replies":[{"embeddable":true,"href":"https:\/\/disposervice.com\/et\/wp-json\/wp\/v2\/comments?post=11500"}],"version-history":[{"count":13,"href":"https:\/\/disposervice.com\/et\/wp-json\/wp\/v2\/pages\/11500\/revisions"}],"predecessor-version":[{"id":14840,"href":"https:\/\/disposervice.com\/et\/wp-json\/wp\/v2\/pages\/11500\/revisions\/14840"}],"wp:featuredmedia":[{"embeddable":true,"href":"https:\/\/disposervice.com\/et\/wp-json\/wp\/v2\/media\/11175"}],"wp:attachment":[{"href":"https:\/\/disposervice.com\/et\/wp-json\/wp\/v2\/media?parent=11500"}],"curies":[{"name":"wp","href":"https:\/\/api.w.org\/{rel}","templated":true}]}}