{"id":14836,"date":"2021-03-15T10:47:17","date_gmt":"2021-03-15T08:47:17","guid":{"rendered":"https:\/\/disposervice.com\/ueber-uns\/"},"modified":"2021-03-15T10:57:10","modified_gmt":"2021-03-15T08:57:10","slug":"ueber-uns","status":"publish","type":"page","link":"https:\/\/disposervice.com\/de\/ueber-uns\/","title":{"rendered":"\u00dcber uns"},"content":{"rendered":"<p>[vc_row][vc_column][vc_empty_space height=&#8220;60px&#8220;][\/vc_column][\/vc_row][vc_row][vc_column width=&#8220;1\/2&#8243;][vc_single_image image=&#8220;14519&#8243; img_size=&#8220;full&#8220; alignment=&#8220;center&#8220; css_animation=&#8220;none&#8220;][vc_column_text el_class=&#8220;st-aboutus-title&#8220;]<\/p>\n<h3>Unsere Geschichte<\/h3>\n<p>[\/vc_column_text][vc_column_text el_class=&#8220;st-aboutus-content&#8220;]DispoService wird zur weltweit gr\u00f6\u00dften Datenbank f\u00fcr Lieferwagen und Paketversand. Alle von lokalen Dienstleistern eingegebenen Daten werden auf vielf\u00e4ltige Weise auf der ganzen Welt verteilt, damit Menschen bei ihren t\u00e4glichen Zustellanfragen und internationalen Paketversandanfragen in Sekundenschnelle jeden Teil der Welt erreichen k\u00f6nnen.<\/p>\n<p>DispoService ist eine neue Marke, die 2020 vom OsaBus-Team gegr\u00fcndet wurde. Ein Team von Fachleuten mit einem soliden Branchenhintergrund seit 2013.[\/vc_column_text][vc_empty_space height=&#8220;30px&#8220;][\/vc_column][vc_column width=&#8220;1\/2&#8243;][vc_single_image image=&#8220;10007&#8243; img_size=&#8220;full&#8220; alignment=&#8220;center&#8220;][vc_column_text el_class=&#8220;st-aboutus-title&#8220;]<\/p>\n<h3>Unsere Aufgabe<\/h3>\n<p>[\/vc_column_text][vc_column_text el_class=&#8220;st-aboutus-content&#8220;]Wir bauen die gr\u00f6\u00dfte Community von Logistikunternehmen in Europa auf. Mithilfe von Technologie k\u00f6nnen wir unseren Partnern helfen, ihr Gesch\u00e4ft auszubauen und sich mit globalen Vertriebssystemen zu verbinden, um mehr Buchungen und eine einfachere Mobilit\u00e4t zu erreichen.<\/p>\n<p>Treten Sie unserem System entweder als Kunde oder als Partner bei und erleben Sie die Kraft der Technologie.[\/vc_column_text][vc_empty_space height=&#8220;30px&#8220;][\/vc_column][\/vc_row][vc_row][vc_column][vc_empty_space height=&#8220;20px&#8220;]<div class=\"st-list-statistic\"><div class=\"row\">            <div class=\"col-md-3 col-sm-6\">\n                <div class=\"item-wrapper\">\n                    <div class=\"item\">\n                        <div class=\"front\">\n                            <div class=\"inner\">\n                                <h4>2k+<\/h4>\n                                <p class=\"sub-text\">Partner<\/p>\n                            <\/div>\n                        <\/div>\n                        <div class=\"end\">\n                            <p class=\"desc\">Mehr als 2000 Partner in ganz Europa.<\/p>\n                        <\/div>\n                    <\/div>\n                <\/div>\n            <\/div>\n                        <div class=\"col-md-3 col-sm-6\">\n                <div class=\"item-wrapper\">\n                    <div class=\"item\">\n                        <div class=\"front\">\n                            <div class=\"inner\">\n                                <h4>150+<\/h4>\n                                <p class=\"sub-text\">St\u00e4dte<\/p>\n                            <\/div>\n                        <\/div>\n                        <div class=\"end\">\n                            <p class=\"desc\">DispoService bietet Dienstleistungen in ganz Europa an.<\/p>\n                        <\/div>\n                    <\/div>\n                <\/div>\n            <\/div>\n                        <div class=\"col-md-3 col-sm-6\">\n                <div class=\"item-wrapper\">\n                    <div class=\"item\">\n                        <div class=\"front\">\n                            <div class=\"inner\">\n                                <h4>700+<\/h4>\n                                <p class=\"sub-text\">Ziele<\/p>\n                            <\/div>\n                        <\/div>\n                        <div class=\"end\">\n                            <p class=\"desc\">Egal wohin Sie gehen, DispoService ist f\u00fcr Sie da.<\/p>\n                        <\/div>\n                    <\/div>\n                <\/div>\n            <\/div>\n                        <div class=\"col-md-3 col-sm-6\">\n                <div class=\"item-wrapper\">\n                    <div class=\"item\">\n                        <div class=\"front\">\n                            <div class=\"inner\">\n                                <h4>28+<\/h4>\n                                <p class=\"sub-text\">L\u00e4nder<\/p>\n                            <\/div>\n                        <\/div>\n                        <div class=\"end\">\n                            <p class=\"desc\">Unsere Dienstleistungen sind europaweit verf\u00fcgbar.<\/p>\n                        <\/div>\n                    <\/div>\n                <\/div>\n            <\/div>\n            <\/div><\/div>[vc_empty_space height=&#8220;65px&#8220;]<div class=\"st-aboutus-info\">\n        <p class=\"message\">\"Als Kunde k\u00f6nnen Sie mit nur einer Anfrage alle lokalen Dienstleister Ihres Interesses vor Ort in Ihrem Land oder anderswo auf der Welt erreichen. Stellen Sie eine Anfrage entweder \u00fcber unsere Website oder unsere erweiterten mobilen Apps. Als Partner k\u00f6nnen Sie die Arbeitsfreiheit genie\u00dfen und nur die Reservierungen und Anfragen annehmen, die Ihren Anforderungen am besten entsprechen. Erhalten Sie mehr Gesch\u00e4fte als je zuvor.\"<\/p>\n        <img src=\"https:\/\/disposervice.com\/wp-content\/uploads\/2021\/01\/Foto_Oskars-vienads.jpg\" alt=\"\"\/>            <p class=\"name\">Oskars L\u016bsis<\/p>\n                <p class=\"pos\">CEO<\/p>\n    <\/div>[vc_empty_space height=&#8220;65px&#8220;][\/vc_column][\/vc_row]<\/p>\n","protected":false},"excerpt":{"rendered":"<p>[vc_row][vc_column][vc_empty_space height=&#8220;60px&#8220;][\/vc_column][\/vc_row][vc_row][vc_column width=&#8220;1\/2&#8243;][vc_single_image image=&#8220;14519&#8243; img_size=&#8220;full&#8220; alignment=&#8220;center&#8220; css_animation=&#8220;none&#8220;][vc_column_text el_class=&#8220;st-aboutus-title&#8220;] Unsere Geschichte [\/vc_column_text][vc_column_text el_class=&#8220;st-aboutus-content&#8220;]DispoService wird zur weltweit gr\u00f6\u00dften Datenbank f\u00fcr Lieferwagen und Paketversand. Alle von lokalen Dienstleistern eingegebenen Daten werden auf vielf\u00e4ltige Weise auf der ganzen Welt verteilt, damit Menschen bei ihren t\u00e4glichen Zustellanfragen und internationalen Paketversandanfragen in Sekundenschnelle jeden Teil der Welt erreichen k\u00f6nnen. DispoService ist [&hellip;]<\/p>\n","protected":false},"author":1,"featured_media":0,"parent":0,"menu_order":0,"comment_status":"closed","ping_status":"closed","template":"template-home-modern.php","meta":[],"_links":{"self":[{"href":"https:\/\/disposervice.com\/de\/wp-json\/wp\/v2\/pages\/14836"}],"collection":[{"href":"https:\/\/disposervice.com\/de\/wp-json\/wp\/v2\/pages"}],"about":[{"href":"https:\/\/disposervice.com\/de\/wp-json\/wp\/v2\/types\/page"}],"author":[{"embeddable":true,"href":"https:\/\/disposervice.com\/de\/wp-json\/wp\/v2\/users\/1"}],"replies":[{"embeddable":true,"href":"https:\/\/disposervice.com\/de\/wp-json\/wp\/v2\/comments?post=14836"}],"version-history":[{"count":4,"href":"https:\/\/disposervice.com\/de\/wp-json\/wp\/v2\/pages\/14836\/revisions"}],"predecessor-version":[{"id":14842,"href":"https:\/\/disposervice.com\/de\/wp-json\/wp\/v2\/pages\/14836\/revisions\/14842"}],"wp:attachment":[{"href":"https:\/\/disposervice.com\/de\/wp-json\/wp\/v2\/media?parent=14836"}],"curies":[{"name":"wp","href":"https:\/\/api.w.org\/{rel}","templated":true}]}}